{"id":1498,"date":"2025-11-26T22:41:09","date_gmt":"2025-11-26T22:41:09","guid":{"rendered":"https:\/\/audiobook-24.com\/?post_type=product&#038;p=1498"},"modified":"2025-11-26T22:41:09","modified_gmt":"2025-11-26T22:41:09","slug":"%f0%9f%8e%a7-hoerspiel-tkkg-verrat-im-hoellental-%f0%9f%8e%a7","status":"publish","type":"product","link":"https:\/\/audiobook-24.com\/en\/product\/%f0%9f%8e%a7-hoerspiel-tkkg-verrat-im-hoellental-%f0%9f%8e%a7\/","title":{"rendered":"\ud83c\udfa7 H\u00f6rspiel: TKKG \u2013 Verrat im H\u00f6llental \ud83c\udfa7"},"content":{"rendered":"<p data-start=\"78\" data-end=\"126\">\ud83c\udfa7 H\u00f6rspiel: <strong data-start=\"91\" data-end=\"121\">TKKG \u2013 Verrat im H\u00f6llental<\/strong> \ud83c\udfa7<\/p>\n<p data-start=\"128\" data-end=\"458\">\u26f0\ufe0f\ud83d\udd75\ufe0f\u200d\u2642\ufe0f Ein spannendes Abenteuer f\u00fcr TKKG!<br data-start=\"171\" data-end=\"174\" \/>Tim, Karl, Kl\u00f6\u00dfchen und Gaby verschl\u00e4gt es ins abgelegene H\u00f6llental \u2013 ein Ort, an dem sich finstere Pl\u00e4ne und Geheimnisse verstecken. Ein Verr\u00e4ter zieht im Hintergrund die F\u00e4den, w\u00e4hrend die Freunde versuchen, eine drohende Katastrophe zu verhindern und Licht ins Dunkel zu bringen.<\/p>\n<p data-start=\"460\" data-end=\"544\">Ein H\u00f6rspiel voller Spannung, Gefahr und cleverer Ermittlungen \u2013 TKKG in Bestform!<\/p>\n<p data-start=\"546\" data-end=\"745\">\ud83c\udfa7 Format: MP3<br data-start=\"560\" data-end=\"563\" \/>\ud83d\udcb3 Nach Bezahlung:<br data-start=\"581\" data-end=\"584\" \/>\ud83d\udcf1 Sofortiger Download f\u00fcrs Handy<br data-start=\"617\" data-end=\"620\" \/>\ud83d\udcbb Sofortiger Download f\u00fcr PC<br data-start=\"649\" data-end=\"652\" \/>\ud83d\udda5\ufe0f Sofortiger Download f\u00fcrs Tablet<br data-start=\"687\" data-end=\"690\" \/>\ud83c\udfa7 Sofortiger Download als MP3 f\u00fcr jedes Abspielger\u00e4t<\/p>\n<p data-start=\"747\" data-end=\"788\">\ud83d\udca5 Einmal gekauft \u2013 f\u00fcr immer deins! \ud83d\udca5<\/p>","protected":false},"excerpt":{"rendered":"<p>\ud83c\udfa7 H\u00f6rspiel: TKKG \u2013 Verrat im H\u00f6llental \ud83c\udfa7 \u26f0\ufe0f\ud83d\udd75\ufe0f\u200d\u2642\ufe0f Ein spannendes Abenteuer f\u00fcr TKKG!Tim, Karl, Kl\u00f6\u00dfchen und Gaby verschl\u00e4gt es ins abgelegene H\u00f6llental \u2013 ein Ort, an dem sich finstere Pl\u00e4ne und Geheimnisse verstecken. Ein Verr\u00e4ter zieht im Hintergrund die F\u00e4den, w\u00e4hrend die Freunde versuchen, eine drohende Katastrophe zu verhindern und Licht ins Dunkel zu [&hellip;]<\/p>\n","protected":false},"featured_media":1499,"comment_status":"open","ping_status":"closed","template":"","meta":[],"product_brand":[],"product_cat":[35],"product_tag":[],"class_list":{"0":"post-1498","1":"product","2":"type-product","3":"status-publish","4":"has-post-thumbnail","6":"product_cat-hoerspiel-tkkg","8":"first","9":"instock","10":"sale","11":"virtual","12":"purchasable","13":"product-type-simple"},"jetpack_sharing_enabled":true,"_links":{"self":[{"href":"https:\/\/audiobook-24.com\/en\/wp-json\/wp\/v2\/product\/1498","targetHints":{"allow":["GET"]}}],"collection":[{"href":"https:\/\/audiobook-24.com\/en\/wp-json\/wp\/v2\/product"}],"about":[{"href":"https:\/\/audiobook-24.com\/en\/wp-json\/wp\/v2\/types\/product"}],"replies":[{"embeddable":true,"href":"https:\/\/audiobook-24.com\/en\/wp-json\/wp\/v2\/comments?post=1498"}],"wp:featuredmedia":[{"embeddable":true,"href":"https:\/\/audiobook-24.com\/en\/wp-json\/wp\/v2\/media\/1499"}],"wp:attachment":[{"href":"https:\/\/audiobook-24.com\/en\/wp-json\/wp\/v2\/media?parent=1498"}],"wp:term":[{"taxonomy":"product_brand","embeddable":true,"href":"https:\/\/audiobook-24.com\/en\/wp-json\/wp\/v2\/product_brand?post=1498"},{"taxonomy":"product_cat","embeddable":true,"href":"https:\/\/audiobook-24.com\/en\/wp-json\/wp\/v2\/product_cat?post=1498"},{"taxonomy":"product_tag","embeddable":true,"href":"https:\/\/audiobook-24.com\/en\/wp-json\/wp\/v2\/product_tag?post=1498"}],"curies":[{"name":"wp","href":"https:\/\/api.w.org\/{rel}","templated":true}]}}