{"id":1494,"date":"2025-11-26T17:31:16","date_gmt":"2025-11-26T17:31:16","guid":{"rendered":"https:\/\/audiobook-24.com\/?post_type=product&#038;p=1494"},"modified":"2025-11-26T17:31:17","modified_gmt":"2025-11-26T17:31:17","slug":"%f0%9f%8e%a7-hoerspiel-tkkg-das-geiseldrama-%f0%9f%8e%a7","status":"publish","type":"product","link":"https:\/\/audiobook-24.com\/en\/product\/%f0%9f%8e%a7-hoerspiel-tkkg-das-geiseldrama-%f0%9f%8e%a7\/","title":{"rendered":"\ud83c\udfa7 H\u00f6rspiel: TKKG \u2013 Das Geiseldrama \ud83c\udfa7"},"content":{"rendered":"<p data-start=\"74\" data-end=\"118\">\ud83c\udfa7 H\u00f6rspiel: <strong data-start=\"87\" data-end=\"113\">TKKG \u2013 Das Geiseldrama<\/strong> \ud83c\udfa7<\/p>\n<p data-start=\"120\" data-end=\"372\">\ud83d\udea8\ud83d\udd75\ufe0f\u200d\u2642\ufe0f Ein spannendes Abenteuer f\u00fcr TKKG!<br data-start=\"163\" data-end=\"166\" \/>Tim, Karl, Kl\u00f6\u00dfchen und Gaby geraten mitten in ein gef\u00e4hrliches Geiseldrama. Mit Mut, K\u00f6pfchen und Teamarbeit versuchen sie, die T\u00e4ter zu stoppen, die Geiseln zu retten und das drohende Unheil abzuwenden.<\/p>\n<p data-start=\"374\" data-end=\"464\">Ein H\u00f6rspiel voller Spannung, Nervenkitzel und cleverer Ermittlungen \u2013 TKKG in Bestform!<\/p>\n<p data-start=\"466\" data-end=\"665\">\ud83c\udfa7 Format: MP3<br data-start=\"480\" data-end=\"483\" \/>\ud83d\udcb3 Nach Bezahlung:<br data-start=\"501\" data-end=\"504\" \/>\ud83d\udcf1 Sofortiger Download f\u00fcrs Handy<br data-start=\"537\" data-end=\"540\" \/>\ud83d\udcbb Sofortiger Download f\u00fcr PC<br data-start=\"569\" data-end=\"572\" \/>\ud83d\udda5\ufe0f Sofortiger Download f\u00fcrs Tablet<br data-start=\"607\" data-end=\"610\" \/>\ud83c\udfa7 Sofortiger Download als MP3 f\u00fcr jedes Abspielger\u00e4t<\/p>\n<p data-start=\"667\" data-end=\"708\">\ud83d\udca5 Einmal gekauft \u2013 f\u00fcr immer deins! \ud83d\udca5<\/p>","protected":false},"excerpt":{"rendered":"<p>\ud83c\udfa7 H\u00f6rspiel: TKKG \u2013 Das Geiseldrama \ud83c\udfa7 \ud83d\udea8\ud83d\udd75\ufe0f\u200d\u2642\ufe0f Ein spannendes Abenteuer f\u00fcr TKKG!Tim, Karl, Kl\u00f6\u00dfchen und Gaby geraten mitten in ein gef\u00e4hrliches Geiseldrama. Mit Mut, K\u00f6pfchen und Teamarbeit versuchen sie, die T\u00e4ter zu stoppen, die Geiseln zu retten und das drohende Unheil abzuwenden. Ein H\u00f6rspiel voller Spannung, Nervenkitzel und cleverer Ermittlungen \u2013 TKKG in Bestform! [&hellip;]<\/p>\n","protected":false},"featured_media":1495,"comment_status":"open","ping_status":"closed","template":"","meta":[],"product_brand":[],"product_cat":[35],"product_tag":[],"class_list":{"0":"post-1494","1":"product","2":"type-product","3":"status-publish","4":"has-post-thumbnail","6":"product_cat-hoerspiel-tkkg","8":"first","9":"instock","10":"sale","11":"virtual","12":"purchasable","13":"product-type-simple"},"jetpack_sharing_enabled":true,"_links":{"self":[{"href":"https:\/\/audiobook-24.com\/en\/wp-json\/wp\/v2\/product\/1494","targetHints":{"allow":["GET"]}}],"collection":[{"href":"https:\/\/audiobook-24.com\/en\/wp-json\/wp\/v2\/product"}],"about":[{"href":"https:\/\/audiobook-24.com\/en\/wp-json\/wp\/v2\/types\/product"}],"replies":[{"embeddable":true,"href":"https:\/\/audiobook-24.com\/en\/wp-json\/wp\/v2\/comments?post=1494"}],"wp:featuredmedia":[{"embeddable":true,"href":"https:\/\/audiobook-24.com\/en\/wp-json\/wp\/v2\/media\/1495"}],"wp:attachment":[{"href":"https:\/\/audiobook-24.com\/en\/wp-json\/wp\/v2\/media?parent=1494"}],"wp:term":[{"taxonomy":"product_brand","embeddable":true,"href":"https:\/\/audiobook-24.com\/en\/wp-json\/wp\/v2\/product_brand?post=1494"},{"taxonomy":"product_cat","embeddable":true,"href":"https:\/\/audiobook-24.com\/en\/wp-json\/wp\/v2\/product_cat?post=1494"},{"taxonomy":"product_tag","embeddable":true,"href":"https:\/\/audiobook-24.com\/en\/wp-json\/wp\/v2\/product_tag?post=1494"}],"curies":[{"name":"wp","href":"https:\/\/api.w.org\/{rel}","templated":true}]}}