{"id":1492,"date":"2025-11-26T17:28:55","date_gmt":"2025-11-26T17:28:55","guid":{"rendered":"https:\/\/audiobook-24.com\/?post_type=product&#038;p=1492"},"modified":"2025-11-26T17:28:56","modified_gmt":"2025-11-26T17:28:56","slug":"%f0%9f%8e%a7-hoerspiel-tkkg-die-stunde-der-schwarzen-maske-%f0%9f%8e%a7","status":"publish","type":"product","link":"https:\/\/audiobook-24.com\/en\/product\/%f0%9f%8e%a7-hoerspiel-tkkg-die-stunde-der-schwarzen-maske-%f0%9f%8e%a7\/","title":{"rendered":"\ud83c\udfa7 H\u00f6rspiel: TKKG \u2013 Die Stunde der schwarzen Maske \ud83c\udfa7"},"content":{"rendered":"<p data-start=\"89\" data-end=\"148\">\ud83c\udfa7 H\u00f6rspiel: <strong data-start=\"102\" data-end=\"143\">TKKG \u2013 Die Stunde der schwarzen Maske<\/strong> \ud83c\udfa7<\/p>\n<p data-start=\"150\" data-end=\"481\">\ud83c\udfad\ud83d\udd75\ufe0f\u200d\u2642\ufe0f Ein spannendes Abenteuer f\u00fcr TKKG!<br data-start=\"193\" data-end=\"196\" \/>Tim, Karl, Kl\u00f6\u00dfchen und Gaby stehen einem geheimnisvollen Verbrecher gegen\u00fcber: der schwarzen Maske. Mit gef\u00e4hrlichen Pl\u00e4nen und mysteri\u00f6sen Intrigen bedroht er die Stadt. Nur mit Mut, Cleverness und Teamgeist k\u00f6nnen unsere Freunde die Machenschaften aufdecken und die Gefahr bannen.<\/p>\n<p data-start=\"483\" data-end=\"573\">Ein H\u00f6rspiel voller Nervenkitzel, Spannung und cleverer Ermittlungen \u2013 TKKG in Bestform!<\/p>\n<p data-start=\"575\" data-end=\"774\">\ud83c\udfa7 Format: MP3<br data-start=\"589\" data-end=\"592\" \/>\ud83d\udcb3 Nach Bezahlung:<br data-start=\"610\" data-end=\"613\" \/>\ud83d\udcf1 Sofortiger Download f\u00fcrs Handy<br data-start=\"646\" data-end=\"649\" \/>\ud83d\udcbb Sofortiger Download f\u00fcr PC<br data-start=\"678\" data-end=\"681\" \/>\ud83d\udda5\ufe0f Sofortiger Download f\u00fcrs Tablet<br data-start=\"716\" data-end=\"719\" \/>\ud83c\udfa7 Sofortiger Download als MP3 f\u00fcr jedes Abspielger\u00e4t<\/p>\n<p data-start=\"776\" data-end=\"817\">\ud83d\udca5 Einmal gekauft \u2013 f\u00fcr immer deins! \ud83d\udca5<\/p>","protected":false},"excerpt":{"rendered":"<p>\ud83c\udfa7 H\u00f6rspiel: TKKG \u2013 Die Stunde der schwarzen Maske \ud83c\udfa7 \ud83c\udfad\ud83d\udd75\ufe0f\u200d\u2642\ufe0f Ein spannendes Abenteuer f\u00fcr TKKG!Tim, Karl, Kl\u00f6\u00dfchen und Gaby stehen einem geheimnisvollen Verbrecher gegen\u00fcber: der schwarzen Maske. Mit gef\u00e4hrlichen Pl\u00e4nen und mysteri\u00f6sen Intrigen bedroht er die Stadt. Nur mit Mut, Cleverness und Teamgeist k\u00f6nnen unsere Freunde die Machenschaften aufdecken und die Gefahr bannen. Ein [&hellip;]<\/p>\n","protected":false},"featured_media":1493,"comment_status":"open","ping_status":"closed","template":"","meta":[],"product_brand":[],"product_cat":[35],"product_tag":[],"class_list":{"0":"post-1492","1":"product","2":"type-product","3":"status-publish","4":"has-post-thumbnail","6":"product_cat-hoerspiel-tkkg","8":"first","9":"instock","10":"sale","11":"virtual","12":"purchasable","13":"product-type-simple"},"jetpack_sharing_enabled":true,"_links":{"self":[{"href":"https:\/\/audiobook-24.com\/en\/wp-json\/wp\/v2\/product\/1492","targetHints":{"allow":["GET"]}}],"collection":[{"href":"https:\/\/audiobook-24.com\/en\/wp-json\/wp\/v2\/product"}],"about":[{"href":"https:\/\/audiobook-24.com\/en\/wp-json\/wp\/v2\/types\/product"}],"replies":[{"embeddable":true,"href":"https:\/\/audiobook-24.com\/en\/wp-json\/wp\/v2\/comments?post=1492"}],"wp:featuredmedia":[{"embeddable":true,"href":"https:\/\/audiobook-24.com\/en\/wp-json\/wp\/v2\/media\/1493"}],"wp:attachment":[{"href":"https:\/\/audiobook-24.com\/en\/wp-json\/wp\/v2\/media?parent=1492"}],"wp:term":[{"taxonomy":"product_brand","embeddable":true,"href":"https:\/\/audiobook-24.com\/en\/wp-json\/wp\/v2\/product_brand?post=1492"},{"taxonomy":"product_cat","embeddable":true,"href":"https:\/\/audiobook-24.com\/en\/wp-json\/wp\/v2\/product_cat?post=1492"},{"taxonomy":"product_tag","embeddable":true,"href":"https:\/\/audiobook-24.com\/en\/wp-json\/wp\/v2\/product_tag?post=1492"}],"curies":[{"name":"wp","href":"https:\/\/api.w.org\/{rel}","templated":true}]}}