{"id":1484,"date":"2025-11-26T17:21:40","date_gmt":"2025-11-26T17:21:40","guid":{"rendered":"https:\/\/audiobook-24.com\/?post_type=product&#038;p=1484"},"modified":"2025-11-26T17:21:40","modified_gmt":"2025-11-26T17:21:40","slug":"%f0%9f%8e%a7-hoerspiel-tkkg-die-rache-des-bombenlegers-%f0%9f%8e%a7","status":"publish","type":"product","link":"https:\/\/audiobook-24.com\/en\/product\/%f0%9f%8e%a7-hoerspiel-tkkg-die-rache-des-bombenlegers-%f0%9f%8e%a7\/","title":{"rendered":"\ud83c\udfa7 H\u00f6rspiel: TKKG \u2013 Die Rache des Bombenlegers \ud83c\udfa7"},"content":{"rendered":"<p data-start=\"85\" data-end=\"140\">\ud83c\udfa7 H\u00f6rspiel: <strong data-start=\"98\" data-end=\"135\">TKKG \u2013 Die Rache des Bombenlegers<\/strong> \ud83c\udfa7<\/p>\n<p data-start=\"142\" data-end=\"455\">\ud83d\udca3\ud83d\udd75\ufe0f\u200d\u2642\ufe0f Ein spannendes Abenteuer f\u00fcr TKKG!<br data-start=\"185\" data-end=\"188\" \/>Tim, Karl, Kl\u00f6\u00dfchen und Gaby stehen vor einem gef\u00e4hrlichen Fall: Ein Bombenleger sinnt auf Rache und bedroht die Stadt. Mit Mut, cleverer Kombinationsgabe und Teamarbeit versuchen die Freunde, die Pl\u00e4ne des T\u00e4ters zu durchkreuzen und eine Katastrophe zu verhindern.<\/p>\n<p data-start=\"457\" data-end=\"547\">Ein H\u00f6rspiel voller Nervenkitzel, Spannung und cleverer Ermittlungen \u2013 TKKG in Bestform!<\/p>\n<p data-start=\"549\" data-end=\"748\">\ud83c\udfa7 Format: MP3<br data-start=\"563\" data-end=\"566\" \/>\ud83d\udcb3 Nach Bezahlung:<br data-start=\"584\" data-end=\"587\" \/>\ud83d\udcf1 Sofortiger Download f\u00fcrs Handy<br data-start=\"620\" data-end=\"623\" \/>\ud83d\udcbb Sofortiger Download f\u00fcr PC<br data-start=\"652\" data-end=\"655\" \/>\ud83d\udda5\ufe0f Sofortiger Download f\u00fcrs Tablet<br data-start=\"690\" data-end=\"693\" \/>\ud83c\udfa7 Sofortiger Download als MP3 f\u00fcr jedes Abspielger\u00e4t<\/p>\n<p data-start=\"750\" data-end=\"791\">\ud83d\udca5 Einmal gekauft \u2013 f\u00fcr immer deins! \ud83d\udca5<\/p>","protected":false},"excerpt":{"rendered":"<p>\ud83c\udfa7 H\u00f6rspiel: TKKG \u2013 Die Rache des Bombenlegers \ud83c\udfa7 \ud83d\udca3\ud83d\udd75\ufe0f\u200d\u2642\ufe0f Ein spannendes Abenteuer f\u00fcr TKKG!Tim, Karl, Kl\u00f6\u00dfchen und Gaby stehen vor einem gef\u00e4hrlichen Fall: Ein Bombenleger sinnt auf Rache und bedroht die Stadt. Mit Mut, cleverer Kombinationsgabe und Teamarbeit versuchen die Freunde, die Pl\u00e4ne des T\u00e4ters zu durchkreuzen und eine Katastrophe zu verhindern. Ein H\u00f6rspiel [&hellip;]<\/p>\n","protected":false},"featured_media":1485,"comment_status":"open","ping_status":"closed","template":"","meta":[],"product_brand":[],"product_cat":[35],"product_tag":[],"class_list":{"0":"post-1484","1":"product","2":"type-product","3":"status-publish","4":"has-post-thumbnail","6":"product_cat-hoerspiel-tkkg","8":"first","9":"instock","10":"sale","11":"virtual","12":"purchasable","13":"product-type-simple"},"jetpack_sharing_enabled":true,"_links":{"self":[{"href":"https:\/\/audiobook-24.com\/en\/wp-json\/wp\/v2\/product\/1484","targetHints":{"allow":["GET"]}}],"collection":[{"href":"https:\/\/audiobook-24.com\/en\/wp-json\/wp\/v2\/product"}],"about":[{"href":"https:\/\/audiobook-24.com\/en\/wp-json\/wp\/v2\/types\/product"}],"replies":[{"embeddable":true,"href":"https:\/\/audiobook-24.com\/en\/wp-json\/wp\/v2\/comments?post=1484"}],"wp:featuredmedia":[{"embeddable":true,"href":"https:\/\/audiobook-24.com\/en\/wp-json\/wp\/v2\/media\/1485"}],"wp:attachment":[{"href":"https:\/\/audiobook-24.com\/en\/wp-json\/wp\/v2\/media?parent=1484"}],"wp:term":[{"taxonomy":"product_brand","embeddable":true,"href":"https:\/\/audiobook-24.com\/en\/wp-json\/wp\/v2\/product_brand?post=1484"},{"taxonomy":"product_cat","embeddable":true,"href":"https:\/\/audiobook-24.com\/en\/wp-json\/wp\/v2\/product_cat?post=1484"},{"taxonomy":"product_tag","embeddable":true,"href":"https:\/\/audiobook-24.com\/en\/wp-json\/wp\/v2\/product_tag?post=1484"}],"curies":[{"name":"wp","href":"https:\/\/api.w.org\/{rel}","templated":true}]}}