{"id":1482,"date":"2025-11-26T17:19:41","date_gmt":"2025-11-26T17:19:41","guid":{"rendered":"https:\/\/audiobook-24.com\/?post_type=product&#038;p=1482"},"modified":"2025-11-26T17:19:41","modified_gmt":"2025-11-26T17:19:41","slug":"%f0%9f%8e%a7-hoerspiel-tkkg-das-geheimnis-der-chinesischen-vase-%f0%9f%8e%a7","status":"publish","type":"product","link":"https:\/\/audiobook-24.com\/en\/product\/%f0%9f%8e%a7-hoerspiel-tkkg-das-geheimnis-der-chinesischen-vase-%f0%9f%8e%a7\/","title":{"rendered":"\ud83c\udfa7 H\u00f6rspiel: TKKG \u2013 Das Geheimnis der chinesischen Vase \ud83c\udfa7"},"content":{"rendered":"<p data-start=\"94\" data-end=\"158\">\ud83c\udfa7 H\u00f6rspiel: <strong data-start=\"107\" data-end=\"153\">TKKG \u2013 Das Geheimnis der chinesischen Vase<\/strong> \ud83c\udfa7<\/p>\n<p data-start=\"160\" data-end=\"488\">\ud83c\udffa\ud83d\udd75\ufe0f\u200d\u2642\ufe0f Ein r\u00e4tselhaftes Abenteuer f\u00fcr TKKG!<br data-start=\"205\" data-end=\"208\" \/>Tim, Karl, Kl\u00f6\u00dfchen und Gaby werden mit einer mysteri\u00f6sen chinesischen Vase konfrontiert, deren Herkunft und Wert viele Fragen aufwerfen. Gef\u00e4hrliche Machenschaften, versteckte Hinweise und cleveres Kombinieren f\u00fchren die Freunde Schritt f\u00fcr Schritt zur L\u00f6sung des Geheimnisses.<\/p>\n<p data-start=\"490\" data-end=\"577\">Ein H\u00f6rspiel voller Spannung, Abenteuer und cleverer Ermittlungen \u2013 TKKG in Bestform!<\/p>\n<p data-start=\"579\" data-end=\"778\">\ud83c\udfa7 Format: MP3<br data-start=\"593\" data-end=\"596\" \/>\ud83d\udcb3 Nach Bezahlung:<br data-start=\"614\" data-end=\"617\" \/>\ud83d\udcf1 Sofortiger Download f\u00fcrs Handy<br data-start=\"650\" data-end=\"653\" \/>\ud83d\udcbb Sofortiger Download f\u00fcr PC<br data-start=\"682\" data-end=\"685\" \/>\ud83d\udda5\ufe0f Sofortiger Download f\u00fcrs Tablet<br data-start=\"720\" data-end=\"723\" \/>\ud83c\udfa7 Sofortiger Download als MP3 f\u00fcr jedes Abspielger\u00e4t<\/p>\n<p data-start=\"780\" data-end=\"821\">\ud83d\udca5 Einmal gekauft \u2013 f\u00fcr immer deins! \ud83d\udca5<\/p>","protected":false},"excerpt":{"rendered":"<p>\ud83c\udfa7 H\u00f6rspiel: TKKG \u2013 Das Geheimnis der chinesischen Vase \ud83c\udfa7 \ud83c\udffa\ud83d\udd75\ufe0f\u200d\u2642\ufe0f Ein r\u00e4tselhaftes Abenteuer f\u00fcr TKKG!Tim, Karl, Kl\u00f6\u00dfchen und Gaby werden mit einer mysteri\u00f6sen chinesischen Vase konfrontiert, deren Herkunft und Wert viele Fragen aufwerfen. Gef\u00e4hrliche Machenschaften, versteckte Hinweise und cleveres Kombinieren f\u00fchren die Freunde Schritt f\u00fcr Schritt zur L\u00f6sung des Geheimnisses. Ein H\u00f6rspiel voller Spannung, [&hellip;]<\/p>\n","protected":false},"featured_media":1483,"comment_status":"open","ping_status":"closed","template":"","meta":[],"product_brand":[],"product_cat":[35],"product_tag":[],"class_list":{"0":"post-1482","1":"product","2":"type-product","3":"status-publish","4":"has-post-thumbnail","6":"product_cat-hoerspiel-tkkg","8":"first","9":"instock","10":"sale","11":"virtual","12":"purchasable","13":"product-type-simple"},"jetpack_sharing_enabled":true,"_links":{"self":[{"href":"https:\/\/audiobook-24.com\/en\/wp-json\/wp\/v2\/product\/1482","targetHints":{"allow":["GET"]}}],"collection":[{"href":"https:\/\/audiobook-24.com\/en\/wp-json\/wp\/v2\/product"}],"about":[{"href":"https:\/\/audiobook-24.com\/en\/wp-json\/wp\/v2\/types\/product"}],"replies":[{"embeddable":true,"href":"https:\/\/audiobook-24.com\/en\/wp-json\/wp\/v2\/comments?post=1482"}],"wp:featuredmedia":[{"embeddable":true,"href":"https:\/\/audiobook-24.com\/en\/wp-json\/wp\/v2\/media\/1483"}],"wp:attachment":[{"href":"https:\/\/audiobook-24.com\/en\/wp-json\/wp\/v2\/media?parent=1482"}],"wp:term":[{"taxonomy":"product_brand","embeddable":true,"href":"https:\/\/audiobook-24.com\/en\/wp-json\/wp\/v2\/product_brand?post=1482"},{"taxonomy":"product_cat","embeddable":true,"href":"https:\/\/audiobook-24.com\/en\/wp-json\/wp\/v2\/product_cat?post=1482"},{"taxonomy":"product_tag","embeddable":true,"href":"https:\/\/audiobook-24.com\/en\/wp-json\/wp\/v2\/product_tag?post=1482"}],"curies":[{"name":"wp","href":"https:\/\/api.w.org\/{rel}","templated":true}]}}