{"id":1478,"date":"2025-11-26T16:28:13","date_gmt":"2025-11-26T16:28:13","guid":{"rendered":"https:\/\/audiobook-24.com\/?post_type=product&#038;p=1478"},"modified":"2025-11-26T16:28:13","modified_gmt":"2025-11-26T16:28:13","slug":"%f0%9f%8e%a7-hoerspiel-tkkg-x7-antwortet-nicht-%f0%9f%8e%a7","status":"publish","type":"product","link":"https:\/\/audiobook-24.com\/en\/product\/%f0%9f%8e%a7-hoerspiel-tkkg-x7-antwortet-nicht-%f0%9f%8e%a7\/","title":{"rendered":"\ud83c\udfa7 H\u00f6rspiel: TKKG \u2013 X7 antwortet nicht \ud83c\udfa7"},"content":{"rendered":"<p data-start=\"77\" data-end=\"124\">\ud83c\udfa7 H\u00f6rspiel: <strong data-start=\"90\" data-end=\"119\">TKKG \u2013 X7 antwortet nicht<\/strong> \ud83c\udfa7<\/p>\n<p data-start=\"126\" data-end=\"409\">\ud83d\udce1\ud83d\udd75\ufe0f\u200d\u2642\ufe0f Ein spannendes Abenteuer f\u00fcr TKKG!<br data-start=\"169\" data-end=\"172\" \/>Ein geheimes Funkger\u00e4t mit der Kennung X7 schweigt pl\u00f6tzlich, und Tim, Karl, Kl\u00f6\u00dfchen und Gaby m\u00fcssen herausfinden, was dahintersteckt. Drohende Gefahren, mysteri\u00f6se Hinweise und ein cleveres Katz-und-Maus-Spiel erwarten unsere Helden.<\/p>\n<p data-start=\"411\" data-end=\"502\">Ein H\u00f6rspiel voller Nervenkitzel, Abenteuer und cleverer Ermittlungen \u2013 TKKG in Bestform!<\/p>\n<p data-start=\"504\" data-end=\"703\">\ud83c\udfa7 Format: MP3<br data-start=\"518\" data-end=\"521\" \/>\ud83d\udcb3 Nach Bezahlung:<br data-start=\"539\" data-end=\"542\" \/>\ud83d\udcf1 Sofortiger Download f\u00fcrs Handy<br data-start=\"575\" data-end=\"578\" \/>\ud83d\udcbb Sofortiger Download f\u00fcr PC<br data-start=\"607\" data-end=\"610\" \/>\ud83d\udda5\ufe0f Sofortiger Download f\u00fcrs Tablet<br data-start=\"645\" data-end=\"648\" \/>\ud83c\udfa7 Sofortiger Download als MP3 f\u00fcr jedes Abspielger\u00e4t<\/p>\n<p data-start=\"705\" data-end=\"746\">\ud83d\udca5 Einmal gekauft \u2013 f\u00fcr immer deins! \ud83d\udca5<\/p>","protected":false},"excerpt":{"rendered":"<p>\ud83c\udfa7 H\u00f6rspiel: TKKG \u2013 X7 antwortet nicht \ud83c\udfa7 \ud83d\udce1\ud83d\udd75\ufe0f\u200d\u2642\ufe0f Ein spannendes Abenteuer f\u00fcr TKKG!Ein geheimes Funkger\u00e4t mit der Kennung X7 schweigt pl\u00f6tzlich, und Tim, Karl, Kl\u00f6\u00dfchen und Gaby m\u00fcssen herausfinden, was dahintersteckt. Drohende Gefahren, mysteri\u00f6se Hinweise und ein cleveres Katz-und-Maus-Spiel erwarten unsere Helden. Ein H\u00f6rspiel voller Nervenkitzel, Abenteuer und cleverer Ermittlungen \u2013 TKKG in Bestform! [&hellip;]<\/p>\n","protected":false},"featured_media":1479,"comment_status":"open","ping_status":"closed","template":"","meta":[],"product_brand":[],"product_cat":[35],"product_tag":[],"class_list":{"0":"post-1478","1":"product","2":"type-product","3":"status-publish","4":"has-post-thumbnail","6":"product_cat-hoerspiel-tkkg","8":"first","9":"instock","10":"sale","11":"virtual","12":"purchasable","13":"product-type-simple"},"jetpack_sharing_enabled":true,"_links":{"self":[{"href":"https:\/\/audiobook-24.com\/en\/wp-json\/wp\/v2\/product\/1478","targetHints":{"allow":["GET"]}}],"collection":[{"href":"https:\/\/audiobook-24.com\/en\/wp-json\/wp\/v2\/product"}],"about":[{"href":"https:\/\/audiobook-24.com\/en\/wp-json\/wp\/v2\/types\/product"}],"replies":[{"embeddable":true,"href":"https:\/\/audiobook-24.com\/en\/wp-json\/wp\/v2\/comments?post=1478"}],"wp:featuredmedia":[{"embeddable":true,"href":"https:\/\/audiobook-24.com\/en\/wp-json\/wp\/v2\/media\/1479"}],"wp:attachment":[{"href":"https:\/\/audiobook-24.com\/en\/wp-json\/wp\/v2\/media?parent=1478"}],"wp:term":[{"taxonomy":"product_brand","embeddable":true,"href":"https:\/\/audiobook-24.com\/en\/wp-json\/wp\/v2\/product_brand?post=1478"},{"taxonomy":"product_cat","embeddable":true,"href":"https:\/\/audiobook-24.com\/en\/wp-json\/wp\/v2\/product_cat?post=1478"},{"taxonomy":"product_tag","embeddable":true,"href":"https:\/\/audiobook-24.com\/en\/wp-json\/wp\/v2\/product_tag?post=1478"}],"curies":[{"name":"wp","href":"https:\/\/api.w.org\/{rel}","templated":true}]}}