{"id":1476,"date":"2025-11-26T16:24:24","date_gmt":"2025-11-26T16:24:24","guid":{"rendered":"https:\/\/audiobook-24.com\/?post_type=product&#038;p=1476"},"modified":"2025-11-26T16:24:25","modified_gmt":"2025-11-26T16:24:25","slug":"%f0%9f%8e%a7-hoerspiel-tkkg-ufos-in-bad-finkenstein-%f0%9f%8e%a7","status":"publish","type":"product","link":"https:\/\/audiobook-24.com\/en\/product\/%f0%9f%8e%a7-hoerspiel-tkkg-ufos-in-bad-finkenstein-%f0%9f%8e%a7\/","title":{"rendered":"\ud83c\udfa7 H\u00f6rspiel: TKKG \u2013 Ufos in Bad Finkenstein \ud83c\udfa7"},"content":{"rendered":"<hr data-start=\"77\" data-end=\"80\" \/>\n<p data-start=\"82\" data-end=\"134\">\ud83c\udfa7 H\u00f6rspiel: <strong data-start=\"95\" data-end=\"129\">TKKG \u2013 Ufos in Bad Finkenstein<\/strong> \ud83c\udfa7<\/p>\n<p data-start=\"136\" data-end=\"436\">\ud83d\udef8\ud83d\udd75\ufe0f\u200d\u2642\ufe0f Ein spannendes Abenteuer f\u00fcr TKKG!<br data-start=\"179\" data-end=\"182\" \/>In Bad Finkenstein geschehen merkw\u00fcrdige Dinge: Ufos sollen am Himmel gesichtet worden sein. Tim, Karl, Kl\u00f6\u00dfchen und Gaby nehmen die Ermittlungen auf, folgen Hinweisen und decken ein geheimnisvolles Spiel auf, das mehr als nur Au\u00dferirdische beinhaltet.<\/p>\n<p data-start=\"438\" data-end=\"525\">Ein H\u00f6rspiel voller Spannung, Abenteuer und cleverer Ermittlungen \u2013 TKKG in Bestform!<\/p>\n<p data-start=\"527\" data-end=\"726\">\ud83c\udfa7 Format: MP3<br data-start=\"541\" data-end=\"544\" \/>\ud83d\udcb3 Nach Bezahlung:<br data-start=\"562\" data-end=\"565\" \/>\ud83d\udcf1 Sofortiger Download f\u00fcrs Handy<br data-start=\"598\" data-end=\"601\" \/>\ud83d\udcbb Sofortiger Download f\u00fcr PC<br data-start=\"630\" data-end=\"633\" \/>\ud83d\udda5\ufe0f Sofortiger Download f\u00fcrs Tablet<br data-start=\"668\" data-end=\"671\" \/>\ud83c\udfa7 Sofortiger Download als MP3 f\u00fcr jedes Abspielger\u00e4t<\/p>\n<p data-start=\"728\" data-end=\"769\">\ud83d\udca5 Einmal gekauft \u2013 f\u00fcr immer deins! \ud83d\udca5<\/p>","protected":false},"excerpt":{"rendered":"<p>\ud83c\udfa7 H\u00f6rspiel: TKKG \u2013 Ufos in Bad Finkenstein \ud83c\udfa7 \ud83d\udef8\ud83d\udd75\ufe0f\u200d\u2642\ufe0f Ein spannendes Abenteuer f\u00fcr TKKG!In Bad Finkenstein geschehen merkw\u00fcrdige Dinge: Ufos sollen am Himmel gesichtet worden sein. Tim, Karl, Kl\u00f6\u00dfchen und Gaby nehmen die Ermittlungen auf, folgen Hinweisen und decken ein geheimnisvolles Spiel auf, das mehr als nur Au\u00dferirdische beinhaltet. Ein H\u00f6rspiel voller Spannung, Abenteuer [&hellip;]<\/p>\n","protected":false},"featured_media":1477,"comment_status":"open","ping_status":"closed","template":"","meta":[],"product_brand":[],"product_cat":[35],"product_tag":[],"class_list":{"0":"post-1476","1":"product","2":"type-product","3":"status-publish","4":"has-post-thumbnail","6":"product_cat-hoerspiel-tkkg","8":"first","9":"instock","10":"sale","11":"virtual","12":"purchasable","13":"product-type-simple"},"jetpack_sharing_enabled":true,"_links":{"self":[{"href":"https:\/\/audiobook-24.com\/en\/wp-json\/wp\/v2\/product\/1476","targetHints":{"allow":["GET"]}}],"collection":[{"href":"https:\/\/audiobook-24.com\/en\/wp-json\/wp\/v2\/product"}],"about":[{"href":"https:\/\/audiobook-24.com\/en\/wp-json\/wp\/v2\/types\/product"}],"replies":[{"embeddable":true,"href":"https:\/\/audiobook-24.com\/en\/wp-json\/wp\/v2\/comments?post=1476"}],"wp:featuredmedia":[{"embeddable":true,"href":"https:\/\/audiobook-24.com\/en\/wp-json\/wp\/v2\/media\/1477"}],"wp:attachment":[{"href":"https:\/\/audiobook-24.com\/en\/wp-json\/wp\/v2\/media?parent=1476"}],"wp:term":[{"taxonomy":"product_brand","embeddable":true,"href":"https:\/\/audiobook-24.com\/en\/wp-json\/wp\/v2\/product_brand?post=1476"},{"taxonomy":"product_cat","embeddable":true,"href":"https:\/\/audiobook-24.com\/en\/wp-json\/wp\/v2\/product_cat?post=1476"},{"taxonomy":"product_tag","embeddable":true,"href":"https:\/\/audiobook-24.com\/en\/wp-json\/wp\/v2\/product_tag?post=1476"}],"curies":[{"name":"wp","href":"https:\/\/api.w.org\/{rel}","templated":true}]}}