{"id":1474,"date":"2025-11-26T16:22:13","date_gmt":"2025-11-26T16:22:13","guid":{"rendered":"https:\/\/audiobook-24.com\/?post_type=product&#038;p=1474"},"modified":"2025-11-26T16:22:14","modified_gmt":"2025-11-26T16:22:14","slug":"%f0%9f%8e%a7-hoerspiel-tkkg-der-schlangenmensch-%f0%9f%8e%a7","status":"publish","type":"product","link":"https:\/\/audiobook-24.com\/en\/product\/%f0%9f%8e%a7-hoerspiel-tkkg-der-schlangenmensch-%f0%9f%8e%a7\/","title":{"rendered":"\ud83c\udfa7 H\u00f6rspiel: TKKG \u2013 Der Schlangenmensch \ud83c\udfa7"},"content":{"rendered":"<p data-start=\"78\" data-end=\"126\">\ud83c\udfa7 H\u00f6rspiel: <strong data-start=\"91\" data-end=\"121\">TKKG \u2013 Der Schlangenmensch<\/strong> \ud83c\udfa7<\/p>\n<p data-start=\"128\" data-end=\"465\">\ud83d\udc0d\ud83d\udd75\ufe0f\u200d\u2642\ufe0f Ein aufregendes Abenteuer f\u00fcr TKKG!<br data-start=\"172\" data-end=\"175\" \/>Tim, Karl, Kl\u00f6\u00dfchen und Gaby werden mit dem r\u00e4tselhaften Schlangenmensch konfrontiert \u2013 einem geheimnisvollen Akrobaten, der scheinbar \u00fcbernat\u00fcrliche F\u00e4higkeiten besitzt. Mit Mut, Cleverness und Teamarbeit m\u00fcssen sie seine wahren Absichten aufdecken und ein gef\u00e4hrliches Spiel verhindern.<\/p>\n<p data-start=\"467\" data-end=\"557\">Ein H\u00f6rspiel voller Spannung, Nervenkitzel und cleverer Ermittlungen \u2013 TKKG in Bestform!<\/p>\n<p data-start=\"559\" data-end=\"758\">\ud83c\udfa7 Format: MP3<br data-start=\"573\" data-end=\"576\" \/>\ud83d\udcb3 Nach Bezahlung:<br data-start=\"594\" data-end=\"597\" \/>\ud83d\udcf1 Sofortiger Download f\u00fcrs Handy<br data-start=\"630\" data-end=\"633\" \/>\ud83d\udcbb Sofortiger Download f\u00fcr PC<br data-start=\"662\" data-end=\"665\" \/>\ud83d\udda5\ufe0f Sofortiger Download f\u00fcrs Tablet<br data-start=\"700\" data-end=\"703\" \/>\ud83c\udfa7 Sofortiger Download als MP3 f\u00fcr jedes Abspielger\u00e4t<\/p>\n<p data-start=\"760\" data-end=\"801\">\ud83d\udca5 Einmal gekauft \u2013 f\u00fcr immer deins! \ud83d\udca5<\/p>","protected":false},"excerpt":{"rendered":"<p>\ud83c\udfa7 H\u00f6rspiel: TKKG \u2013 Der Schlangenmensch \ud83c\udfa7 \ud83d\udc0d\ud83d\udd75\ufe0f\u200d\u2642\ufe0f Ein aufregendes Abenteuer f\u00fcr TKKG!Tim, Karl, Kl\u00f6\u00dfchen und Gaby werden mit dem r\u00e4tselhaften Schlangenmensch konfrontiert \u2013 einem geheimnisvollen Akrobaten, der scheinbar \u00fcbernat\u00fcrliche F\u00e4higkeiten besitzt. Mit Mut, Cleverness und Teamarbeit m\u00fcssen sie seine wahren Absichten aufdecken und ein gef\u00e4hrliches Spiel verhindern. Ein H\u00f6rspiel voller Spannung, Nervenkitzel und cleverer [&hellip;]<\/p>\n","protected":false},"featured_media":1475,"comment_status":"open","ping_status":"closed","template":"","meta":[],"product_brand":[],"product_cat":[35],"product_tag":[],"class_list":{"0":"post-1474","1":"product","2":"type-product","3":"status-publish","4":"has-post-thumbnail","6":"product_cat-hoerspiel-tkkg","8":"first","9":"instock","10":"sale","11":"virtual","12":"purchasable","13":"product-type-simple"},"jetpack_sharing_enabled":true,"_links":{"self":[{"href":"https:\/\/audiobook-24.com\/en\/wp-json\/wp\/v2\/product\/1474","targetHints":{"allow":["GET"]}}],"collection":[{"href":"https:\/\/audiobook-24.com\/en\/wp-json\/wp\/v2\/product"}],"about":[{"href":"https:\/\/audiobook-24.com\/en\/wp-json\/wp\/v2\/types\/product"}],"replies":[{"embeddable":true,"href":"https:\/\/audiobook-24.com\/en\/wp-json\/wp\/v2\/comments?post=1474"}],"wp:featuredmedia":[{"embeddable":true,"href":"https:\/\/audiobook-24.com\/en\/wp-json\/wp\/v2\/media\/1475"}],"wp:attachment":[{"href":"https:\/\/audiobook-24.com\/en\/wp-json\/wp\/v2\/media?parent=1474"}],"wp:term":[{"taxonomy":"product_brand","embeddable":true,"href":"https:\/\/audiobook-24.com\/en\/wp-json\/wp\/v2\/product_brand?post=1474"},{"taxonomy":"product_cat","embeddable":true,"href":"https:\/\/audiobook-24.com\/en\/wp-json\/wp\/v2\/product_cat?post=1474"},{"taxonomy":"product_tag","embeddable":true,"href":"https:\/\/audiobook-24.com\/en\/wp-json\/wp\/v2\/product_tag?post=1474"}],"curies":[{"name":"wp","href":"https:\/\/api.w.org\/{rel}","templated":true}]}}