{"id":1472,"date":"2025-11-26T16:18:36","date_gmt":"2025-11-26T16:18:36","guid":{"rendered":"https:\/\/audiobook-24.com\/?post_type=product&#038;p=1472"},"modified":"2025-11-26T16:18:37","modified_gmt":"2025-11-26T16:18:37","slug":"%f0%9f%8e%a7-hoerspiel-tkkg-die-bettelmoenche-aus-atlantis-%f0%9f%8e%a7","status":"publish","type":"product","link":"https:\/\/audiobook-24.com\/en\/product\/%f0%9f%8e%a7-hoerspiel-tkkg-die-bettelmoenche-aus-atlantis-%f0%9f%8e%a7\/","title":{"rendered":"\ud83c\udfa7 H\u00f6rspiel: TKKG \u2013 Die Bettelm\u00f6nche aus Atlantis \ud83c\udfa7"},"content":{"rendered":"<p data-start=\"88\" data-end=\"146\">\ud83c\udfa7 H\u00f6rspiel: <strong data-start=\"101\" data-end=\"141\">TKKG \u2013 Die Bettelm\u00f6nche aus Atlantis<\/strong> \ud83c\udfa7<\/p>\n<p data-start=\"148\" data-end=\"456\">\ud83c\udf0a\ud83d\udd75\ufe0f\u200d\u2642\ufe0f Ein r\u00e4tselhaftes Abenteuer f\u00fcr TKKG!<br data-start=\"193\" data-end=\"196\" \/>Tim, Karl, Kl\u00f6\u00dfchen und Gaby sto\u00dfen auf die geheimnisvollen Bettelm\u00f6nche aus Atlantis, die scheinbar aus der Tiefe der Vergangenheit auftauchen. Mit K\u00f6pfchen, Mut und Teamarbeit decken sie dunkle Geheimnisse auf und bringen die wahren Hintergr\u00fcnde ans Licht.<\/p>\n<p data-start=\"458\" data-end=\"545\">Ein H\u00f6rspiel voller Spannung, Abenteuer und cleverer Ermittlungen \u2013 TKKG in Bestform!<\/p>\n<p data-start=\"547\" data-end=\"746\">\ud83c\udfa7 Format: MP3<br data-start=\"561\" data-end=\"564\" \/>\ud83d\udcb3 Nach Bezahlung:<br data-start=\"582\" data-end=\"585\" \/>\ud83d\udcf1 Sofortiger Download f\u00fcrs Handy<br data-start=\"618\" data-end=\"621\" \/>\ud83d\udcbb Sofortiger Download f\u00fcr PC<br data-start=\"650\" data-end=\"653\" \/>\ud83d\udda5\ufe0f Sofortiger Download f\u00fcrs Tablet<br data-start=\"688\" data-end=\"691\" \/>\ud83c\udfa7 Sofortiger Download als MP3 f\u00fcr jedes Abspielger\u00e4t<\/p>\n<p data-start=\"748\" data-end=\"789\">\ud83d\udca5 Einmal gekauft \u2013 f\u00fcr immer deins! \ud83d\udca5<\/p>","protected":false},"excerpt":{"rendered":"<p>\ud83c\udfa7 H\u00f6rspiel: TKKG \u2013 Die Bettelm\u00f6nche aus Atlantis \ud83c\udfa7 \ud83c\udf0a\ud83d\udd75\ufe0f\u200d\u2642\ufe0f Ein r\u00e4tselhaftes Abenteuer f\u00fcr TKKG!Tim, Karl, Kl\u00f6\u00dfchen und Gaby sto\u00dfen auf die geheimnisvollen Bettelm\u00f6nche aus Atlantis, die scheinbar aus der Tiefe der Vergangenheit auftauchen. Mit K\u00f6pfchen, Mut und Teamarbeit decken sie dunkle Geheimnisse auf und bringen die wahren Hintergr\u00fcnde ans Licht. Ein H\u00f6rspiel voller Spannung, [&hellip;]<\/p>\n","protected":false},"featured_media":1473,"comment_status":"open","ping_status":"closed","template":"","meta":[],"product_brand":[],"product_cat":[35],"product_tag":[],"class_list":{"0":"post-1472","1":"product","2":"type-product","3":"status-publish","4":"has-post-thumbnail","6":"product_cat-hoerspiel-tkkg","8":"first","9":"instock","10":"sale","11":"virtual","12":"purchasable","13":"product-type-simple"},"jetpack_sharing_enabled":true,"_links":{"self":[{"href":"https:\/\/audiobook-24.com\/en\/wp-json\/wp\/v2\/product\/1472","targetHints":{"allow":["GET"]}}],"collection":[{"href":"https:\/\/audiobook-24.com\/en\/wp-json\/wp\/v2\/product"}],"about":[{"href":"https:\/\/audiobook-24.com\/en\/wp-json\/wp\/v2\/types\/product"}],"replies":[{"embeddable":true,"href":"https:\/\/audiobook-24.com\/en\/wp-json\/wp\/v2\/comments?post=1472"}],"wp:featuredmedia":[{"embeddable":true,"href":"https:\/\/audiobook-24.com\/en\/wp-json\/wp\/v2\/media\/1473"}],"wp:attachment":[{"href":"https:\/\/audiobook-24.com\/en\/wp-json\/wp\/v2\/media?parent=1472"}],"wp:term":[{"taxonomy":"product_brand","embeddable":true,"href":"https:\/\/audiobook-24.com\/en\/wp-json\/wp\/v2\/product_brand?post=1472"},{"taxonomy":"product_cat","embeddable":true,"href":"https:\/\/audiobook-24.com\/en\/wp-json\/wp\/v2\/product_cat?post=1472"},{"taxonomy":"product_tag","embeddable":true,"href":"https:\/\/audiobook-24.com\/en\/wp-json\/wp\/v2\/product_tag?post=1472"}],"curies":[{"name":"wp","href":"https:\/\/api.w.org\/{rel}","templated":true}]}}