{"id":1470,"date":"2025-11-26T16:17:38","date_gmt":"2025-11-26T16:17:38","guid":{"rendered":"https:\/\/audiobook-24.com\/?post_type=product&#038;p=1470"},"modified":"2025-11-26T16:17:39","modified_gmt":"2025-11-26T16:17:39","slug":"%f0%9f%8e%a7-hoerspiel-tkkg-nachts-wenn-der-feuerteufel-kommt-%f0%9f%8e%a7","status":"publish","type":"product","link":"https:\/\/audiobook-24.com\/en\/product\/%f0%9f%8e%a7-hoerspiel-tkkg-nachts-wenn-der-feuerteufel-kommt-%f0%9f%8e%a7\/","title":{"rendered":"\ud83c\udfa7 H\u00f6rspiel: TKKG \u2013 Nachts, wenn der Feuerteufel kommt \ud83c\udfa7"},"content":{"rendered":"<p data-start=\"93\" data-end=\"156\">\ud83c\udfa7 H\u00f6rspiel: <strong data-start=\"106\" data-end=\"151\">TKKG \u2013 Nachts, wenn der Feuerteufel kommt<\/strong> \ud83c\udfa7<\/p>\n<p data-start=\"158\" data-end=\"426\">\ud83d\udd25\ud83c\udf19 Ein spannendes Abenteuer f\u00fcr TKKG!<br data-start=\"197\" data-end=\"200\" \/>Im Dunkel der Nacht treibt ein mysteri\u00f6ser Feuerteufel sein Unwesen. Tim, Karl, Kl\u00f6\u00dfchen und Gaby m\u00fcssen Hinweise sammeln, Gefahren meistern und die geheimnisvolle Brandstiftung stoppen, bevor noch gr\u00f6\u00dferer Schaden entsteht.<\/p>\n<p data-start=\"428\" data-end=\"519\">Ein H\u00f6rspiel voller Nervenkitzel, Abenteuer und cleverer Ermittlungen \u2013 TKKG in Bestform!<\/p>\n<p data-start=\"521\" data-end=\"720\">\ud83c\udfa7 Format: MP3<br data-start=\"535\" data-end=\"538\" \/>\ud83d\udcb3 Nach Bezahlung:<br data-start=\"556\" data-end=\"559\" \/>\ud83d\udcf1 Sofortiger Download f\u00fcrs Handy<br data-start=\"592\" data-end=\"595\" \/>\ud83d\udcbb Sofortiger Download f\u00fcr PC<br data-start=\"624\" data-end=\"627\" \/>\ud83d\udda5\ufe0f Sofortiger Download f\u00fcrs Tablet<br data-start=\"662\" data-end=\"665\" \/>\ud83c\udfa7 Sofortiger Download als MP3 f\u00fcr jedes Abspielger\u00e4t<\/p>\n<p data-start=\"722\" data-end=\"763\">\ud83d\udca5 Einmal gekauft \u2013 f\u00fcr immer deins! \ud83d\udca5<\/p>","protected":false},"excerpt":{"rendered":"<p>\ud83c\udfa7 H\u00f6rspiel: TKKG \u2013 Nachts, wenn der Feuerteufel kommt \ud83c\udfa7 \ud83d\udd25\ud83c\udf19 Ein spannendes Abenteuer f\u00fcr TKKG!Im Dunkel der Nacht treibt ein mysteri\u00f6ser Feuerteufel sein Unwesen. Tim, Karl, Kl\u00f6\u00dfchen und Gaby m\u00fcssen Hinweise sammeln, Gefahren meistern und die geheimnisvolle Brandstiftung stoppen, bevor noch gr\u00f6\u00dferer Schaden entsteht. Ein H\u00f6rspiel voller Nervenkitzel, Abenteuer und cleverer Ermittlungen \u2013 TKKG [&hellip;]<\/p>\n","protected":false},"featured_media":1471,"comment_status":"open","ping_status":"closed","template":"","meta":[],"product_brand":[],"product_cat":[35],"product_tag":[],"class_list":{"0":"post-1470","1":"product","2":"type-product","3":"status-publish","4":"has-post-thumbnail","6":"product_cat-hoerspiel-tkkg","8":"first","9":"instock","10":"sale","11":"virtual","12":"purchasable","13":"product-type-simple"},"jetpack_sharing_enabled":true,"_links":{"self":[{"href":"https:\/\/audiobook-24.com\/en\/wp-json\/wp\/v2\/product\/1470","targetHints":{"allow":["GET"]}}],"collection":[{"href":"https:\/\/audiobook-24.com\/en\/wp-json\/wp\/v2\/product"}],"about":[{"href":"https:\/\/audiobook-24.com\/en\/wp-json\/wp\/v2\/types\/product"}],"replies":[{"embeddable":true,"href":"https:\/\/audiobook-24.com\/en\/wp-json\/wp\/v2\/comments?post=1470"}],"wp:featuredmedia":[{"embeddable":true,"href":"https:\/\/audiobook-24.com\/en\/wp-json\/wp\/v2\/media\/1471"}],"wp:attachment":[{"href":"https:\/\/audiobook-24.com\/en\/wp-json\/wp\/v2\/media?parent=1470"}],"wp:term":[{"taxonomy":"product_brand","embeddable":true,"href":"https:\/\/audiobook-24.com\/en\/wp-json\/wp\/v2\/product_brand?post=1470"},{"taxonomy":"product_cat","embeddable":true,"href":"https:\/\/audiobook-24.com\/en\/wp-json\/wp\/v2\/product_cat?post=1470"},{"taxonomy":"product_tag","embeddable":true,"href":"https:\/\/audiobook-24.com\/en\/wp-json\/wp\/v2\/product_tag?post=1470"}],"curies":[{"name":"wp","href":"https:\/\/api.w.org\/{rel}","templated":true}]}}