{"id":1468,"date":"2025-11-26T16:14:23","date_gmt":"2025-11-26T16:14:23","guid":{"rendered":"https:\/\/audiobook-24.com\/?post_type=product&#038;p=1468"},"modified":"2025-11-26T16:14:23","modified_gmt":"2025-11-26T16:14:23","slug":"%f0%9f%8e%a7-hoerspiel-tkkg-die-falschmuenzer-vom-maeuseweg-%f0%9f%8e%a7","status":"publish","type":"product","link":"https:\/\/audiobook-24.com\/en\/product\/%f0%9f%8e%a7-hoerspiel-tkkg-die-falschmuenzer-vom-maeuseweg-%f0%9f%8e%a7\/","title":{"rendered":"\ud83c\udfa7 H\u00f6rspiel: TKKG \u2013 Die Falschm\u00fcnzer vom M\u00e4useweg \ud83c\udfa7"},"content":{"rendered":"<p data-start=\"88\" data-end=\"146\">\ud83c\udfa7 H\u00f6rspiel: <strong data-start=\"101\" data-end=\"141\">TKKG \u2013 Die Falschm\u00fcnzer vom M\u00e4useweg<\/strong> \ud83c\udfa7<\/p>\n<p data-start=\"148\" data-end=\"428\">\ud83d\udcb0\ud83d\udd75\ufe0f\u200d\u2642\ufe0f Ein spannendes Abenteuer f\u00fcr TKKG!<br data-start=\"191\" data-end=\"194\" \/>Tim, Karl, Kl\u00f6\u00dfchen und Gaby sto\u00dfen auf eine Bande von Falschm\u00fcnzern, die im M\u00e4useweg ihr Unwesen treiben. Mit Cleverness, Mut und Teamgeist versuchen sie, die kriminellen Machenschaften aufzudecken und die T\u00e4ter dingfest zu machen.<\/p>\n<p data-start=\"430\" data-end=\"520\">Ein H\u00f6rspiel voller Spannung, Nervenkitzel und cleverer Ermittlungen \u2013 TKKG in Bestform!<\/p>\n<p data-start=\"522\" data-end=\"721\">\ud83c\udfa7 Format: MP3<br data-start=\"536\" data-end=\"539\" \/>\ud83d\udcb3 Nach Bezahlung:<br data-start=\"557\" data-end=\"560\" \/>\ud83d\udcf1 Sofortiger Download f\u00fcrs Handy<br data-start=\"593\" data-end=\"596\" \/>\ud83d\udcbb Sofortiger Download f\u00fcr PC<br data-start=\"625\" data-end=\"628\" \/>\ud83d\udda5\ufe0f Sofortiger Download f\u00fcrs Tablet<br data-start=\"663\" data-end=\"666\" \/>\ud83c\udfa7 Sofortiger Download als MP3 f\u00fcr jedes Abspielger\u00e4t<\/p>\n<p data-start=\"723\" data-end=\"764\">\ud83d\udca5 Einmal gekauft \u2013 f\u00fcr immer deins! \ud83d\udca5<\/p>","protected":false},"excerpt":{"rendered":"<p>\ud83c\udfa7 H\u00f6rspiel: TKKG \u2013 Die Falschm\u00fcnzer vom M\u00e4useweg \ud83c\udfa7 \ud83d\udcb0\ud83d\udd75\ufe0f\u200d\u2642\ufe0f Ein spannendes Abenteuer f\u00fcr TKKG!Tim, Karl, Kl\u00f6\u00dfchen und Gaby sto\u00dfen auf eine Bande von Falschm\u00fcnzern, die im M\u00e4useweg ihr Unwesen treiben. Mit Cleverness, Mut und Teamgeist versuchen sie, die kriminellen Machenschaften aufzudecken und die T\u00e4ter dingfest zu machen. Ein H\u00f6rspiel voller Spannung, Nervenkitzel und cleverer [&hellip;]<\/p>\n","protected":false},"featured_media":1469,"comment_status":"open","ping_status":"closed","template":"","meta":[],"product_brand":[],"product_cat":[35],"product_tag":[],"class_list":{"0":"post-1468","1":"product","2":"type-product","3":"status-publish","4":"has-post-thumbnail","6":"product_cat-hoerspiel-tkkg","8":"first","9":"instock","10":"sale","11":"virtual","12":"purchasable","13":"product-type-simple"},"jetpack_sharing_enabled":true,"_links":{"self":[{"href":"https:\/\/audiobook-24.com\/en\/wp-json\/wp\/v2\/product\/1468","targetHints":{"allow":["GET"]}}],"collection":[{"href":"https:\/\/audiobook-24.com\/en\/wp-json\/wp\/v2\/product"}],"about":[{"href":"https:\/\/audiobook-24.com\/en\/wp-json\/wp\/v2\/types\/product"}],"replies":[{"embeddable":true,"href":"https:\/\/audiobook-24.com\/en\/wp-json\/wp\/v2\/comments?post=1468"}],"wp:featuredmedia":[{"embeddable":true,"href":"https:\/\/audiobook-24.com\/en\/wp-json\/wp\/v2\/media\/1469"}],"wp:attachment":[{"href":"https:\/\/audiobook-24.com\/en\/wp-json\/wp\/v2\/media?parent=1468"}],"wp:term":[{"taxonomy":"product_brand","embeddable":true,"href":"https:\/\/audiobook-24.com\/en\/wp-json\/wp\/v2\/product_brand?post=1468"},{"taxonomy":"product_cat","embeddable":true,"href":"https:\/\/audiobook-24.com\/en\/wp-json\/wp\/v2\/product_cat?post=1468"},{"taxonomy":"product_tag","embeddable":true,"href":"https:\/\/audiobook-24.com\/en\/wp-json\/wp\/v2\/product_tag?post=1468"}],"curies":[{"name":"wp","href":"https:\/\/api.w.org\/{rel}","templated":true}]}}