{"id":1466,"date":"2025-11-26T16:12:25","date_gmt":"2025-11-26T16:12:25","guid":{"rendered":"https:\/\/audiobook-24.com\/?post_type=product&#038;p=1466"},"modified":"2025-11-26T16:12:26","modified_gmt":"2025-11-26T16:12:26","slug":"%f0%9f%8e%a7-hoerspiel-tkkg-alarm-im-zirkus-sarani-%f0%9f%8e%a7","status":"publish","type":"product","link":"https:\/\/audiobook-24.com\/en\/product\/%f0%9f%8e%a7-hoerspiel-tkkg-alarm-im-zirkus-sarani-%f0%9f%8e%a7\/","title":{"rendered":"\ud83c\udfa7 H\u00f6rspiel: TKKG \u2013 Alarm im Zirkus Sarani \ud83c\udfa7"},"content":{"rendered":"<p data-start=\"118\" data-end=\"169\">\ud83c\udfa7 H\u00f6rspiel: <strong data-start=\"131\" data-end=\"164\">TKKG \u2013 Alarm im Zirkus Sarani<\/strong> \ud83c\udfa7<\/p>\n<p data-start=\"171\" data-end=\"426\">\ud83c\udfaa\ud83d\udea8 Ein spektakul\u00e4res Abenteuer f\u00fcr TKKG!<br data-start=\"213\" data-end=\"216\" \/>Im Zirkus Sarani h\u00e4ufen sich mysteri\u00f6se Vorf\u00e4lle, die Artisten und Publikum in Aufruhr versetzen. Tim, Karl, Kl\u00f6\u00dfchen und Gaby nehmen die Ermittlungen auf, um die T\u00e4ter zu fassen und das Zirkusfest zu retten.<\/p>\n<p data-start=\"428\" data-end=\"516\">Ein H\u00f6rspiel voller Nervenkitzel, Action und cleverer Ermittlungen \u2013 TKKG in Bestform!<\/p>\n<p data-start=\"518\" data-end=\"717\">\ud83c\udfa7 Format: MP3<br data-start=\"532\" data-end=\"535\" \/>\ud83d\udcb3 Nach Bezahlung:<br data-start=\"553\" data-end=\"556\" \/>\ud83d\udcf1 Sofortiger Download f\u00fcrs Handy<br data-start=\"589\" data-end=\"592\" \/>\ud83d\udcbb Sofortiger Download f\u00fcr PC<br data-start=\"621\" data-end=\"624\" \/>\ud83d\udda5\ufe0f Sofortiger Download f\u00fcrs Tablet<br data-start=\"659\" data-end=\"662\" \/>\ud83c\udfa7 Sofortiger Download als MP3 f\u00fcr jedes Abspielger\u00e4t<\/p>\n<p data-start=\"719\" data-end=\"760\">\ud83d\udca5 Einmal gekauft \u2013 f\u00fcr immer deins! \ud83d\udca5<\/p>","protected":false},"excerpt":{"rendered":"<p>\ud83c\udfa7 H\u00f6rspiel: TKKG \u2013 Alarm im Zirkus Sarani \ud83c\udfa7 \ud83c\udfaa\ud83d\udea8 Ein spektakul\u00e4res Abenteuer f\u00fcr TKKG!Im Zirkus Sarani h\u00e4ufen sich mysteri\u00f6se Vorf\u00e4lle, die Artisten und Publikum in Aufruhr versetzen. Tim, Karl, Kl\u00f6\u00dfchen und Gaby nehmen die Ermittlungen auf, um die T\u00e4ter zu fassen und das Zirkusfest zu retten. Ein H\u00f6rspiel voller Nervenkitzel, Action und cleverer Ermittlungen [&hellip;]<\/p>\n","protected":false},"featured_media":1467,"comment_status":"open","ping_status":"closed","template":"","meta":[],"product_brand":[],"product_cat":[35],"product_tag":[],"class_list":{"0":"post-1466","1":"product","2":"type-product","3":"status-publish","4":"has-post-thumbnail","6":"product_cat-hoerspiel-tkkg","8":"first","9":"instock","10":"sale","11":"virtual","12":"purchasable","13":"product-type-simple"},"jetpack_sharing_enabled":true,"_links":{"self":[{"href":"https:\/\/audiobook-24.com\/en\/wp-json\/wp\/v2\/product\/1466","targetHints":{"allow":["GET"]}}],"collection":[{"href":"https:\/\/audiobook-24.com\/en\/wp-json\/wp\/v2\/product"}],"about":[{"href":"https:\/\/audiobook-24.com\/en\/wp-json\/wp\/v2\/types\/product"}],"replies":[{"embeddable":true,"href":"https:\/\/audiobook-24.com\/en\/wp-json\/wp\/v2\/comments?post=1466"}],"wp:featuredmedia":[{"embeddable":true,"href":"https:\/\/audiobook-24.com\/en\/wp-json\/wp\/v2\/media\/1467"}],"wp:attachment":[{"href":"https:\/\/audiobook-24.com\/en\/wp-json\/wp\/v2\/media?parent=1466"}],"wp:term":[{"taxonomy":"product_brand","embeddable":true,"href":"https:\/\/audiobook-24.com\/en\/wp-json\/wp\/v2\/product_brand?post=1466"},{"taxonomy":"product_cat","embeddable":true,"href":"https:\/\/audiobook-24.com\/en\/wp-json\/wp\/v2\/product_cat?post=1466"},{"taxonomy":"product_tag","embeddable":true,"href":"https:\/\/audiobook-24.com\/en\/wp-json\/wp\/v2\/product_tag?post=1466"}],"curies":[{"name":"wp","href":"https:\/\/api.w.org\/{rel}","templated":true}]}}