{"id":1463,"date":"2025-11-26T16:08:42","date_gmt":"2025-11-26T16:08:42","guid":{"rendered":"https:\/\/audiobook-24.com\/?post_type=product&#038;p=1463"},"modified":"2025-11-26T16:08:43","modified_gmt":"2025-11-26T16:08:43","slug":"%f0%9f%8e%a7-hoerspiel-tkkg-abenteuer-im-ferienlager-%f0%9f%8e%a7","status":"publish","type":"product","link":"https:\/\/audiobook-24.com\/en\/product\/%f0%9f%8e%a7-hoerspiel-tkkg-abenteuer-im-ferienlager-%f0%9f%8e%a7\/","title":{"rendered":"\ud83c\udfa7 H\u00f6rspiel: TKKG \u2013 Abenteuer im Ferienlager \ud83c\udfa7"},"content":{"rendered":"<p data-start=\"73\" data-end=\"126\">\ud83c\udfa7 <strong data-start=\"76\" data-end=\"121\">H\u00f6rspiel: TKKG \u2013 Abenteuer im Ferienlager<\/strong> \ud83c\udfa7<\/p>\n<p data-start=\"128\" data-end=\"628\">\u26fa\ud83d\udd25 Wo Ferienlachen auf finstere Geheimnisse trifft.<br data-start=\"180\" data-end=\"183\" \/>Tim, Karl, Kl\u00f6\u00dfchen und Gaby freuen sich auf entspannte Tage im Ferienlager \u2013 doch die Idylle bekommt schnell Risse. Seltsame Ger\u00e4usche in der Nacht, verschwundene Gegenst\u00e4nde und ein Verdacht, der wie ein Schatten \u00fcber den H\u00fctten schwebt, lassen TKKG sofort hellh\u00f6rig werden.<br data-start=\"459\" data-end=\"462\" \/>Bald f\u00fchrt eine Spur aus Fl\u00fcstern, Fu\u00dfabdr\u00fccken und waghalsigen Aktionen mitten hinein in ein Abenteuer, das den Ferienlagerfrieden ordentlich durcheinanderwirbelt.<\/p>\n<p data-start=\"630\" data-end=\"704\">Ein H\u00f6rspiel voller Lagerfeuerknistern, Spannung und echter TKKG-Action!<\/p>\n<p data-start=\"706\" data-end=\"913\">\ud83c\udfa7 <strong data-start=\"709\" data-end=\"720\">Format:<\/strong> MP3<br data-start=\"724\" data-end=\"727\" \/>\ud83d\udcb3 <strong data-start=\"730\" data-end=\"749\">Nach Bezahlung:<\/strong><br data-start=\"749\" data-end=\"752\" \/>\ud83d\udcf1 Sofortiger Download f\u00fcrs Handy<br data-start=\"785\" data-end=\"788\" \/>\ud83d\udcbb Sofortiger Download f\u00fcr PC<br data-start=\"817\" data-end=\"820\" \/>\ud83d\udda5\ufe0f Sofortiger Download f\u00fcrs Tablet<br data-start=\"855\" data-end=\"858\" data-is-only-node=\"\" \/>\ud83c\udfa7 Sofortiger Download als MP3 f\u00fcr jedes Abspielger\u00e4t<\/p>\n<p data-start=\"915\" data-end=\"960\">\ud83d\udca5 <strong data-start=\"918\" data-end=\"955\">Einmal gekauft \u2013 f\u00fcr immer deins!<\/strong> \ud83d\udca5<\/p>","protected":false},"excerpt":{"rendered":"<p>\ud83c\udfa7 H\u00f6rspiel: TKKG \u2013 Abenteuer im Ferienlager \ud83c\udfa7 \u26fa\ud83d\udd25 Wo Ferienlachen auf finstere Geheimnisse trifft.Tim, Karl, Kl\u00f6\u00dfchen und Gaby freuen sich auf entspannte Tage im Ferienlager \u2013 doch die Idylle bekommt schnell Risse. Seltsame Ger\u00e4usche in der Nacht, verschwundene Gegenst\u00e4nde und ein Verdacht, der wie ein Schatten \u00fcber den H\u00fctten schwebt, lassen TKKG sofort hellh\u00f6rig [&hellip;]<\/p>\n","protected":false},"featured_media":1465,"comment_status":"open","ping_status":"closed","template":"","meta":[],"product_brand":[],"product_cat":[35],"product_tag":[],"class_list":{"0":"post-1463","1":"product","2":"type-product","3":"status-publish","4":"has-post-thumbnail","6":"product_cat-hoerspiel-tkkg","8":"first","9":"instock","10":"sale","11":"virtual","12":"purchasable","13":"product-type-simple"},"jetpack_sharing_enabled":true,"_links":{"self":[{"href":"https:\/\/audiobook-24.com\/en\/wp-json\/wp\/v2\/product\/1463","targetHints":{"allow":["GET"]}}],"collection":[{"href":"https:\/\/audiobook-24.com\/en\/wp-json\/wp\/v2\/product"}],"about":[{"href":"https:\/\/audiobook-24.com\/en\/wp-json\/wp\/v2\/types\/product"}],"replies":[{"embeddable":true,"href":"https:\/\/audiobook-24.com\/en\/wp-json\/wp\/v2\/comments?post=1463"}],"wp:featuredmedia":[{"embeddable":true,"href":"https:\/\/audiobook-24.com\/en\/wp-json\/wp\/v2\/media\/1465"}],"wp:attachment":[{"href":"https:\/\/audiobook-24.com\/en\/wp-json\/wp\/v2\/media?parent=1463"}],"wp:term":[{"taxonomy":"product_brand","embeddable":true,"href":"https:\/\/audiobook-24.com\/en\/wp-json\/wp\/v2\/product_brand?post=1463"},{"taxonomy":"product_cat","embeddable":true,"href":"https:\/\/audiobook-24.com\/en\/wp-json\/wp\/v2\/product_cat?post=1463"},{"taxonomy":"product_tag","embeddable":true,"href":"https:\/\/audiobook-24.com\/en\/wp-json\/wp\/v2\/product_tag?post=1463"}],"curies":[{"name":"wp","href":"https:\/\/api.w.org\/{rel}","templated":true}]}}