{"id":1459,"date":"2025-11-26T15:57:41","date_gmt":"2025-11-26T15:57:41","guid":{"rendered":"https:\/\/audiobook-24.com\/?post_type=product&#038;p=1459"},"modified":"2025-11-26T15:57:42","modified_gmt":"2025-11-26T15:57:42","slug":"%f0%9f%8e%a7-hoerspiel-tkkg-raetsel-um-die-alte-villa-%f0%9f%8e%a7","status":"publish","type":"product","link":"https:\/\/audiobook-24.com\/en\/product\/%f0%9f%8e%a7-hoerspiel-tkkg-raetsel-um-die-alte-villa-%f0%9f%8e%a7\/","title":{"rendered":"\ud83c\udfa7 H\u00f6rspiel: TKKG \u2013 R\u00e4tsel um die alte Villa \ud83c\udfa7"},"content":{"rendered":"<p data-start=\"65\" data-end=\"118\">\ud83c\udfa7 H\u00f6rspiel: <strong data-start=\"78\" data-end=\"113\">TKKG \u2013 R\u00e4tsel um die alte Villa<\/strong> \ud83c\udfa7<\/p>\n<p data-start=\"120\" data-end=\"638\">\ud83c\udfda\ufe0f\ud83d\udd26 Ein verwittertes Gem\u00e4uer, das Geschichten fl\u00fcstert.<br data-start=\"177\" data-end=\"180\" \/>In einer abgelegenen alten Villa geht Seltsames vor sich: flackernde Lichter, schattenhafte Gestalten und ein Geheimnis, das in jeder Diele zu lauern scheint. Tim, Karl, Kl\u00f6\u00dfchen und Gaby wagen sich hinein in das br\u00fcchige Reich vergangener Zeiten \u2013 und schon bald entwirren sie Hinweise, die auf ein verborgenes Spiel aus T\u00e4uschung und Gefahr hindeuten.<br data-start=\"533\" data-end=\"536\" \/>Das R\u00e4tsel der Villa verlangt Mut, K\u00f6pfchen und starke Nerven\u2026 genau die richtige Mischung f\u00fcr TKKG.<\/p>\n<p data-start=\"640\" data-end=\"725\">Ein H\u00f6rspiel voller G\u00e4nsehaut, cleveren Entdeckungen und klassischer TKKG-Spannung!<\/p>\n<p data-start=\"727\" data-end=\"934\">\ud83c\udfa7 <strong data-start=\"730\" data-end=\"741\">Format:<\/strong> MP3<br data-start=\"745\" data-end=\"748\" \/>\ud83d\udcb3 <strong data-start=\"751\" data-end=\"770\">Nach Bezahlung:<\/strong><br data-start=\"770\" data-end=\"773\" \/>\ud83d\udcf1 Sofortiger Download f\u00fcrs Handy<br data-start=\"806\" data-end=\"809\" \/>\ud83d\udcbb Sofortiger Download f\u00fcr PC<br data-start=\"838\" data-end=\"841\" \/>\ud83d\udda5\ufe0f Sofortiger Download f\u00fcrs Tablet<br data-start=\"876\" data-end=\"879\" data-is-only-node=\"\" \/>\ud83c\udfa7 Sofortiger Download als MP3 f\u00fcr jedes Abspielger\u00e4t<\/p>\n<p data-start=\"936\" data-end=\"981\">\ud83d\udca5 <strong data-start=\"939\" data-end=\"976\">Einmal gekauft \u2013 f\u00fcr immer deins!<\/strong> \ud83d\udca5<\/p>","protected":false},"excerpt":{"rendered":"<p>\ud83c\udfa7 H\u00f6rspiel: TKKG \u2013 R\u00e4tsel um die alte Villa \ud83c\udfa7 \ud83c\udfda\ufe0f\ud83d\udd26 Ein verwittertes Gem\u00e4uer, das Geschichten fl\u00fcstert.In einer abgelegenen alten Villa geht Seltsames vor sich: flackernde Lichter, schattenhafte Gestalten und ein Geheimnis, das in jeder Diele zu lauern scheint. Tim, Karl, Kl\u00f6\u00dfchen und Gaby wagen sich hinein in das br\u00fcchige Reich vergangener Zeiten \u2013 und [&hellip;]<\/p>\n","protected":false},"featured_media":1460,"comment_status":"open","ping_status":"closed","template":"","meta":[],"product_brand":[],"product_cat":[35],"product_tag":[],"class_list":{"0":"post-1459","1":"product","2":"type-product","3":"status-publish","4":"has-post-thumbnail","6":"product_cat-hoerspiel-tkkg","8":"first","9":"instock","10":"sale","11":"virtual","12":"purchasable","13":"product-type-simple"},"jetpack_sharing_enabled":true,"_links":{"self":[{"href":"https:\/\/audiobook-24.com\/en\/wp-json\/wp\/v2\/product\/1459","targetHints":{"allow":["GET"]}}],"collection":[{"href":"https:\/\/audiobook-24.com\/en\/wp-json\/wp\/v2\/product"}],"about":[{"href":"https:\/\/audiobook-24.com\/en\/wp-json\/wp\/v2\/types\/product"}],"replies":[{"embeddable":true,"href":"https:\/\/audiobook-24.com\/en\/wp-json\/wp\/v2\/comments?post=1459"}],"wp:featuredmedia":[{"embeddable":true,"href":"https:\/\/audiobook-24.com\/en\/wp-json\/wp\/v2\/media\/1460"}],"wp:attachment":[{"href":"https:\/\/audiobook-24.com\/en\/wp-json\/wp\/v2\/media?parent=1459"}],"wp:term":[{"taxonomy":"product_brand","embeddable":true,"href":"https:\/\/audiobook-24.com\/en\/wp-json\/wp\/v2\/product_brand?post=1459"},{"taxonomy":"product_cat","embeddable":true,"href":"https:\/\/audiobook-24.com\/en\/wp-json\/wp\/v2\/product_cat?post=1459"},{"taxonomy":"product_tag","embeddable":true,"href":"https:\/\/audiobook-24.com\/en\/wp-json\/wp\/v2\/product_tag?post=1459"}],"curies":[{"name":"wp","href":"https:\/\/api.w.org\/{rel}","templated":true}]}}