{"id":1457,"date":"2025-11-26T15:55:25","date_gmt":"2025-11-26T15:55:25","guid":{"rendered":"https:\/\/audiobook-24.com\/?post_type=product&#038;p=1457"},"modified":"2025-11-26T15:55:25","modified_gmt":"2025-11-26T15:55:25","slug":"%f0%9f%8e%a7-hoerspiel-tkkg-angst-in-der-9a-%f0%9f%8e%a7","status":"publish","type":"product","link":"https:\/\/audiobook-24.com\/en\/product\/%f0%9f%8e%a7-hoerspiel-tkkg-angst-in-der-9a-%f0%9f%8e%a7\/","title":{"rendered":"\ud83c\udfa7 H\u00f6rspiel: TKKG \u2013 Angst in der 9a \ud83c\udfa7"},"content":{"rendered":"<hr data-start=\"70\" data-end=\"73\" \/>\n<p data-start=\"75\" data-end=\"119\">\ud83c\udfa7 H\u00f6rspiel: <strong data-start=\"88\" data-end=\"114\">TKKG \u2013 Angst in der 9a<\/strong> \ud83c\udfa7<\/p>\n<p data-start=\"121\" data-end=\"631\">\ud83c\udfeb\u26a1 Ein Fall, der die Schule erzittern l\u00e4sst!<br data-start=\"166\" data-end=\"169\" \/>In der 9a macht sich eine unheimliche Stimmung breit: Drohbriefe, fl\u00fcsternde Ger\u00fcchte und eine Angst, die wie ein kalter Luftzug durch die Klassenr\u00e4ume zieht. Tim, Karl, Kl\u00f6\u00dfchen und Gaby sp\u00fcren sofort, dass hier mehr dahintersteckt als blo\u00dfer Sch\u00fclerstreich.<br data-start=\"428\" data-end=\"431\" \/>W\u00e4hrend TKKG den Spuren folgt, offenbart sich ein Plan, der gef\u00e4hrlich tief in vertraute Strukturen greift. Jetzt hei\u00dft es: Ruhe bewahren, messerscharf kombinieren und dem Schrecken ein Ende setzen.<\/p>\n<p data-start=\"633\" data-end=\"715\">Ein H\u00f6rspiel voller Schulspannungen, cleverer Wendungen und echter TKKG-Energie!<\/p>\n<p data-start=\"717\" data-end=\"924\">\ud83c\udfa7 <strong data-start=\"720\" data-end=\"731\">Format:<\/strong> MP3<br data-start=\"735\" data-end=\"738\" \/>\ud83d\udcb3 <strong data-start=\"741\" data-end=\"760\">Nach Bezahlung:<\/strong><br data-start=\"760\" data-end=\"763\" \/>\ud83d\udcf1 Sofortiger Download f\u00fcrs Handy<br data-start=\"796\" data-end=\"799\" \/>\ud83d\udcbb Sofortiger Download f\u00fcr PC<br data-start=\"828\" data-end=\"831\" \/>\ud83d\udda5\ufe0f Sofortiger Download f\u00fcrs Tablet<br data-start=\"866\" data-end=\"869\" data-is-only-node=\"\" \/>\ud83c\udfa7 Sofortiger Download als MP3 f\u00fcr jedes Abspielger\u00e4t<\/p>\n<p data-start=\"926\" data-end=\"971\">\ud83d\udca5 <strong data-start=\"929\" data-end=\"966\">Einmal gekauft \u2013 f\u00fcr immer deins!<\/strong> \ud83d\udca5<\/p>","protected":false},"excerpt":{"rendered":"<p>\ud83c\udfa7 H\u00f6rspiel: TKKG \u2013 Angst in der 9a \ud83c\udfa7 \ud83c\udfeb\u26a1 Ein Fall, der die Schule erzittern l\u00e4sst!In der 9a macht sich eine unheimliche Stimmung breit: Drohbriefe, fl\u00fcsternde Ger\u00fcchte und eine Angst, die wie ein kalter Luftzug durch die Klassenr\u00e4ume zieht. Tim, Karl, Kl\u00f6\u00dfchen und Gaby sp\u00fcren sofort, dass hier mehr dahintersteckt als blo\u00dfer Sch\u00fclerstreich.W\u00e4hrend TKKG [&hellip;]<\/p>\n","protected":false},"featured_media":1458,"comment_status":"open","ping_status":"closed","template":"","meta":[],"product_brand":[],"product_cat":[35],"product_tag":[],"class_list":{"0":"post-1457","1":"product","2":"type-product","3":"status-publish","4":"has-post-thumbnail","6":"product_cat-hoerspiel-tkkg","8":"first","9":"instock","10":"sale","11":"virtual","12":"purchasable","13":"product-type-simple"},"jetpack_sharing_enabled":true,"_links":{"self":[{"href":"https:\/\/audiobook-24.com\/en\/wp-json\/wp\/v2\/product\/1457","targetHints":{"allow":["GET"]}}],"collection":[{"href":"https:\/\/audiobook-24.com\/en\/wp-json\/wp\/v2\/product"}],"about":[{"href":"https:\/\/audiobook-24.com\/en\/wp-json\/wp\/v2\/types\/product"}],"replies":[{"embeddable":true,"href":"https:\/\/audiobook-24.com\/en\/wp-json\/wp\/v2\/comments?post=1457"}],"wp:featuredmedia":[{"embeddable":true,"href":"https:\/\/audiobook-24.com\/en\/wp-json\/wp\/v2\/media\/1458"}],"wp:attachment":[{"href":"https:\/\/audiobook-24.com\/en\/wp-json\/wp\/v2\/media?parent=1457"}],"wp:term":[{"taxonomy":"product_brand","embeddable":true,"href":"https:\/\/audiobook-24.com\/en\/wp-json\/wp\/v2\/product_brand?post=1457"},{"taxonomy":"product_cat","embeddable":true,"href":"https:\/\/audiobook-24.com\/en\/wp-json\/wp\/v2\/product_cat?post=1457"},{"taxonomy":"product_tag","embeddable":true,"href":"https:\/\/audiobook-24.com\/en\/wp-json\/wp\/v2\/product_tag?post=1457"}],"curies":[{"name":"wp","href":"https:\/\/api.w.org\/{rel}","templated":true}]}}