{"id":1455,"date":"2025-11-26T15:52:25","date_gmt":"2025-11-26T15:52:25","guid":{"rendered":"https:\/\/audiobook-24.com\/?post_type=product&#038;p=1455"},"modified":"2025-11-26T15:52:25","modified_gmt":"2025-11-26T15:52:25","slug":"%f0%9f%8e%a7-hoerspiel-tkkg-das-phantom-auf-dem-feuerstuhl-%f0%9f%8e%a7","status":"publish","type":"product","link":"https:\/\/audiobook-24.com\/en\/product\/%f0%9f%8e%a7-hoerspiel-tkkg-das-phantom-auf-dem-feuerstuhl-%f0%9f%8e%a7\/","title":{"rendered":"\ud83c\udfa7 H\u00f6rspiel: TKKG \u2013 Das Phantom auf dem Feuerstuhl \ud83c\udfa7"},"content":{"rendered":"<p data-start=\"67\" data-end=\"126\">\ud83c\udfa7 H\u00f6rspiel: <strong data-start=\"80\" data-end=\"121\">TKKG \u2013 Das Phantom auf dem Feuerstuhl<\/strong> \ud83c\udfa7<\/p>\n<p data-start=\"128\" data-end=\"594\">\ud83d\udd25\ud83d\udc7b Ein rasantes Abenteuer f\u00fcr TKKG!<br data-start=\"165\" data-end=\"168\" \/>Ein unheimliches Phantom zieht auf einem dr\u00f6hnenden Feuerstuhl seine Spur durch die Stadt. Augenzeugen berichten von einer geisterhaften Gestalt, die wie aus Nebel geboren wirkt. Tim, Karl, Kl\u00f6\u00dfchen und Gaby setzen alles daran, das R\u00e4tsel zu entwirren \u2013 und sto\u00dfen auf ein Netz aus Angst, Erpressung und gef\u00e4hrlichen Machenschaften.<br data-start=\"500\" data-end=\"503\" \/>Nur mit Mut und klarem Verstand kann TKKG das Phantom stoppen, bevor es erneut zuschl\u00e4gt.<\/p>\n<p data-start=\"596\" data-end=\"685\">Ein H\u00f6rspiel voller Tempo, Spannung und cleverer Ermittlungen \u2013 TKKG liefert wieder ab!<\/p>\n<p data-start=\"687\" data-end=\"886\">\ud83c\udfa7 Format: MP3<br data-start=\"701\" data-end=\"704\" \/>\ud83d\udcb3 Nach Bezahlung:<br data-start=\"722\" data-end=\"725\" \/>\ud83d\udcf1 Sofortiger Download f\u00fcrs Handy<br data-start=\"758\" data-end=\"761\" \/>\ud83d\udcbb Sofortiger Download f\u00fcr PC<br data-start=\"790\" data-end=\"793\" \/>\ud83d\udda5\ufe0f Sofortiger Download f\u00fcrs Tablet<br data-start=\"828\" data-end=\"831\" \/>\ud83c\udfa7 Sofortiger Download als MP3 f\u00fcr jedes Abspielger\u00e4t<\/p>\n<p data-start=\"888\" data-end=\"929\">\ud83d\udca5 Einmal gekauft \u2013 f\u00fcr immer deins! \ud83d\udca5<\/p>","protected":false},"excerpt":{"rendered":"<p>\ud83c\udfa7 H\u00f6rspiel: TKKG \u2013 Das Phantom auf dem Feuerstuhl \ud83c\udfa7 \ud83d\udd25\ud83d\udc7b Ein rasantes Abenteuer f\u00fcr TKKG!Ein unheimliches Phantom zieht auf einem dr\u00f6hnenden Feuerstuhl seine Spur durch die Stadt. Augenzeugen berichten von einer geisterhaften Gestalt, die wie aus Nebel geboren wirkt. Tim, Karl, Kl\u00f6\u00dfchen und Gaby setzen alles daran, das R\u00e4tsel zu entwirren \u2013 und sto\u00dfen [&hellip;]<\/p>\n","protected":false},"featured_media":1456,"comment_status":"open","ping_status":"closed","template":"","meta":[],"product_brand":[],"product_cat":[35],"product_tag":[],"class_list":{"0":"post-1455","1":"product","2":"type-product","3":"status-publish","4":"has-post-thumbnail","6":"product_cat-hoerspiel-tkkg","8":"first","9":"instock","10":"sale","11":"virtual","12":"purchasable","13":"product-type-simple"},"jetpack_sharing_enabled":true,"_links":{"self":[{"href":"https:\/\/audiobook-24.com\/en\/wp-json\/wp\/v2\/product\/1455","targetHints":{"allow":["GET"]}}],"collection":[{"href":"https:\/\/audiobook-24.com\/en\/wp-json\/wp\/v2\/product"}],"about":[{"href":"https:\/\/audiobook-24.com\/en\/wp-json\/wp\/v2\/types\/product"}],"replies":[{"embeddable":true,"href":"https:\/\/audiobook-24.com\/en\/wp-json\/wp\/v2\/comments?post=1455"}],"wp:featuredmedia":[{"embeddable":true,"href":"https:\/\/audiobook-24.com\/en\/wp-json\/wp\/v2\/media\/1456"}],"wp:attachment":[{"href":"https:\/\/audiobook-24.com\/en\/wp-json\/wp\/v2\/media?parent=1455"}],"wp:term":[{"taxonomy":"product_brand","embeddable":true,"href":"https:\/\/audiobook-24.com\/en\/wp-json\/wp\/v2\/product_brand?post=1455"},{"taxonomy":"product_cat","embeddable":true,"href":"https:\/\/audiobook-24.com\/en\/wp-json\/wp\/v2\/product_cat?post=1455"},{"taxonomy":"product_tag","embeddable":true,"href":"https:\/\/audiobook-24.com\/en\/wp-json\/wp\/v2\/product_tag?post=1455"}],"curies":[{"name":"wp","href":"https:\/\/api.w.org\/{rel}","templated":true}]}}