{"id":1449,"date":"2025-11-26T13:48:19","date_gmt":"2025-11-26T13:48:19","guid":{"rendered":"https:\/\/audiobook-24.com\/?post_type=product&#038;p=1449"},"modified":"2025-11-26T13:48:19","modified_gmt":"2025-11-26T13:48:19","slug":"%f0%9f%8e%a7-hoerspiel-tkkg-der-blinde-hellseher-%f0%9f%8e%a7","status":"publish","type":"product","link":"https:\/\/audiobook-24.com\/en\/product\/%f0%9f%8e%a7-hoerspiel-tkkg-der-blinde-hellseher-%f0%9f%8e%a7\/","title":{"rendered":"\ud83c\udfa7 H\u00f6rspiel: TKKG \u2013 Der blinde Hellseher \ud83c\udfa7"},"content":{"rendered":"<p data-start=\"75\" data-end=\"124\">\ud83c\udfa7 H\u00f6rspiel: <strong data-start=\"88\" data-end=\"119\">TKKG \u2013 Der blinde Hellseher<\/strong> \ud83c\udfa7<\/p>\n<p data-start=\"126\" data-end=\"482\">\ud83d\udd2e\ud83d\udd75\ufe0f\u200d\u2642\ufe0f Ein r\u00e4tselhaftes Abenteuer f\u00fcr TKKG!<br data-start=\"171\" data-end=\"174\" \/>TKKG trifft auf einen blinden Hellseher, dessen geheimnisvolle Prophezeiungen mehr sind als nur Zufall. Tim, Karl, Kl\u00f6\u00dfchen und Gaby m\u00fcssen Hinweise entschl\u00fcsseln, dunkle Geheimnisse aufdecken und ein drohendes Unheil verhindern. Ein Fall voller Spannung, mysteri\u00f6ser Wendungen und cleverer Detektivarbeit.<\/p>\n<p data-start=\"484\" data-end=\"564\">Ein H\u00f6rspiel voller Nervenkitzel, R\u00e4tselspa\u00df und Abenteuer \u2013 TKKG in Bestform!<\/p>\n<p data-start=\"566\" data-end=\"765\">\ud83c\udfa7 Format: MP3<br data-start=\"580\" data-end=\"583\" \/>\ud83d\udcb3 Nach Bezahlung:<br data-start=\"601\" data-end=\"604\" \/>\ud83d\udcf1 Sofortiger Download f\u00fcrs Handy<br data-start=\"637\" data-end=\"640\" \/>\ud83d\udcbb Sofortiger Download f\u00fcr PC<br data-start=\"669\" data-end=\"672\" \/>\ud83d\udda5\ufe0f Sofortiger Download f\u00fcrs Tablet<br data-start=\"707\" data-end=\"710\" \/>\ud83c\udfa7 Sofortiger Download als MP3 f\u00fcr jedes Abspielger\u00e4t<\/p>\n<p data-start=\"767\" data-end=\"808\">\ud83d\udca5 Einmal gekauft \u2013 f\u00fcr immer deins! \ud83d\udca5<\/p>","protected":false},"excerpt":{"rendered":"<p>\ud83c\udfa7 H\u00f6rspiel: TKKG \u2013 Der blinde Hellseher \ud83c\udfa7 \ud83d\udd2e\ud83d\udd75\ufe0f\u200d\u2642\ufe0f Ein r\u00e4tselhaftes Abenteuer f\u00fcr TKKG!TKKG trifft auf einen blinden Hellseher, dessen geheimnisvolle Prophezeiungen mehr sind als nur Zufall. Tim, Karl, Kl\u00f6\u00dfchen und Gaby m\u00fcssen Hinweise entschl\u00fcsseln, dunkle Geheimnisse aufdecken und ein drohendes Unheil verhindern. Ein Fall voller Spannung, mysteri\u00f6ser Wendungen und cleverer Detektivarbeit. Ein H\u00f6rspiel voller [&hellip;]<\/p>\n","protected":false},"featured_media":1450,"comment_status":"open","ping_status":"closed","template":"","meta":[],"product_brand":[],"product_cat":[35],"product_tag":[],"class_list":{"0":"post-1449","1":"product","2":"type-product","3":"status-publish","4":"has-post-thumbnail","6":"product_cat-hoerspiel-tkkg","8":"first","9":"instock","10":"sale","11":"virtual","12":"purchasable","13":"product-type-simple"},"jetpack_sharing_enabled":true,"_links":{"self":[{"href":"https:\/\/audiobook-24.com\/en\/wp-json\/wp\/v2\/product\/1449","targetHints":{"allow":["GET"]}}],"collection":[{"href":"https:\/\/audiobook-24.com\/en\/wp-json\/wp\/v2\/product"}],"about":[{"href":"https:\/\/audiobook-24.com\/en\/wp-json\/wp\/v2\/types\/product"}],"replies":[{"embeddable":true,"href":"https:\/\/audiobook-24.com\/en\/wp-json\/wp\/v2\/comments?post=1449"}],"wp:featuredmedia":[{"embeddable":true,"href":"https:\/\/audiobook-24.com\/en\/wp-json\/wp\/v2\/media\/1450"}],"wp:attachment":[{"href":"https:\/\/audiobook-24.com\/en\/wp-json\/wp\/v2\/media?parent=1449"}],"wp:term":[{"taxonomy":"product_brand","embeddable":true,"href":"https:\/\/audiobook-24.com\/en\/wp-json\/wp\/v2\/product_brand?post=1449"},{"taxonomy":"product_cat","embeddable":true,"href":"https:\/\/audiobook-24.com\/en\/wp-json\/wp\/v2\/product_cat?post=1449"},{"taxonomy":"product_tag","embeddable":true,"href":"https:\/\/audiobook-24.com\/en\/wp-json\/wp\/v2\/product_tag?post=1449"}],"curies":[{"name":"wp","href":"https:\/\/api.w.org\/{rel}","templated":true}]}}