{"id":1447,"date":"2025-11-26T13:44:53","date_gmt":"2025-11-26T13:44:53","guid":{"rendered":"https:\/\/audiobook-24.com\/?post_type=product&#038;p=1447"},"modified":"2025-11-26T13:44:53","modified_gmt":"2025-11-26T13:44:53","slug":"%f0%9f%8e%a7-hoerspiel-tkkg-drachenauge-%f0%9f%8e%a7","status":"publish","type":"product","link":"https:\/\/audiobook-24.com\/en\/product\/%f0%9f%8e%a7-hoerspiel-tkkg-drachenauge-%f0%9f%8e%a7\/","title":{"rendered":"\ud83c\udfa7 H\u00f6rspiel: TKKG \u2013 Drachenauge \ud83c\udfa7"},"content":{"rendered":"<p data-start=\"73\" data-end=\"113\">\ud83c\udfa7 H\u00f6rspiel: <strong data-start=\"86\" data-end=\"108\">TKKG \u2013 Drachenauge<\/strong> \ud83c\udfa7<\/p>\n<p data-start=\"115\" data-end=\"434\">\ud83d\udc09\ud83d\udd75\ufe0f\u200d\u2642\ufe0f Ein neues Abenteuer f\u00fcr TKKG!<br data-start=\"153\" data-end=\"156\" \/>TKKG st\u00f6\u00dft auf das geheimnisvolle Drachenauge \u2013 ein r\u00e4tselhaftes Artefakt, das in falschen H\u00e4nden gro\u00dfe Gefahr bedeuten kann. Gemeinsam m\u00fcssen Tim, Karl, Kl\u00f6\u00dfchen und Gaby knifflige R\u00e4tsel l\u00f6sen, um das Drachenauge zu sichern und einen drohenden Schatzdiebstahl zu verhindern.<\/p>\n<p data-start=\"436\" data-end=\"530\">Ein H\u00f6rspiel voller Spannung, R\u00e4tselspa\u00df und mutiger Heldentaten \u2013 TKKG auf h\u00f6chstem Niveau!<\/p>\n<p data-start=\"532\" data-end=\"731\">\ud83c\udfa7 Format: MP3<br data-start=\"546\" data-end=\"549\" \/>\ud83d\udcb3 Nach Bezahlung:<br data-start=\"567\" data-end=\"570\" \/>\ud83d\udcf1 Sofortiger Download f\u00fcrs Handy<br data-start=\"603\" data-end=\"606\" \/>\ud83d\udcbb Sofortiger Download f\u00fcr PC<br data-start=\"635\" data-end=\"638\" \/>\ud83d\udda5\ufe0f Sofortiger Download f\u00fcrs Tablet<br data-start=\"673\" data-end=\"676\" \/>\ud83c\udfa7 Sofortiger Download als MP3 f\u00fcr jedes Abspielger\u00e4t<\/p>\n<p data-start=\"733\" data-end=\"774\">\ud83d\udca5 Einmal gekauft \u2013 f\u00fcr immer deins! \ud83d\udca5<\/p>","protected":false},"excerpt":{"rendered":"<p>\ud83c\udfa7 H\u00f6rspiel: TKKG \u2013 Drachenauge \ud83c\udfa7 \ud83d\udc09\ud83d\udd75\ufe0f\u200d\u2642\ufe0f Ein neues Abenteuer f\u00fcr TKKG!TKKG st\u00f6\u00dft auf das geheimnisvolle Drachenauge \u2013 ein r\u00e4tselhaftes Artefakt, das in falschen H\u00e4nden gro\u00dfe Gefahr bedeuten kann. Gemeinsam m\u00fcssen Tim, Karl, Kl\u00f6\u00dfchen und Gaby knifflige R\u00e4tsel l\u00f6sen, um das Drachenauge zu sichern und einen drohenden Schatzdiebstahl zu verhindern. Ein H\u00f6rspiel voller Spannung, R\u00e4tselspa\u00df [&hellip;]<\/p>\n","protected":false},"featured_media":1448,"comment_status":"open","ping_status":"closed","template":"","meta":[],"product_brand":[],"product_cat":[35],"product_tag":[],"class_list":{"0":"post-1447","1":"product","2":"type-product","3":"status-publish","4":"has-post-thumbnail","6":"product_cat-hoerspiel-tkkg","8":"first","9":"instock","10":"sale","11":"virtual","12":"purchasable","13":"product-type-simple"},"jetpack_sharing_enabled":true,"_links":{"self":[{"href":"https:\/\/audiobook-24.com\/en\/wp-json\/wp\/v2\/product\/1447","targetHints":{"allow":["GET"]}}],"collection":[{"href":"https:\/\/audiobook-24.com\/en\/wp-json\/wp\/v2\/product"}],"about":[{"href":"https:\/\/audiobook-24.com\/en\/wp-json\/wp\/v2\/types\/product"}],"replies":[{"embeddable":true,"href":"https:\/\/audiobook-24.com\/en\/wp-json\/wp\/v2\/comments?post=1447"}],"wp:featuredmedia":[{"embeddable":true,"href":"https:\/\/audiobook-24.com\/en\/wp-json\/wp\/v2\/media\/1448"}],"wp:attachment":[{"href":"https:\/\/audiobook-24.com\/en\/wp-json\/wp\/v2\/media?parent=1447"}],"wp:term":[{"taxonomy":"product_brand","embeddable":true,"href":"https:\/\/audiobook-24.com\/en\/wp-json\/wp\/v2\/product_brand?post=1447"},{"taxonomy":"product_cat","embeddable":true,"href":"https:\/\/audiobook-24.com\/en\/wp-json\/wp\/v2\/product_cat?post=1447"},{"taxonomy":"product_tag","embeddable":true,"href":"https:\/\/audiobook-24.com\/en\/wp-json\/wp\/v2\/product_tag?post=1447"}],"curies":[{"name":"wp","href":"https:\/\/api.w.org\/{rel}","templated":true}]}}