{"id":1443,"date":"2025-11-26T13:35:37","date_gmt":"2025-11-26T13:35:37","guid":{"rendered":"https:\/\/audiobook-24.com\/?post_type=product&#038;p=1443"},"modified":"2025-11-26T13:35:37","modified_gmt":"2025-11-26T13:35:37","slug":"%f0%9f%8e%a7-hoerspiel-tkkg-das-geheimnis-um-tkkg-%f0%9f%8e%a7","status":"publish","type":"product","link":"https:\/\/audiobook-24.com\/en\/product\/%f0%9f%8e%a7-hoerspiel-tkkg-das-geheimnis-um-tkkg-%f0%9f%8e%a7\/","title":{"rendered":"\ud83c\udfa7 H\u00f6rspiel: TKKG \u2013 Das Geheimnis um TKKG \ud83c\udfa7"},"content":{"rendered":"<p data-start=\"0\" data-end=\"48\">\ud83c\udfa7 <strong data-start=\"3\" data-end=\"45\">H\u00f6rspiel: TKKG \u2013 Das Geheimnis um TKKG<\/strong> \ud83c\udfa7<\/p>\n<p data-start=\"50\" data-end=\"453\">\ud83d\udd75\ufe0f\u200d\u2642\ufe0f\ud83d\udd0d Vier Freunde, ein R\u00e4tsel, das gr\u00f6\u00dfer ist als jede Spur.<br data-start=\"114\" data-end=\"117\" \/>In diesem Fall geraten Tim, Karl, Kl\u00f6\u00dfchen und Gaby mitten hinein in ein Geheimnis, das wie ein dunkler Faden durch die Vergangenheit der Stadt f\u00fchrt. Seltsame Vorf\u00e4lle, verschl\u00fcsselte Hinweise und ein Gegner, der immer einen Schritt voraus scheint, ziehen die vier Freunde in ein Abenteuer, das selbst f\u00fcr sie ungewohnt verwinkelt ist.<\/p>\n<p data-start=\"455\" data-end=\"676\">W\u00e4hrend TKKG Puzzleteil f\u00fcr Puzzleteil an die Oberfl\u00e4che zerren, w\u00e4chst die Erkenntnis: Hinter diesem Fall steckt mehr als nur ein Gauner \u2013 hier verbirgt sich eine Geschichte, die jemand unbedingt im Schatten halten will.<\/p>\n<p data-start=\"678\" data-end=\"845\">Ein H\u00f6rspiel voller cleverer Wendungen, jugendlicher Energie und der typischen TKKG-Spannung, die wie ein Taschenlampenstrahl durch einen verlassenen Keller schneidet.<\/p>\n<p data-start=\"847\" data-end=\"1054\">\ud83c\udfa7 <strong data-start=\"850\" data-end=\"861\">Format:<\/strong> MP3<br data-start=\"865\" data-end=\"868\" \/>\ud83d\udcb3 <strong data-start=\"871\" data-end=\"890\">Nach Bezahlung:<\/strong><br data-start=\"890\" data-end=\"893\" \/>\ud83d\udcf1 Sofortiger Download f\u00fcrs Handy<br data-start=\"926\" data-end=\"929\" data-is-only-node=\"\" \/>\ud83d\udcbb Sofortiger Download f\u00fcr PC<br data-start=\"958\" data-end=\"961\" \/>\ud83d\udda5\ufe0f Sofortiger Download f\u00fcrs Tablet<br data-start=\"996\" data-end=\"999\" \/>\ud83c\udfa7 Sofortiger Download als MP3 f\u00fcr jedes Abspielger\u00e4t<\/p>\n<p data-start=\"1056\" data-end=\"1099\" data-is-last-node=\"\" data-is-only-node=\"\">\ud83d\udca5 <strong data-start=\"1059\" data-end=\"1096\">Einmal gekauft \u2013 f\u00fcr immer deins!<\/strong> \ud83d\udca5<\/p>","protected":false},"excerpt":{"rendered":"<p>\ud83c\udfa7 H\u00f6rspiel: TKKG \u2013 Das Geheimnis um TKKG \ud83c\udfa7 \ud83d\udd75\ufe0f\u200d\u2642\ufe0f\ud83d\udd0d Vier Freunde, ein R\u00e4tsel, das gr\u00f6\u00dfer ist als jede Spur.In diesem Fall geraten Tim, Karl, Kl\u00f6\u00dfchen und Gaby mitten hinein in ein Geheimnis, das wie ein dunkler Faden durch die Vergangenheit der Stadt f\u00fchrt. Seltsame Vorf\u00e4lle, verschl\u00fcsselte Hinweise und ein Gegner, der immer einen Schritt [&hellip;]<\/p>\n","protected":false},"featured_media":1444,"comment_status":"open","ping_status":"closed","template":"","meta":[],"product_brand":[],"product_cat":[35],"product_tag":[],"class_list":{"0":"post-1443","1":"product","2":"type-product","3":"status-publish","4":"has-post-thumbnail","6":"product_cat-hoerspiel-tkkg","8":"first","9":"instock","10":"sale","11":"virtual","12":"purchasable","13":"product-type-simple"},"jetpack_sharing_enabled":true,"_links":{"self":[{"href":"https:\/\/audiobook-24.com\/en\/wp-json\/wp\/v2\/product\/1443","targetHints":{"allow":["GET"]}}],"collection":[{"href":"https:\/\/audiobook-24.com\/en\/wp-json\/wp\/v2\/product"}],"about":[{"href":"https:\/\/audiobook-24.com\/en\/wp-json\/wp\/v2\/types\/product"}],"replies":[{"embeddable":true,"href":"https:\/\/audiobook-24.com\/en\/wp-json\/wp\/v2\/comments?post=1443"}],"wp:featuredmedia":[{"embeddable":true,"href":"https:\/\/audiobook-24.com\/en\/wp-json\/wp\/v2\/media\/1444"}],"wp:attachment":[{"href":"https:\/\/audiobook-24.com\/en\/wp-json\/wp\/v2\/media?parent=1443"}],"wp:term":[{"taxonomy":"product_brand","embeddable":true,"href":"https:\/\/audiobook-24.com\/en\/wp-json\/wp\/v2\/product_brand?post=1443"},{"taxonomy":"product_cat","embeddable":true,"href":"https:\/\/audiobook-24.com\/en\/wp-json\/wp\/v2\/product_cat?post=1443"},{"taxonomy":"product_tag","embeddable":true,"href":"https:\/\/audiobook-24.com\/en\/wp-json\/wp\/v2\/product_tag?post=1443"}],"curies":[{"name":"wp","href":"https:\/\/api.w.org\/{rel}","templated":true}]}}