{"id":1439,"date":"2025-11-26T12:54:15","date_gmt":"2025-11-26T12:54:15","guid":{"rendered":"https:\/\/audiobook-24.com\/?post_type=product&#038;p=1439"},"modified":"2025-11-26T12:54:16","modified_gmt":"2025-11-26T12:54:16","slug":"%f0%9f%8e%a7-hoerspiel-john-sinclair-deadwood-stadt-der-saerge-%f0%9f%8e%a7","status":"publish","type":"product","link":"https:\/\/audiobook-24.com\/en\/product\/%f0%9f%8e%a7-hoerspiel-john-sinclair-deadwood-stadt-der-saerge-%f0%9f%8e%a7\/","title":{"rendered":"\ud83c\udfa7 H\u00f6rspiel: John Sinclair \u2013 Deadwood \u2013 Stadt der S\u00e4rge \ud83c\udfa7"},"content":{"rendered":"<p data-start=\"0\" data-end=\"66\">\ud83c\udfa7 <strong data-start=\"3\" data-end=\"61\">H\u00f6rspiel: John Sinclair \u2013 Deadwood \u2013 <em data-start=\"42\" data-end=\"59\">Stadt der S\u00e4rge<\/em><\/strong> \ud83c\udfa7<\/p>\n<p data-start=\"68\" data-end=\"499\">\ud83c\udf11\u26b0\ufe0f <strong data-start=\"73\" data-end=\"141\">Willkommen in Deadwood \u2013 wo jeder Schatten eine Falle sein kann.<\/strong><br data-start=\"141\" data-end=\"144\" \/>John Sinclair verschl\u00e4gt es in die ber\u00fcchtigte Western-Geisterstadt Deadwood \u2013 einen Ort, an dem die Toten nicht ruhen und ein uralter Fluch seine finstere Macht entfaltet.<br data-start=\"316\" data-end=\"319\" \/>Unheimliche Erscheinungen, bedrohliche M\u00e4chte und ein Gegner, der direkt aus dem Albtraum eines D\u00e4monenkillers stammen k\u00f6nnte, machen diesen Fall zu einem der d\u00fcstersten Abenteuer.<\/p>\n<p data-start=\"501\" data-end=\"608\">Ein H\u00f6rspiel voller Action, Horror, Western-Flair und packender Atmosph\u00e4re \u2013 <em data-start=\"578\" data-end=\"606\">John Sinclair at its best!<\/em><\/p>\n<p data-start=\"610\" data-end=\"817\">\ud83c\udfa7 <strong data-start=\"613\" data-end=\"624\">Format:<\/strong> MP3<br data-start=\"628\" data-end=\"631\" \/>\ud83d\udcb3 <strong data-start=\"634\" data-end=\"653\">Nach Bezahlung:<\/strong><br data-start=\"653\" data-end=\"656\" \/>\ud83d\udcf1 Sofortiger Download f\u00fcrs Handy<br data-start=\"689\" data-end=\"692\" \/>\ud83d\udcbb Sofortiger Download f\u00fcr PC<br data-start=\"721\" data-end=\"724\" \/>\ud83d\udda5\ufe0f Sofortiger Download f\u00fcrs Tablet<br data-start=\"759\" data-end=\"762\" \/>\ud83c\udfa7 Sofortiger Download als MP3 f\u00fcr jedes Abspielger\u00e4t<\/p>\n<p data-start=\"819\" data-end=\"862\" data-is-last-node=\"\" data-is-only-node=\"\">\ud83d\udca5 <strong data-start=\"822\" data-end=\"859\">Einmal gekauft \u2013 f\u00fcr immer deins!<\/strong> \ud83d\udca5<\/p>","protected":false},"excerpt":{"rendered":"<p>\ud83c\udfa7 H\u00f6rspiel: John Sinclair \u2013 Deadwood \u2013 Stadt der S\u00e4rge \ud83c\udfa7 \ud83c\udf11\u26b0\ufe0f Willkommen in Deadwood \u2013 wo jeder Schatten eine Falle sein kann.John Sinclair verschl\u00e4gt es in die ber\u00fcchtigte Western-Geisterstadt Deadwood \u2013 einen Ort, an dem die Toten nicht ruhen und ein uralter Fluch seine finstere Macht entfaltet.Unheimliche Erscheinungen, bedrohliche M\u00e4chte und ein Gegner, der [&hellip;]<\/p>\n","protected":false},"featured_media":1440,"comment_status":"open","ping_status":"closed","template":"","meta":[],"product_brand":[],"product_cat":[31],"product_tag":[],"class_list":{"0":"post-1439","1":"product","2":"type-product","3":"status-publish","4":"has-post-thumbnail","6":"product_cat-john-sinclair","8":"first","9":"instock","10":"shipping-taxable","11":"product-type-simple"},"jetpack_sharing_enabled":true,"_links":{"self":[{"href":"https:\/\/audiobook-24.com\/en\/wp-json\/wp\/v2\/product\/1439","targetHints":{"allow":["GET"]}}],"collection":[{"href":"https:\/\/audiobook-24.com\/en\/wp-json\/wp\/v2\/product"}],"about":[{"href":"https:\/\/audiobook-24.com\/en\/wp-json\/wp\/v2\/types\/product"}],"replies":[{"embeddable":true,"href":"https:\/\/audiobook-24.com\/en\/wp-json\/wp\/v2\/comments?post=1439"}],"wp:featuredmedia":[{"embeddable":true,"href":"https:\/\/audiobook-24.com\/en\/wp-json\/wp\/v2\/media\/1440"}],"wp:attachment":[{"href":"https:\/\/audiobook-24.com\/en\/wp-json\/wp\/v2\/media?parent=1439"}],"wp:term":[{"taxonomy":"product_brand","embeddable":true,"href":"https:\/\/audiobook-24.com\/en\/wp-json\/wp\/v2\/product_brand?post=1439"},{"taxonomy":"product_cat","embeddable":true,"href":"https:\/\/audiobook-24.com\/en\/wp-json\/wp\/v2\/product_cat?post=1439"},{"taxonomy":"product_tag","embeddable":true,"href":"https:\/\/audiobook-24.com\/en\/wp-json\/wp\/v2\/product_tag?post=1439"}],"curies":[{"name":"wp","href":"https:\/\/api.w.org\/{rel}","templated":true}]}}