{"id":1435,"date":"2025-11-26T12:45:33","date_gmt":"2025-11-26T12:45:33","guid":{"rendered":"https:\/\/audiobook-24.com\/?post_type=product&#038;p=1435"},"modified":"2025-11-26T12:45:34","modified_gmt":"2025-11-26T12:45:34","slug":"%f0%9f%8e%a7-hoerspiel-john-sinclair-folge-165-mit-blut-geschrieben-%f0%9f%8e%a7","status":"publish","type":"product","link":"https:\/\/audiobook-24.com\/en\/product\/%f0%9f%8e%a7-hoerspiel-john-sinclair-folge-165-mit-blut-geschrieben-%f0%9f%8e%a7\/","title":{"rendered":"\ud83c\udfa7 H\u00f6rspiel: John Sinclair \u2013 Folge 165 \u2013 Mit Blut geschrieben \ud83c\udfa7"},"content":{"rendered":"<p data-start=\"0\" data-end=\"72\">\ud83c\udfa7 <strong data-start=\"3\" data-end=\"67\">H\u00f6rspiel: John Sinclair \u2013 Folge 165 \u2013 <em data-start=\"43\" data-end=\"65\">Mit Blut geschrieben<\/em><\/strong> \ud83c\udfa7<\/p>\n<p data-start=\"74\" data-end=\"460\">\ud83e\ude78\ud83d\udcdc <strong data-start=\"79\" data-end=\"112\">Wenn Worte zu Wunden werden \u2026<\/strong><br data-start=\"112\" data-end=\"115\" \/>Ein mysteri\u00f6ses Manuskript taucht auf \u2013 verfasst in Blut, erf\u00fcllt mit finsterer Macht und t\u00f6dlichen Geheimnissen. Jeder, der darin liest, wird Teil einer grausamen Geschichte, die sich unaufhaltsam selbst weiterschreibt.<br data-start=\"335\" data-end=\"338\" \/>John Sinclair erkennt schnell, dass hier kein gew\u00f6hnlicher Fluch wirkt: Das Buch lebt \u2026 und es verlangt nach neuen Opfern.<\/p>\n<p data-start=\"462\" data-end=\"562\">Ein d\u00fcsteres, intensives Abenteuer voller Horror, R\u00e4tsel und klassischer Sinclair-G\u00e4nsehaut-Momente.<\/p>\n<hr data-start=\"564\" data-end=\"567\" \/>\n<p data-start=\"569\" data-end=\"745\">\ud83c\udfa7 <strong data-start=\"572\" data-end=\"595\">MP3 nach Bezahlung:<\/strong><br data-start=\"595\" data-end=\"598\" \/>\ud83d\udcf1 H\u00f6rspiel als MP3 f\u00fcrs Handy<br data-start=\"628\" data-end=\"631\" \/>\ud83d\udcbb H\u00f6rspiel als MP3 f\u00fcr den PC<br data-start=\"661\" data-end=\"664\" \/>\ud83d\udda5\ufe0f H\u00f6rspiel als MP3 f\u00fcrs Tablet<br data-start=\"696\" data-end=\"699\" \/>\ud83d\udcc0 H\u00f6rspiel als MP3 f\u00fcr alle g\u00e4ngigen Player<\/p>\n<p data-start=\"747\" data-end=\"790\" data-is-last-node=\"\" data-is-only-node=\"\">\ud83d\udca5 <strong data-start=\"750\" data-end=\"787\">Einmal gekauft \u2013 f\u00fcr immer deins!<\/strong> \ud83d\udca5<\/p>","protected":false},"excerpt":{"rendered":"<p>\ud83c\udfa7 H\u00f6rspiel: John Sinclair \u2013 Folge 165 \u2013 Mit Blut geschrieben \ud83c\udfa7 \ud83e\ude78\ud83d\udcdc Wenn Worte zu Wunden werden \u2026Ein mysteri\u00f6ses Manuskript taucht auf \u2013 verfasst in Blut, erf\u00fcllt mit finsterer Macht und t\u00f6dlichen Geheimnissen. Jeder, der darin liest, wird Teil einer grausamen Geschichte, die sich unaufhaltsam selbst weiterschreibt.John Sinclair erkennt schnell, dass hier kein gew\u00f6hnlicher [&hellip;]<\/p>\n","protected":false},"featured_media":1436,"comment_status":"open","ping_status":"closed","template":"","meta":[],"product_brand":[],"product_cat":[31],"product_tag":[],"class_list":{"0":"post-1435","1":"product","2":"type-product","3":"status-publish","4":"has-post-thumbnail","6":"product_cat-john-sinclair","8":"first","9":"instock","10":"sale","11":"virtual","12":"purchasable","13":"product-type-simple"},"jetpack_sharing_enabled":true,"_links":{"self":[{"href":"https:\/\/audiobook-24.com\/en\/wp-json\/wp\/v2\/product\/1435","targetHints":{"allow":["GET"]}}],"collection":[{"href":"https:\/\/audiobook-24.com\/en\/wp-json\/wp\/v2\/product"}],"about":[{"href":"https:\/\/audiobook-24.com\/en\/wp-json\/wp\/v2\/types\/product"}],"replies":[{"embeddable":true,"href":"https:\/\/audiobook-24.com\/en\/wp-json\/wp\/v2\/comments?post=1435"}],"wp:featuredmedia":[{"embeddable":true,"href":"https:\/\/audiobook-24.com\/en\/wp-json\/wp\/v2\/media\/1436"}],"wp:attachment":[{"href":"https:\/\/audiobook-24.com\/en\/wp-json\/wp\/v2\/media?parent=1435"}],"wp:term":[{"taxonomy":"product_brand","embeddable":true,"href":"https:\/\/audiobook-24.com\/en\/wp-json\/wp\/v2\/product_brand?post=1435"},{"taxonomy":"product_cat","embeddable":true,"href":"https:\/\/audiobook-24.com\/en\/wp-json\/wp\/v2\/product_cat?post=1435"},{"taxonomy":"product_tag","embeddable":true,"href":"https:\/\/audiobook-24.com\/en\/wp-json\/wp\/v2\/product_tag?post=1435"}],"curies":[{"name":"wp","href":"https:\/\/api.w.org\/{rel}","templated":true}]}}