{"id":1431,"date":"2025-11-26T12:41:02","date_gmt":"2025-11-26T12:41:02","guid":{"rendered":"https:\/\/audiobook-24.com\/?post_type=product&#038;p=1431"},"modified":"2025-11-26T12:41:02","modified_gmt":"2025-11-26T12:41:02","slug":"%f0%9f%8e%a7-hoerspiel-john-sinclair-folge-177-verliebt-verlobt-und-eingesargt-%f0%9f%8e%a7","status":"publish","type":"product","link":"https:\/\/audiobook-24.com\/en\/product\/%f0%9f%8e%a7-hoerspiel-john-sinclair-folge-177-verliebt-verlobt-und-eingesargt-%f0%9f%8e%a7\/","title":{"rendered":"\ud83c\udfa7 H\u00f6rspiel: John Sinclair \u2013 Folge 177 \u2013 Verliebt, verlobt und eingesargt \ud83c\udfa7"},"content":{"rendered":"<p data-start=\"0\" data-end=\"84\">\ud83c\udfa7 <strong data-start=\"3\" data-end=\"79\">H\u00f6rspiel: John Sinclair \u2013 Folge 177 \u2013 <em data-start=\"43\" data-end=\"77\">Verliebt, verlobt und eingesargt<\/em><\/strong> \ud83c\udfa7<\/p>\n<p data-start=\"86\" data-end=\"513\">\u26b0\ufe0f\ud83d\udc8d <strong data-start=\"91\" data-end=\"137\">Liebe bis in den Tod \u2013 und dar\u00fcber hinaus.<\/strong><br data-start=\"137\" data-end=\"140\" \/>Ein romantisches Idyll wird zum Albtraum, als eine Braut verschwindet und ein uraltes Ritual erwacht. John Sinclair wird in einen Fall gezogen, in dem Leidenschaft, Besessenheit und \u00fcbernat\u00fcrliche M\u00e4chte zu einer t\u00f6dlichen Mischung verschmelzen.<br data-start=\"385\" data-end=\"388\" \/>Ein m\u00f6rderischer Liebesbund, ein unheiliger Pakt \u2013 und ein Gegner, der keine Ruhe gibt, bis sein makabres Werk vollendet ist.<\/p>\n<p data-start=\"515\" data-end=\"582\">Atmosph\u00e4risch, schaurig und voller klassischer Sinclair-Spannung!<\/p>\n<p data-start=\"584\" data-end=\"711\">\ud83d\udd0a <strong data-start=\"587\" data-end=\"611\">Format: MP3-H\u00f6rspiel<\/strong><br data-start=\"611\" data-end=\"614\" \/>\ud83d\udcbb Sofort downloadbar f\u00fcr PC<br data-start=\"642\" data-end=\"645\" \/>\ud83d\udcf1 F\u00fcrs Handy<br data-start=\"658\" data-end=\"661\" data-is-only-node=\"\" \/>\ud83d\udda5\ufe0f F\u00fcrs Tablet<br data-start=\"676\" data-end=\"679\" \/>\ud83c\udfa7 F\u00fcr alle MP3-f\u00e4higen Player<\/p>\n<p data-start=\"713\" data-end=\"756\" data-is-last-node=\"\" data-is-only-node=\"\">\ud83d\udca5 <strong data-start=\"716\" data-end=\"753\">Einmal gekauft \u2013 f\u00fcr immer deins!<\/strong> \ud83d\udca5<\/p>","protected":false},"excerpt":{"rendered":"<p>\ud83c\udfa7 H\u00f6rspiel: John Sinclair \u2013 Folge 177 \u2013 Verliebt, verlobt und eingesargt \ud83c\udfa7 \u26b0\ufe0f\ud83d\udc8d Liebe bis in den Tod \u2013 und dar\u00fcber hinaus.Ein romantisches Idyll wird zum Albtraum, als eine Braut verschwindet und ein uraltes Ritual erwacht. John Sinclair wird in einen Fall gezogen, in dem Leidenschaft, Besessenheit und \u00fcbernat\u00fcrliche M\u00e4chte zu einer t\u00f6dlichen Mischung [&hellip;]<\/p>\n","protected":false},"featured_media":1432,"comment_status":"open","ping_status":"closed","template":"","meta":[],"product_brand":[],"product_cat":[31],"product_tag":[],"class_list":{"0":"post-1431","1":"product","2":"type-product","3":"status-publish","4":"has-post-thumbnail","6":"product_cat-john-sinclair","8":"first","9":"instock","10":"sale","11":"virtual","12":"purchasable","13":"product-type-simple"},"jetpack_sharing_enabled":true,"_links":{"self":[{"href":"https:\/\/audiobook-24.com\/en\/wp-json\/wp\/v2\/product\/1431","targetHints":{"allow":["GET"]}}],"collection":[{"href":"https:\/\/audiobook-24.com\/en\/wp-json\/wp\/v2\/product"}],"about":[{"href":"https:\/\/audiobook-24.com\/en\/wp-json\/wp\/v2\/types\/product"}],"replies":[{"embeddable":true,"href":"https:\/\/audiobook-24.com\/en\/wp-json\/wp\/v2\/comments?post=1431"}],"wp:featuredmedia":[{"embeddable":true,"href":"https:\/\/audiobook-24.com\/en\/wp-json\/wp\/v2\/media\/1432"}],"wp:attachment":[{"href":"https:\/\/audiobook-24.com\/en\/wp-json\/wp\/v2\/media?parent=1431"}],"wp:term":[{"taxonomy":"product_brand","embeddable":true,"href":"https:\/\/audiobook-24.com\/en\/wp-json\/wp\/v2\/product_brand?post=1431"},{"taxonomy":"product_cat","embeddable":true,"href":"https:\/\/audiobook-24.com\/en\/wp-json\/wp\/v2\/product_cat?post=1431"},{"taxonomy":"product_tag","embeddable":true,"href":"https:\/\/audiobook-24.com\/en\/wp-json\/wp\/v2\/product_tag?post=1431"}],"curies":[{"name":"wp","href":"https:\/\/api.w.org\/{rel}","templated":true}]}}