{"id":1429,"date":"2025-11-26T12:38:22","date_gmt":"2025-11-26T12:38:22","guid":{"rendered":"https:\/\/audiobook-24.com\/?post_type=product&#038;p=1429"},"modified":"2025-11-26T12:38:22","modified_gmt":"2025-11-26T12:38:22","slug":"%f0%9f%8e%a7-hoerspiel-john-sinclair-folge-159-skylla-die-menschenschlange-%f0%9f%8e%a7","status":"publish","type":"product","link":"https:\/\/audiobook-24.com\/en\/product\/%f0%9f%8e%a7-hoerspiel-john-sinclair-folge-159-skylla-die-menschenschlange-%f0%9f%8e%a7\/","title":{"rendered":"\ud83c\udfa7 H\u00f6rspiel: John Sinclair \u2013 Folge 159 \u2013 Skylla, die Menschenschlange \ud83c\udfa7"},"content":{"rendered":"<p data-start=\"0\" data-end=\"80\">\ud83c\udfa7 <strong data-start=\"3\" data-end=\"75\">H\u00f6rspiel: John Sinclair \u2013 Folge 159 \u2013 <em data-start=\"43\" data-end=\"73\">Skylla, die Menschenschlange<\/em><\/strong> \ud83c\udfa7<\/p>\n<p data-start=\"82\" data-end=\"597\">\ud83d\udc0d\ud83c\udf2b\ufe0f <strong data-start=\"88\" data-end=\"183\">Ein uraltes Monster erwacht \u2013 und Sinclair stellt sich einem Albtraum aus Fleisch und Gift.<\/strong><br data-start=\"183\" data-end=\"186\" \/>In den Tiefen einer verlassenen Ruine erhebt sich Skylla, eine t\u00f6dliche Kreatur halb Frau, halb Schlange. Ihr Blick kann t\u00f6ten, ihr Zorn kennt keine Grenzen \u2013 und ihr Hunger richtet sich auf die Menschheit selbst.<br data-start=\"399\" data-end=\"402\" \/>John Sinclair und sein Team geraten in einen Kampf, bei dem jeder Atemzug der letzte sein k\u00f6nnte.<br data-start=\"499\" data-end=\"502\" \/>D\u00e4monische Spannung, d\u00fcstere Atmosph\u00e4re und actiongeladener Horror \u2013 ein Klassiker der Reihe!<\/p>\n<p data-start=\"599\" data-end=\"726\">\ud83d\udd0a <strong data-start=\"602\" data-end=\"626\">Format: MP3-H\u00f6rspiel<\/strong><br data-start=\"626\" data-end=\"629\" \/>\ud83d\udcbb Sofort downloadbar f\u00fcr PC<br data-start=\"657\" data-end=\"660\" \/>\ud83d\udcf1 F\u00fcrs Handy<br data-start=\"673\" data-end=\"676\" \/>\ud83d\udda5\ufe0f F\u00fcrs Tablet<br data-start=\"691\" data-end=\"694\" \/>\ud83c\udfa7 F\u00fcr alle MP3-f\u00e4higen Player<\/p>\n<p data-start=\"728\" data-end=\"771\" data-is-last-node=\"\" data-is-only-node=\"\">\ud83d\udca5 <strong data-start=\"731\" data-end=\"768\">Einmal gekauft \u2013 f\u00fcr immer deins!<\/strong> \ud83d\udca5<\/p>","protected":false},"excerpt":{"rendered":"<p>\ud83c\udfa7 H\u00f6rspiel: John Sinclair \u2013 Folge 159 \u2013 Skylla, die Menschenschlange \ud83c\udfa7 \ud83d\udc0d\ud83c\udf2b\ufe0f Ein uraltes Monster erwacht \u2013 und Sinclair stellt sich einem Albtraum aus Fleisch und Gift.In den Tiefen einer verlassenen Ruine erhebt sich Skylla, eine t\u00f6dliche Kreatur halb Frau, halb Schlange. Ihr Blick kann t\u00f6ten, ihr Zorn kennt keine Grenzen \u2013 und ihr [&hellip;]<\/p>\n","protected":false},"featured_media":1430,"comment_status":"open","ping_status":"closed","template":"","meta":[],"product_brand":[],"product_cat":[31],"product_tag":[],"class_list":{"0":"post-1429","1":"product","2":"type-product","3":"status-publish","4":"has-post-thumbnail","6":"product_cat-john-sinclair","8":"first","9":"instock","10":"sale","11":"virtual","12":"purchasable","13":"product-type-simple"},"jetpack_sharing_enabled":true,"_links":{"self":[{"href":"https:\/\/audiobook-24.com\/en\/wp-json\/wp\/v2\/product\/1429","targetHints":{"allow":["GET"]}}],"collection":[{"href":"https:\/\/audiobook-24.com\/en\/wp-json\/wp\/v2\/product"}],"about":[{"href":"https:\/\/audiobook-24.com\/en\/wp-json\/wp\/v2\/types\/product"}],"replies":[{"embeddable":true,"href":"https:\/\/audiobook-24.com\/en\/wp-json\/wp\/v2\/comments?post=1429"}],"wp:featuredmedia":[{"embeddable":true,"href":"https:\/\/audiobook-24.com\/en\/wp-json\/wp\/v2\/media\/1430"}],"wp:attachment":[{"href":"https:\/\/audiobook-24.com\/en\/wp-json\/wp\/v2\/media?parent=1429"}],"wp:term":[{"taxonomy":"product_brand","embeddable":true,"href":"https:\/\/audiobook-24.com\/en\/wp-json\/wp\/v2\/product_brand?post=1429"},{"taxonomy":"product_cat","embeddable":true,"href":"https:\/\/audiobook-24.com\/en\/wp-json\/wp\/v2\/product_cat?post=1429"},{"taxonomy":"product_tag","embeddable":true,"href":"https:\/\/audiobook-24.com\/en\/wp-json\/wp\/v2\/product_tag?post=1429"}],"curies":[{"name":"wp","href":"https:\/\/api.w.org\/{rel}","templated":true}]}}