{"id":1427,"date":"2025-11-24T23:31:14","date_gmt":"2025-11-24T23:31:14","guid":{"rendered":"https:\/\/audiobook-24.com\/?post_type=product&#038;p=1427"},"modified":"2025-11-24T23:31:15","modified_gmt":"2025-11-24T23:31:15","slug":"%f0%9f%93%9a-ebook-amanda-cross-kate-fansler-05-toedliches-erbe-%f0%9f%93%9a","status":"publish","type":"product","link":"https:\/\/audiobook-24.com\/en\/product\/%f0%9f%93%9a-ebook-amanda-cross-kate-fansler-05-toedliches-erbe-%f0%9f%93%9a\/","title":{"rendered":"\ud83d\udcda Ebook: Amanda Cross \u2013 Kate Fansler 05 \u2013 T\u00f6dliches Erbe \ud83d\udcda"},"content":{"rendered":"<p data-start=\"0\" data-end=\"66\">\ud83d\udcda <strong data-start=\"3\" data-end=\"61\">Ebook: Amanda Cross \u2013 Kate Fansler 05 \u2013 T\u00f6dliches Erbe<\/strong> \ud83d\udcda<\/p>\n<p data-start=\"68\" data-end=\"547\">\ud83c\udfdb\ufe0f\ud83d\udc80 <strong data-start=\"74\" data-end=\"142\">Ein Erbe voller Geheimnisse \u2013 und ein Mord, der alles ver\u00e4ndert.<\/strong><br data-start=\"142\" data-end=\"145\" \/>Kate Fansler, Literaturprofessorin und scharfsinnige Ermittlerin, wird in einen mysteri\u00f6sen Fall verwickelt, als ein geerbtes Verm\u00f6gen zu t\u00f6dlichen Folgen f\u00fchrt. Hinter der gl\u00e4nzenden Fassade der Reichen lauern Neid, Intrigen und gef\u00e4hrliche Geheimnisse.<br data-start=\"399\" data-end=\"402\" \/>Je tiefer Kate die Hintergr\u00fcnde erforscht, desto klarer wird: Wer nach dem Erbe greift, riskiert mehr als nur Geld \u2013 manchmal das eigene Leben.<\/p>\n<p data-start=\"549\" data-end=\"660\">Ein psychologisch spannender, clever konstruierter Krimi voller unerwarteter Wendungen und subtiler Spannung.<\/p>\n<p data-start=\"662\" data-end=\"830\">\ud83d\udcb3 <strong data-start=\"665\" data-end=\"684\">Nach Bezahlung:<\/strong><br data-start=\"684\" data-end=\"687\" \/>\ud83d\udcbb Sofortiger Download f\u00fcr PC<br data-start=\"716\" data-end=\"719\" \/>\ud83d\udcf1 Sofortiger Download f\u00fcrs Handy<br data-start=\"752\" data-end=\"755\" data-is-only-node=\"\" \/>\ud83d\udda5\ufe0f Sofortiger Download f\u00fcrs Tablet<br data-start=\"790\" data-end=\"793\" \/>\ud83d\udcda Sofortiger Download f\u00fcr E-Reader<\/p>\n<p data-start=\"832\" data-end=\"875\" data-is-last-node=\"\" data-is-only-node=\"\">\ud83d\udca5 <strong data-start=\"835\" data-end=\"872\">Einmal gekauft \u2013 f\u00fcr immer deins!<\/strong> \ud83d\udca5<\/p>","protected":false},"excerpt":{"rendered":"<p>\ud83d\udcda Ebook: Amanda Cross \u2013 Kate Fansler 05 \u2013 T\u00f6dliches Erbe \ud83d\udcda \ud83c\udfdb\ufe0f\ud83d\udc80 Ein Erbe voller Geheimnisse \u2013 und ein Mord, der alles ver\u00e4ndert.Kate Fansler, Literaturprofessorin und scharfsinnige Ermittlerin, wird in einen mysteri\u00f6sen Fall verwickelt, als ein geerbtes Verm\u00f6gen zu t\u00f6dlichen Folgen f\u00fchrt. Hinter der gl\u00e4nzenden Fassade der Reichen lauern Neid, Intrigen und gef\u00e4hrliche Geheimnisse.Je [&hellip;]<\/p>\n","protected":false},"featured_media":1428,"comment_status":"open","ping_status":"closed","template":"","meta":[],"product_brand":[],"product_cat":[39],"product_tag":[],"class_list":{"0":"post-1427","1":"product","2":"type-product","3":"status-publish","4":"has-post-thumbnail","6":"product_cat-e-book-krimi","8":"first","9":"instock","10":"sale","11":"virtual","12":"purchasable","13":"product-type-simple"},"jetpack_sharing_enabled":true,"_links":{"self":[{"href":"https:\/\/audiobook-24.com\/en\/wp-json\/wp\/v2\/product\/1427","targetHints":{"allow":["GET"]}}],"collection":[{"href":"https:\/\/audiobook-24.com\/en\/wp-json\/wp\/v2\/product"}],"about":[{"href":"https:\/\/audiobook-24.com\/en\/wp-json\/wp\/v2\/types\/product"}],"replies":[{"embeddable":true,"href":"https:\/\/audiobook-24.com\/en\/wp-json\/wp\/v2\/comments?post=1427"}],"wp:featuredmedia":[{"embeddable":true,"href":"https:\/\/audiobook-24.com\/en\/wp-json\/wp\/v2\/media\/1428"}],"wp:attachment":[{"href":"https:\/\/audiobook-24.com\/en\/wp-json\/wp\/v2\/media?parent=1427"}],"wp:term":[{"taxonomy":"product_brand","embeddable":true,"href":"https:\/\/audiobook-24.com\/en\/wp-json\/wp\/v2\/product_brand?post=1427"},{"taxonomy":"product_cat","embeddable":true,"href":"https:\/\/audiobook-24.com\/en\/wp-json\/wp\/v2\/product_cat?post=1427"},{"taxonomy":"product_tag","embeddable":true,"href":"https:\/\/audiobook-24.com\/en\/wp-json\/wp\/v2\/product_tag?post=1427"}],"curies":[{"name":"wp","href":"https:\/\/api.w.org\/{rel}","templated":true}]}}