{"id":1425,"date":"2025-11-24T23:29:37","date_gmt":"2025-11-24T23:29:37","guid":{"rendered":"https:\/\/audiobook-24.com\/?post_type=product&#038;p=1425"},"modified":"2025-11-24T23:29:37","modified_gmt":"2025-11-24T23:29:37","slug":"%f0%9f%93%9a-ebook-amanda-cross-kate-fansler-06-die-tote-von-harvard-%f0%9f%93%9a","status":"publish","type":"product","link":"https:\/\/audiobook-24.com\/en\/product\/%f0%9f%93%9a-ebook-amanda-cross-kate-fansler-06-die-tote-von-harvard-%f0%9f%93%9a\/","title":{"rendered":"\ud83d\udcda Ebook: Amanda Cross \u2013 Kate Fansler 06 \u2013 Die Tote von Harvard \ud83d\udcda"},"content":{"rendered":"<p data-start=\"0\" data-end=\"72\">\ud83d\udcda <strong data-start=\"3\" data-end=\"67\">Ebook: Amanda Cross \u2013 Kate Fansler 06 \u2013 Die Tote von Harvard<\/strong> \ud83d\udcda<\/p>\n<p data-start=\"74\" data-end=\"603\">\ud83c\udf93\ud83d\udc80 <strong data-start=\"79\" data-end=\"163\">Ein Mord an der renommierten Universit\u00e4t \u2013 und eine Ermittlerin auf Spurensuche.<\/strong><br data-start=\"163\" data-end=\"166\" \/>Kate Fansler, Literaturprofessorin und kluge Detektivin, ger\u00e4t in einen Fall, der die Mauern der ehrw\u00fcrdigen Harvard-Universit\u00e4t ersch\u00fcttert. Eine junge Frau wird tot aufgefunden, und zun\u00e4chst wirkt alles wie ein tragischer Unfall.<br data-start=\"397\" data-end=\"400\" \/>Doch Kate erkennt schnell, dass hinter der Fassade aus akademischem Glanz Intrigen, Geheimnisse und t\u00f6dliche Motive lauern. Jeder Schritt zur Wahrheit bringt sie n\u00e4her an den T\u00e4ter \u2013 und an die Gefahr.<\/p>\n<p data-start=\"605\" data-end=\"719\">Ein intelligenter, psychologisch dichter Krimi voller Spannung, \u00fcberraschender Wendungen und subtiler Bedrohung.<\/p>\n<p data-start=\"721\" data-end=\"889\">\ud83d\udcb3 <strong data-start=\"724\" data-end=\"743\">Nach Bezahlung:<\/strong><br data-start=\"743\" data-end=\"746\" \/>\ud83d\udcbb Sofortiger Download f\u00fcr PC<br data-start=\"775\" data-end=\"778\" \/>\ud83d\udcf1 Sofortiger Download f\u00fcrs Handy<br data-start=\"811\" data-end=\"814\" data-is-only-node=\"\" \/>\ud83d\udda5\ufe0f Sofortiger Download f\u00fcrs Tablet<br data-start=\"849\" data-end=\"852\" \/>\ud83d\udcda Sofortiger Download f\u00fcr E-Reader<\/p>\n<p data-start=\"891\" data-end=\"934\" data-is-last-node=\"\" data-is-only-node=\"\">\ud83d\udca5 <strong data-start=\"894\" data-end=\"931\">Einmal gekauft \u2013 f\u00fcr immer deins!<\/strong> \ud83d\udca5<\/p>","protected":false},"excerpt":{"rendered":"<p>\ud83d\udcda Ebook: Amanda Cross \u2013 Kate Fansler 06 \u2013 Die Tote von Harvard \ud83d\udcda \ud83c\udf93\ud83d\udc80 Ein Mord an der renommierten Universit\u00e4t \u2013 und eine Ermittlerin auf Spurensuche.Kate Fansler, Literaturprofessorin und kluge Detektivin, ger\u00e4t in einen Fall, der die Mauern der ehrw\u00fcrdigen Harvard-Universit\u00e4t ersch\u00fcttert. Eine junge Frau wird tot aufgefunden, und zun\u00e4chst wirkt alles wie ein [&hellip;]<\/p>\n","protected":false},"featured_media":1426,"comment_status":"open","ping_status":"closed","template":"","meta":[],"product_brand":[],"product_cat":[39],"product_tag":[],"class_list":{"0":"post-1425","1":"product","2":"type-product","3":"status-publish","4":"has-post-thumbnail","6":"product_cat-e-book-krimi","8":"first","9":"instock","10":"sale","11":"virtual","12":"purchasable","13":"product-type-simple"},"jetpack_sharing_enabled":true,"_links":{"self":[{"href":"https:\/\/audiobook-24.com\/en\/wp-json\/wp\/v2\/product\/1425","targetHints":{"allow":["GET"]}}],"collection":[{"href":"https:\/\/audiobook-24.com\/en\/wp-json\/wp\/v2\/product"}],"about":[{"href":"https:\/\/audiobook-24.com\/en\/wp-json\/wp\/v2\/types\/product"}],"replies":[{"embeddable":true,"href":"https:\/\/audiobook-24.com\/en\/wp-json\/wp\/v2\/comments?post=1425"}],"wp:featuredmedia":[{"embeddable":true,"href":"https:\/\/audiobook-24.com\/en\/wp-json\/wp\/v2\/media\/1426"}],"wp:attachment":[{"href":"https:\/\/audiobook-24.com\/en\/wp-json\/wp\/v2\/media?parent=1425"}],"wp:term":[{"taxonomy":"product_brand","embeddable":true,"href":"https:\/\/audiobook-24.com\/en\/wp-json\/wp\/v2\/product_brand?post=1425"},{"taxonomy":"product_cat","embeddable":true,"href":"https:\/\/audiobook-24.com\/en\/wp-json\/wp\/v2\/product_cat?post=1425"},{"taxonomy":"product_tag","embeddable":true,"href":"https:\/\/audiobook-24.com\/en\/wp-json\/wp\/v2\/product_tag?post=1425"}],"curies":[{"name":"wp","href":"https:\/\/api.w.org\/{rel}","templated":true}]}}