{"id":1421,"date":"2025-11-24T23:24:30","date_gmt":"2025-11-24T23:24:30","guid":{"rendered":"https:\/\/audiobook-24.com\/?post_type=product&#038;p=1421"},"modified":"2025-11-24T23:24:30","modified_gmt":"2025-11-24T23:24:30","slug":"%f0%9f%93%9a-ebook-amanda-cross-kate-fansler-08-albertas-schatten-%f0%9f%93%9a","status":"publish","type":"product","link":"https:\/\/audiobook-24.com\/en\/product\/%f0%9f%93%9a-ebook-amanda-cross-kate-fansler-08-albertas-schatten-%f0%9f%93%9a\/","title":{"rendered":"\ud83d\udcda Ebook: Amanda Cross \u2013 Kate Fansler 08 \u2013 Albertas Schatten \ud83d\udcda"},"content":{"rendered":"<p data-start=\"0\" data-end=\"71\">\ud83d\udcda <strong data-start=\"3\" data-end=\"66\">Ebook: Amanda Cross \u2013 <em data-start=\"27\" data-end=\"64\">Kate Fansler 08 \u2013 Albertas Schatten<\/em><\/strong> \ud83d\udcda<\/p>\n<p data-start=\"73\" data-end=\"501\">\ud83c\udf12\ud83d\udd0d <strong data-start=\"78\" data-end=\"170\">Ein dunkles Geheimnis aus der Vergangenheit \u2013 und eine Ermittlerin, die Antworten sucht.<\/strong><br data-start=\"170\" data-end=\"173\" \/>Kate Fansler, Literaturprofessorin und scharfsinnige Detektivin, wird in einen Fall gezogen, der weit zur\u00fcckreicht: Albertas Vergangenheit wirft lange Schatten \u00fcber die Gegenwart.<br data-start=\"352\" data-end=\"355\" \/>Als mysteri\u00f6se Drohungen und unheimliche Ereignisse auftauchen, wird Kate klar, dass die Wahrheit verborgen, gef\u00e4hrlich \u2013 und t\u00f6dlich sein kann.<\/p>\n<p data-start=\"503\" data-end=\"658\">Amanda Cross liefert einen psychologisch raffinierten, spannenden Krimi voller \u00fcberraschender Wendungen, subtiler Bedrohung und meisterhafter Atmosph\u00e4re.<\/p>\n<hr data-start=\"660\" data-end=\"665\" \/>\n<p data-start=\"667\" data-end=\"835\">\ud83d\udcb3 <strong data-start=\"670\" data-end=\"689\">Nach Bezahlung:<\/strong><br data-start=\"689\" data-end=\"692\" \/>\ud83d\udcbb Sofortiger Download f\u00fcr PC<br data-start=\"721\" data-end=\"724\" \/>\ud83d\udcf1 Sofortiger Download f\u00fcrs Handy<br data-start=\"757\" data-end=\"760\" \/>\ud83d\udda5\ufe0f Sofortiger Download f\u00fcrs Tablet<br data-start=\"795\" data-end=\"798\" \/>\ud83d\udcda Sofortiger Download f\u00fcr E-Reader<\/p>\n<p data-start=\"837\" data-end=\"880\" data-is-last-node=\"\" data-is-only-node=\"\">\ud83d\udca5 <strong data-start=\"840\" data-end=\"877\">Einmal gekauft \u2013 f\u00fcr immer deins!<\/strong> \ud83d\udca5<\/p>","protected":false},"excerpt":{"rendered":"<p>\ud83d\udcda Ebook: Amanda Cross \u2013 Kate Fansler 08 \u2013 Albertas Schatten \ud83d\udcda \ud83c\udf12\ud83d\udd0d Ein dunkles Geheimnis aus der Vergangenheit \u2013 und eine Ermittlerin, die Antworten sucht.Kate Fansler, Literaturprofessorin und scharfsinnige Detektivin, wird in einen Fall gezogen, der weit zur\u00fcckreicht: Albertas Vergangenheit wirft lange Schatten \u00fcber die Gegenwart.Als mysteri\u00f6se Drohungen und unheimliche Ereignisse auftauchen, wird Kate [&hellip;]<\/p>\n","protected":false},"featured_media":1422,"comment_status":"open","ping_status":"closed","template":"","meta":[],"product_brand":[],"product_cat":[39],"product_tag":[],"class_list":{"0":"post-1421","1":"product","2":"type-product","3":"status-publish","4":"has-post-thumbnail","6":"product_cat-e-book-krimi","8":"first","9":"instock","10":"sale","11":"virtual","12":"purchasable","13":"product-type-simple"},"jetpack_sharing_enabled":true,"_links":{"self":[{"href":"https:\/\/audiobook-24.com\/en\/wp-json\/wp\/v2\/product\/1421","targetHints":{"allow":["GET"]}}],"collection":[{"href":"https:\/\/audiobook-24.com\/en\/wp-json\/wp\/v2\/product"}],"about":[{"href":"https:\/\/audiobook-24.com\/en\/wp-json\/wp\/v2\/types\/product"}],"replies":[{"embeddable":true,"href":"https:\/\/audiobook-24.com\/en\/wp-json\/wp\/v2\/comments?post=1421"}],"wp:featuredmedia":[{"embeddable":true,"href":"https:\/\/audiobook-24.com\/en\/wp-json\/wp\/v2\/media\/1422"}],"wp:attachment":[{"href":"https:\/\/audiobook-24.com\/en\/wp-json\/wp\/v2\/media?parent=1421"}],"wp:term":[{"taxonomy":"product_brand","embeddable":true,"href":"https:\/\/audiobook-24.com\/en\/wp-json\/wp\/v2\/product_brand?post=1421"},{"taxonomy":"product_cat","embeddable":true,"href":"https:\/\/audiobook-24.com\/en\/wp-json\/wp\/v2\/product_cat?post=1421"},{"taxonomy":"product_tag","embeddable":true,"href":"https:\/\/audiobook-24.com\/en\/wp-json\/wp\/v2\/product_tag?post=1421"}],"curies":[{"name":"wp","href":"https:\/\/api.w.org\/{rel}","templated":true}]}}