{"id":1419,"date":"2025-11-24T23:22:22","date_gmt":"2025-11-24T23:22:22","guid":{"rendered":"https:\/\/audiobook-24.com\/?post_type=product&#038;p=1419"},"modified":"2025-11-24T23:22:22","modified_gmt":"2025-11-24T23:22:22","slug":"%f0%9f%93%9a-ebook-amanda-cross-kate-fansler-09-der-sturz-aus-dem-fenster-%f0%9f%93%9a","status":"publish","type":"product","link":"https:\/\/audiobook-24.com\/en\/product\/%f0%9f%93%9a-ebook-amanda-cross-kate-fansler-09-der-sturz-aus-dem-fenster-%f0%9f%93%9a\/","title":{"rendered":"\ud83d\udcda Ebook: Amanda Cross \u2013 Kate Fansler 09 \u2013 Der Sturz aus dem Fenster \ud83d\udcda"},"content":{"rendered":"<p data-start=\"0\" data-end=\"79\">\ud83d\udcda <strong data-start=\"3\" data-end=\"74\">Ebook: Amanda Cross \u2013 <em data-start=\"27\" data-end=\"72\">Kate Fansler 09 \u2013 Der Sturz aus dem Fenster<\/em><\/strong> \ud83d\udcda<\/p>\n<p data-start=\"81\" data-end=\"572\">\ud83e\ude9f\ud83d\udc80 <strong data-start=\"86\" data-end=\"154\">Ein t\u00f6dlicher Sturz \u2013 und ein R\u00e4tsel, das nach Wahrheit schreit.<\/strong><br data-start=\"154\" data-end=\"157\" \/>Kate Fansler, Literaturprofessorin und kluge Ermittlerin wider Willen, wird in einen mysteri\u00f6sen Todesfall verwickelt: Eine Frau st\u00fcrzt aus einem Fenster \u2013 Unfall, Selbstmord oder Mord?<br data-start=\"342\" data-end=\"345\" \/>Je tiefer Kate recherchiert, desto klarer wird, dass die \u00e4u\u00dferen Umst\u00e4nde tr\u00fcgen. Verborgene Motive, alte Fehden und gef\u00e4hrliche Geheimnisse verdichten sich zu einem t\u00f6dlichen Netz, aus dem es kein Entkommen zu geben scheint.<\/p>\n<p data-start=\"574\" data-end=\"690\">Ein fesselnder, psychologisch raffinierter Krimi voller Spannung, \u00fcberraschender Wendungen und subtiler Bedrohung.<\/p>\n<hr data-start=\"692\" data-end=\"697\" \/>\n<p data-start=\"699\" data-end=\"867\">\ud83d\udcb3 <strong data-start=\"702\" data-end=\"721\">Nach Bezahlung:<\/strong><br data-start=\"721\" data-end=\"724\" \/>\ud83d\udcbb Sofortiger Download f\u00fcr PC<br data-start=\"753\" data-end=\"756\" \/>\ud83d\udcf1 Sofortiger Download f\u00fcrs Handy<br data-start=\"789\" data-end=\"792\" \/>\ud83d\udda5\ufe0f Sofortiger Download f\u00fcrs Tablet<br data-start=\"827\" data-end=\"830\" \/>\ud83d\udcda Sofortiger Download f\u00fcr E-Reader<\/p>\n<p data-start=\"869\" data-end=\"912\" data-is-last-node=\"\" data-is-only-node=\"\">\ud83d\udca5 <strong data-start=\"872\" data-end=\"909\">Einmal gekauft \u2013 f\u00fcr immer deins!<\/strong> \ud83d\udca5<\/p>","protected":false},"excerpt":{"rendered":"<p>\ud83d\udcda Ebook: Amanda Cross \u2013 Kate Fansler 09 \u2013 Der Sturz aus dem Fenster \ud83d\udcda \ud83e\ude9f\ud83d\udc80 Ein t\u00f6dlicher Sturz \u2013 und ein R\u00e4tsel, das nach Wahrheit schreit.Kate Fansler, Literaturprofessorin und kluge Ermittlerin wider Willen, wird in einen mysteri\u00f6sen Todesfall verwickelt: Eine Frau st\u00fcrzt aus einem Fenster \u2013 Unfall, Selbstmord oder Mord?Je tiefer Kate recherchiert, desto [&hellip;]<\/p>\n","protected":false},"featured_media":1420,"comment_status":"open","ping_status":"closed","template":"","meta":[],"product_brand":[],"product_cat":[39],"product_tag":[],"class_list":{"0":"post-1419","1":"product","2":"type-product","3":"status-publish","4":"has-post-thumbnail","6":"product_cat-e-book-krimi","8":"first","9":"instock","10":"sale","11":"virtual","12":"purchasable","13":"product-type-simple"},"jetpack_sharing_enabled":true,"_links":{"self":[{"href":"https:\/\/audiobook-24.com\/en\/wp-json\/wp\/v2\/product\/1419","targetHints":{"allow":["GET"]}}],"collection":[{"href":"https:\/\/audiobook-24.com\/en\/wp-json\/wp\/v2\/product"}],"about":[{"href":"https:\/\/audiobook-24.com\/en\/wp-json\/wp\/v2\/types\/product"}],"replies":[{"embeddable":true,"href":"https:\/\/audiobook-24.com\/en\/wp-json\/wp\/v2\/comments?post=1419"}],"wp:featuredmedia":[{"embeddable":true,"href":"https:\/\/audiobook-24.com\/en\/wp-json\/wp\/v2\/media\/1420"}],"wp:attachment":[{"href":"https:\/\/audiobook-24.com\/en\/wp-json\/wp\/v2\/media?parent=1419"}],"wp:term":[{"taxonomy":"product_brand","embeddable":true,"href":"https:\/\/audiobook-24.com\/en\/wp-json\/wp\/v2\/product_brand?post=1419"},{"taxonomy":"product_cat","embeddable":true,"href":"https:\/\/audiobook-24.com\/en\/wp-json\/wp\/v2\/product_cat?post=1419"},{"taxonomy":"product_tag","embeddable":true,"href":"https:\/\/audiobook-24.com\/en\/wp-json\/wp\/v2\/product_tag?post=1419"}],"curies":[{"name":"wp","href":"https:\/\/api.w.org\/{rel}","templated":true}]}}