{"id":1417,"date":"2025-11-24T23:19:41","date_gmt":"2025-11-24T23:19:41","guid":{"rendered":"https:\/\/audiobook-24.com\/?post_type=product&#038;p=1417"},"modified":"2025-11-24T23:19:41","modified_gmt":"2025-11-24T23:19:41","slug":"%f0%9f%93%9a-ebook-amanda-cross-kate-fansler-11-spionin-in-eigener-sache-%f0%9f%93%9a","status":"publish","type":"product","link":"https:\/\/audiobook-24.com\/en\/product\/%f0%9f%93%9a-ebook-amanda-cross-kate-fansler-11-spionin-in-eigener-sache-%f0%9f%93%9a\/","title":{"rendered":"\ud83d\udcda Ebook: Amanda Cross \u2013 Kate Fansler 11 \u2013 Spionin in eigener Sache \ud83d\udcda"},"content":{"rendered":"<p data-start=\"0\" data-end=\"78\">\ud83d\udcda <strong data-start=\"3\" data-end=\"73\">Ebook: Amanda Cross \u2013 <em data-start=\"27\" data-end=\"71\">Kate Fansler 11 \u2013 Spionin in eigener Sache<\/em><\/strong> \ud83d\udcda<\/p>\n<p data-start=\"80\" data-end=\"575\">\ud83d\udd75\ufe0f\u200d\u2640\ufe0f\ud83d\udcdc <strong data-start=\"89\" data-end=\"172\">Ein Fall voller Geheimnisse \u2013 und eine Ermittlerin mitten im Netz der Intrigen.<\/strong><br data-start=\"172\" data-end=\"175\" \/>Kate Fansler, Literaturprofessorin und scharfsinnige Detektivin, st\u00f6\u00dft auf ein Netz aus Spionage, Verrat und gef\u00e4hrlichen Geheimnissen \u2013 und pl\u00f6tzlich wird klar, dass die Gefahr n\u00e4her ist, als sie denkt.<br data-start=\"378\" data-end=\"381\" \/>W\u00e4hrend sie die Puzzleteile zusammensetzt, muss Kate nicht nur Verbrechen aufkl\u00e4ren, sondern auch ihr eigenes Leben sch\u00fctzen \u2013 denn nicht jeder, der freundlich erscheint, ist vertrauensw\u00fcrdig.<\/p>\n<p data-start=\"577\" data-end=\"687\">Ein intelligenter, spannender Krimi voller psychologischer Tiefe, cleverer Wendungen und subtiler Bedrohung.<\/p>\n<hr data-start=\"689\" data-end=\"694\" \/>\n<p data-start=\"696\" data-end=\"864\">\ud83d\udcb3 <strong data-start=\"699\" data-end=\"718\">Nach Bezahlung:<\/strong><br data-start=\"718\" data-end=\"721\" \/>\ud83d\udcbb Sofortiger Download f\u00fcr PC<br data-start=\"750\" data-end=\"753\" \/>\ud83d\udcf1 Sofortiger Download f\u00fcrs Handy<br data-start=\"786\" data-end=\"789\" \/>\ud83d\udda5\ufe0f Sofortiger Download f\u00fcrs Tablet<br data-start=\"824\" data-end=\"827\" \/>\ud83d\udcda Sofortiger Download f\u00fcr E-Reader<\/p>\n<p data-start=\"866\" data-end=\"909\" data-is-last-node=\"\" data-is-only-node=\"\">\ud83d\udca5 <strong data-start=\"869\" data-end=\"906\">Einmal gekauft \u2013 f\u00fcr immer deins!<\/strong> \ud83d\udca5<\/p>","protected":false},"excerpt":{"rendered":"<p>\ud83d\udcda Ebook: Amanda Cross \u2013 Kate Fansler 11 \u2013 Spionin in eigener Sache \ud83d\udcda \ud83d\udd75\ufe0f\u200d\u2640\ufe0f\ud83d\udcdc Ein Fall voller Geheimnisse \u2013 und eine Ermittlerin mitten im Netz der Intrigen.Kate Fansler, Literaturprofessorin und scharfsinnige Detektivin, st\u00f6\u00dft auf ein Netz aus Spionage, Verrat und gef\u00e4hrlichen Geheimnissen \u2013 und pl\u00f6tzlich wird klar, dass die Gefahr n\u00e4her ist, als sie [&hellip;]<\/p>\n","protected":false},"featured_media":1418,"comment_status":"open","ping_status":"closed","template":"","meta":[],"product_brand":[],"product_cat":[39],"product_tag":[],"class_list":{"0":"post-1417","1":"product","2":"type-product","3":"status-publish","4":"has-post-thumbnail","6":"product_cat-e-book-krimi","8":"first","9":"instock","10":"sale","11":"virtual","12":"purchasable","13":"product-type-simple"},"jetpack_sharing_enabled":true,"_links":{"self":[{"href":"https:\/\/audiobook-24.com\/en\/wp-json\/wp\/v2\/product\/1417","targetHints":{"allow":["GET"]}}],"collection":[{"href":"https:\/\/audiobook-24.com\/en\/wp-json\/wp\/v2\/product"}],"about":[{"href":"https:\/\/audiobook-24.com\/en\/wp-json\/wp\/v2\/types\/product"}],"replies":[{"embeddable":true,"href":"https:\/\/audiobook-24.com\/en\/wp-json\/wp\/v2\/comments?post=1417"}],"wp:featuredmedia":[{"embeddable":true,"href":"https:\/\/audiobook-24.com\/en\/wp-json\/wp\/v2\/media\/1418"}],"wp:attachment":[{"href":"https:\/\/audiobook-24.com\/en\/wp-json\/wp\/v2\/media?parent=1417"}],"wp:term":[{"taxonomy":"product_brand","embeddable":true,"href":"https:\/\/audiobook-24.com\/en\/wp-json\/wp\/v2\/product_brand?post=1417"},{"taxonomy":"product_cat","embeddable":true,"href":"https:\/\/audiobook-24.com\/en\/wp-json\/wp\/v2\/product_cat?post=1417"},{"taxonomy":"product_tag","embeddable":true,"href":"https:\/\/audiobook-24.com\/en\/wp-json\/wp\/v2\/product_tag?post=1417"}],"curies":[{"name":"wp","href":"https:\/\/api.w.org\/{rel}","templated":true}]}}