{"id":1415,"date":"2025-11-24T23:16:29","date_gmt":"2025-11-24T23:16:29","guid":{"rendered":"https:\/\/audiobook-24.com\/?post_type=product&#038;p=1415"},"modified":"2025-11-24T23:16:29","modified_gmt":"2025-11-24T23:16:29","slug":"%f0%9f%93%9a-ebook-amanda-cross-kate-fansler-12-das-zitternde-herz-%f0%9f%93%9a","status":"publish","type":"product","link":"https:\/\/audiobook-24.com\/en\/product\/%f0%9f%93%9a-ebook-amanda-cross-kate-fansler-12-das-zitternde-herz-%f0%9f%93%9a\/","title":{"rendered":"\ud83d\udcda Ebook: Amanda Cross \u2013 Kate Fansler 12 \u2013 Das zitternde Herz \ud83d\udcda"},"content":{"rendered":"<p data-start=\"0\" data-end=\"72\">\ud83d\udcda <strong data-start=\"3\" data-end=\"67\">Ebook: Amanda Cross \u2013 <em data-start=\"27\" data-end=\"65\">Kate Fansler 12 \u2013 Das zitternde Herz<\/em><\/strong> \ud83d\udcda<\/p>\n<p data-start=\"74\" data-end=\"620\">\ud83d\udc94\ud83d\udd0d <strong data-start=\"79\" data-end=\"154\">Ein r\u00e4tselhafter Todesfall \u2013 und eine Wahrheit, die niemand sehen will.<\/strong><br data-start=\"154\" data-end=\"157\" \/>Kate Fansler, Literaturprofessorin und scharfsinnige Amateurdetektivin, wird in einen Fall verwickelt, bei dem alles auf den ersten Blick klar erscheint \u2013 und doch nichts stimmt.<br data-start=\"335\" data-end=\"338\" \/>Der Tod einer jungen Frau wirft Fragen auf, die niemand zu stellen wagt.<br data-start=\"410\" data-end=\"413\" \/>Je tiefer Kate nachforscht, desto st\u00e4rker sp\u00fcrt sie, dass hinter der Fassade aus H\u00f6flichkeit, Bildungsb\u00fcrgertum und akademischem Glanz dunkle Leidenschaften, Machtspiele und gef\u00e4hrliche Geheimnisse lauern.<\/p>\n<p data-start=\"622\" data-end=\"733\">Ein fein gesponnener, intelligenter Krimi voller psychologischer Tiefe und leiser, aber best\u00e4ndiger Spannung.<\/p>\n<hr data-start=\"735\" data-end=\"740\" \/>\n<p data-start=\"742\" data-end=\"910\">\ud83d\udcb3 <strong data-start=\"745\" data-end=\"764\">Nach Bezahlung:<\/strong><br data-start=\"764\" data-end=\"767\" \/>\ud83d\udcbb Sofortiger Download f\u00fcr PC<br data-start=\"796\" data-end=\"799\" \/>\ud83d\udcf1 Sofortiger Download f\u00fcrs Handy<br data-start=\"832\" data-end=\"835\" \/>\ud83d\udda5\ufe0f Sofortiger Download f\u00fcrs Tablet<br data-start=\"870\" data-end=\"873\" \/>\ud83d\udcda Sofortiger Download f\u00fcr E-Reader<\/p>\n<p data-start=\"912\" data-end=\"955\" data-is-last-node=\"\" data-is-only-node=\"\">\ud83d\udca5 <strong data-start=\"915\" data-end=\"952\">Einmal gekauft \u2013 f\u00fcr immer deins!<\/strong> \ud83d\udca5<\/p>","protected":false},"excerpt":{"rendered":"<p>\ud83d\udcda Ebook: Amanda Cross \u2013 Kate Fansler 12 \u2013 Das zitternde Herz \ud83d\udcda \ud83d\udc94\ud83d\udd0d Ein r\u00e4tselhafter Todesfall \u2013 und eine Wahrheit, die niemand sehen will.Kate Fansler, Literaturprofessorin und scharfsinnige Amateurdetektivin, wird in einen Fall verwickelt, bei dem alles auf den ersten Blick klar erscheint \u2013 und doch nichts stimmt.Der Tod einer jungen Frau wirft Fragen [&hellip;]<\/p>\n","protected":false},"featured_media":1416,"comment_status":"open","ping_status":"closed","template":"","meta":[],"product_brand":[],"product_cat":[39],"product_tag":[],"class_list":{"0":"post-1415","1":"product","2":"type-product","3":"status-publish","4":"has-post-thumbnail","6":"product_cat-e-book-krimi","8":"first","9":"instock","10":"sale","11":"virtual","12":"purchasable","13":"product-type-simple"},"jetpack_sharing_enabled":true,"_links":{"self":[{"href":"https:\/\/audiobook-24.com\/en\/wp-json\/wp\/v2\/product\/1415","targetHints":{"allow":["GET"]}}],"collection":[{"href":"https:\/\/audiobook-24.com\/en\/wp-json\/wp\/v2\/product"}],"about":[{"href":"https:\/\/audiobook-24.com\/en\/wp-json\/wp\/v2\/types\/product"}],"replies":[{"embeddable":true,"href":"https:\/\/audiobook-24.com\/en\/wp-json\/wp\/v2\/comments?post=1415"}],"wp:featuredmedia":[{"embeddable":true,"href":"https:\/\/audiobook-24.com\/en\/wp-json\/wp\/v2\/media\/1416"}],"wp:attachment":[{"href":"https:\/\/audiobook-24.com\/en\/wp-json\/wp\/v2\/media?parent=1415"}],"wp:term":[{"taxonomy":"product_brand","embeddable":true,"href":"https:\/\/audiobook-24.com\/en\/wp-json\/wp\/v2\/product_brand?post=1415"},{"taxonomy":"product_cat","embeddable":true,"href":"https:\/\/audiobook-24.com\/en\/wp-json\/wp\/v2\/product_cat?post=1415"},{"taxonomy":"product_tag","embeddable":true,"href":"https:\/\/audiobook-24.com\/en\/wp-json\/wp\/v2\/product_tag?post=1415"}],"curies":[{"name":"wp","href":"https:\/\/api.w.org\/{rel}","templated":true}]}}