{"id":1413,"date":"2025-11-24T23:14:11","date_gmt":"2025-11-24T23:14:11","guid":{"rendered":"https:\/\/audiobook-24.com\/?post_type=product&#038;p=1413"},"modified":"2025-11-24T23:14:11","modified_gmt":"2025-11-24T23:14:11","slug":"%f0%9f%93%9a-ebook-martin-cruz-smith-arkadi-renko-01-gorki-park-%f0%9f%93%9a","status":"publish","type":"product","link":"https:\/\/audiobook-24.com\/en\/product\/%f0%9f%93%9a-ebook-martin-cruz-smith-arkadi-renko-01-gorki-park-%f0%9f%93%9a\/","title":{"rendered":"\ud83d\udcda Ebook: Martin Cruz-Smith \u2013 Arkadi Renko 01 \u2013 Gorki Park \ud83d\udcda"},"content":{"rendered":"<p data-start=\"0\" data-end=\"69\">\ud83d\udcda <strong data-start=\"3\" data-end=\"64\">Ebook: Martin Cruz-Smith \u2013 <em data-start=\"32\" data-end=\"62\">Arkadi Renko 01 \u2013 Gorki Park<\/em><\/strong> \ud83d\udcda<\/p>\n<p data-start=\"71\" data-end=\"526\">\ud83d\udd75\ufe0f\u200d\u2642\ufe0f\u2744\ufe0f <strong data-start=\"80\" data-end=\"147\">Drei Leichen im Schnee \u2013 und ein Ermittler, der nicht schweigt.<\/strong><br data-start=\"147\" data-end=\"150\" \/>Mitten im winterlichen Moskau werden im Gorki-Park drei brutal zugerichtete Leichen gefunden. Arkadi Renko, Chefinspektor der Mordkommission, \u00fcbernimmt den Fall \u2013 und st\u00f6\u00dft sofort auf Widerst\u00e4nde.<br data-start=\"346\" data-end=\"349\" \/>Die Spuren f\u00fchren ihn in ein Netz aus politischer Korruption, internationalem Einfluss und eiskaltem Kalk\u00fcl. Doch Renko gibt nicht auf, auch wenn er dabei sein Leben riskiert.<\/p>\n<p data-start=\"528\" data-end=\"651\">\u201eGorki Park\u201c ist ein packender Klassiker des Spannungsromans: atmosph\u00e4risch, intelligent, fesselnd bis zur letzten Seite.<\/p>\n<hr data-start=\"653\" data-end=\"658\" \/>\n<p data-start=\"660\" data-end=\"828\">\ud83d\udcb3 <strong data-start=\"663\" data-end=\"682\">Nach Bezahlung:<\/strong><br data-start=\"682\" data-end=\"685\" \/>\ud83d\udcbb Sofortiger Download f\u00fcr PC<br data-start=\"714\" data-end=\"717\" \/>\ud83d\udcf1 Sofortiger Download f\u00fcrs Handy<br data-start=\"750\" data-end=\"753\" \/>\ud83d\udda5\ufe0f Sofortiger Download f\u00fcrs Tablet<br data-start=\"788\" data-end=\"791\" \/>\ud83d\udcda Sofortiger Download f\u00fcr E-Reader<\/p>\n<p data-start=\"830\" data-end=\"873\" data-is-last-node=\"\" data-is-only-node=\"\">\ud83d\udca5 <strong data-start=\"833\" data-end=\"870\">Einmal gekauft \u2013 f\u00fcr immer deins!<\/strong> \ud83d\udca5<\/p>","protected":false},"excerpt":{"rendered":"<p>\ud83d\udcda Ebook: Martin Cruz-Smith \u2013 Arkadi Renko 01 \u2013 Gorki Park \ud83d\udcda \ud83d\udd75\ufe0f\u200d\u2642\ufe0f\u2744\ufe0f Drei Leichen im Schnee \u2013 und ein Ermittler, der nicht schweigt.Mitten im winterlichen Moskau werden im Gorki-Park drei brutal zugerichtete Leichen gefunden. Arkadi Renko, Chefinspektor der Mordkommission, \u00fcbernimmt den Fall \u2013 und st\u00f6\u00dft sofort auf Widerst\u00e4nde.Die Spuren f\u00fchren ihn in ein Netz [&hellip;]<\/p>\n","protected":false},"featured_media":1414,"comment_status":"open","ping_status":"closed","template":"","meta":[],"product_brand":[],"product_cat":[39],"product_tag":[],"class_list":{"0":"post-1413","1":"product","2":"type-product","3":"status-publish","4":"has-post-thumbnail","6":"product_cat-e-book-krimi","8":"first","9":"instock","10":"sale","11":"virtual","12":"purchasable","13":"product-type-simple"},"jetpack_sharing_enabled":true,"_links":{"self":[{"href":"https:\/\/audiobook-24.com\/en\/wp-json\/wp\/v2\/product\/1413","targetHints":{"allow":["GET"]}}],"collection":[{"href":"https:\/\/audiobook-24.com\/en\/wp-json\/wp\/v2\/product"}],"about":[{"href":"https:\/\/audiobook-24.com\/en\/wp-json\/wp\/v2\/types\/product"}],"replies":[{"embeddable":true,"href":"https:\/\/audiobook-24.com\/en\/wp-json\/wp\/v2\/comments?post=1413"}],"wp:featuredmedia":[{"embeddable":true,"href":"https:\/\/audiobook-24.com\/en\/wp-json\/wp\/v2\/media\/1414"}],"wp:attachment":[{"href":"https:\/\/audiobook-24.com\/en\/wp-json\/wp\/v2\/media?parent=1413"}],"wp:term":[{"taxonomy":"product_brand","embeddable":true,"href":"https:\/\/audiobook-24.com\/en\/wp-json\/wp\/v2\/product_brand?post=1413"},{"taxonomy":"product_cat","embeddable":true,"href":"https:\/\/audiobook-24.com\/en\/wp-json\/wp\/v2\/product_cat?post=1413"},{"taxonomy":"product_tag","embeddable":true,"href":"https:\/\/audiobook-24.com\/en\/wp-json\/wp\/v2\/product_tag?post=1413"}],"curies":[{"name":"wp","href":"https:\/\/api.w.org\/{rel}","templated":true}]}}