{"id":1411,"date":"2025-11-24T23:05:51","date_gmt":"2025-11-24T23:05:51","guid":{"rendered":"https:\/\/audiobook-24.com\/?post_type=product&#038;p=1411"},"modified":"2025-11-24T23:05:51","modified_gmt":"2025-11-24T23:05:51","slug":"%f0%9f%93%9a-ebook-martin-cruz-smith-arkadi-renko-02-polar-star-%f0%9f%93%9a","status":"publish","type":"product","link":"https:\/\/audiobook-24.com\/en\/product\/%f0%9f%93%9a-ebook-martin-cruz-smith-arkadi-renko-02-polar-star-%f0%9f%93%9a\/","title":{"rendered":"\ud83d\udcda Ebook: Martin Cruz-Smith \u2013 Arkadi Renko 02 \u2013 Polar Star \ud83d\udcda"},"content":{"rendered":"<p data-start=\"0\" data-end=\"69\">\ud83d\udcda <strong data-start=\"3\" data-end=\"64\">Ebook: Martin Cruz-Smith \u2013 <em data-start=\"32\" data-end=\"62\">Arkadi Renko 02 \u2013 Polar Star<\/em><\/strong> \ud83d\udcda<\/p>\n<p data-start=\"71\" data-end=\"543\">\u2744\ufe0f\ud83d\udd75\ufe0f\u200d\u2642\ufe0f <strong data-start=\"80\" data-end=\"149\">Eisige K\u00e4lte, t\u00f6dliche Stille \u2013 und ein Mord mitten auf dem Meer.<\/strong><br data-start=\"149\" data-end=\"152\" \/>Arkadi Renko arbeitet nach seinem Sturz in Ungnade auf einem sowjetischen Fischtrawler im Beringmeer. Doch selbst am Ende der Welt l\u00e4sst ihn das Verbrechen nicht los: Eine junge Frau wird tot an Deck gefunden.<br data-start=\"361\" data-end=\"364\" \/>W\u00e4hrend das Schiff durch Schnee, Nebel und raue See schneidet, muss Renko einen Fall l\u00f6sen, bei dem jeder an Bord ein Geheimnis hat \u2013 und jeder ein m\u00f6glicher M\u00f6rder sein k\u00f6nnte.<\/p>\n<p data-start=\"545\" data-end=\"679\">Ein atmosph\u00e4risch dichter, spannend erz\u00e4hlter Thriller, der Einsamkeit, politische Paranoia und eiskalte Gefahr meisterhaft vereint.<\/p>\n<hr data-start=\"681\" data-end=\"686\" \/>\n<p data-start=\"688\" data-end=\"856\">\ud83d\udcb3 <strong data-start=\"691\" data-end=\"710\">Nach Bezahlung:<\/strong><br data-start=\"710\" data-end=\"713\" \/>\ud83d\udcbb Sofortiger Download f\u00fcr PC<br data-start=\"742\" data-end=\"745\" \/>\ud83d\udcf1 Sofortiger Download f\u00fcrs Handy<br data-start=\"778\" data-end=\"781\" \/>\ud83d\udda5\ufe0f Sofortiger Download f\u00fcrs Tablet<br data-start=\"816\" data-end=\"819\" \/>\ud83d\udcda Sofortiger Download f\u00fcr E-Reader<\/p>\n<p data-start=\"858\" data-end=\"901\" data-is-last-node=\"\" data-is-only-node=\"\">\ud83d\udca5 <strong data-start=\"861\" data-end=\"898\">Einmal gekauft \u2013 f\u00fcr immer deins!<\/strong> \ud83d\udca5<\/p>","protected":false},"excerpt":{"rendered":"<p>\ud83d\udcda Ebook: Martin Cruz-Smith \u2013 Arkadi Renko 02 \u2013 Polar Star \ud83d\udcda \u2744\ufe0f\ud83d\udd75\ufe0f\u200d\u2642\ufe0f Eisige K\u00e4lte, t\u00f6dliche Stille \u2013 und ein Mord mitten auf dem Meer.Arkadi Renko arbeitet nach seinem Sturz in Ungnade auf einem sowjetischen Fischtrawler im Beringmeer. Doch selbst am Ende der Welt l\u00e4sst ihn das Verbrechen nicht los: Eine junge Frau wird tot [&hellip;]<\/p>\n","protected":false},"featured_media":1412,"comment_status":"open","ping_status":"closed","template":"","meta":[],"product_brand":[],"product_cat":[39],"product_tag":[],"class_list":{"0":"post-1411","1":"product","2":"type-product","3":"status-publish","4":"has-post-thumbnail","6":"product_cat-e-book-krimi","8":"first","9":"instock","10":"sale","11":"virtual","12":"purchasable","13":"product-type-simple"},"jetpack_sharing_enabled":true,"_links":{"self":[{"href":"https:\/\/audiobook-24.com\/en\/wp-json\/wp\/v2\/product\/1411","targetHints":{"allow":["GET"]}}],"collection":[{"href":"https:\/\/audiobook-24.com\/en\/wp-json\/wp\/v2\/product"}],"about":[{"href":"https:\/\/audiobook-24.com\/en\/wp-json\/wp\/v2\/types\/product"}],"replies":[{"embeddable":true,"href":"https:\/\/audiobook-24.com\/en\/wp-json\/wp\/v2\/comments?post=1411"}],"wp:featuredmedia":[{"embeddable":true,"href":"https:\/\/audiobook-24.com\/en\/wp-json\/wp\/v2\/media\/1412"}],"wp:attachment":[{"href":"https:\/\/audiobook-24.com\/en\/wp-json\/wp\/v2\/media?parent=1411"}],"wp:term":[{"taxonomy":"product_brand","embeddable":true,"href":"https:\/\/audiobook-24.com\/en\/wp-json\/wp\/v2\/product_brand?post=1411"},{"taxonomy":"product_cat","embeddable":true,"href":"https:\/\/audiobook-24.com\/en\/wp-json\/wp\/v2\/product_cat?post=1411"},{"taxonomy":"product_tag","embeddable":true,"href":"https:\/\/audiobook-24.com\/en\/wp-json\/wp\/v2\/product_tag?post=1411"}],"curies":[{"name":"wp","href":"https:\/\/api.w.org\/{rel}","templated":true}]}}