{"id":1409,"date":"2025-11-24T23:04:00","date_gmt":"2025-11-24T23:04:00","guid":{"rendered":"https:\/\/audiobook-24.com\/?post_type=product&#038;p=1409"},"modified":"2025-11-24T23:04:00","modified_gmt":"2025-11-24T23:04:00","slug":"%f0%9f%93%9a-ebook-martin-cruz-smith-arkadi-renko-03-das-labyrinth-%f0%9f%93%9a","status":"publish","type":"product","link":"https:\/\/audiobook-24.com\/en\/product\/%f0%9f%93%9a-ebook-martin-cruz-smith-arkadi-renko-03-das-labyrinth-%f0%9f%93%9a\/","title":{"rendered":"\ud83d\udcda Ebook: Martin Cruz-Smith \u2013 Arkadi Renko 03 \u2013 Das Labyrinth \ud83d\udcda"},"content":{"rendered":"<p data-start=\"74\" data-end=\"490\">\ud83d\udd75\ufe0f\u200d\u2642\ufe0f\ud83d\udd73\ufe0f <strong data-start=\"84\" data-end=\"148\">Ein t\u00f6dliches R\u00e4tsel \u2013 und ein Ermittler, der nicht aufgibt.<\/strong><br data-start=\"148\" data-end=\"151\" \/>Arkadi Renko sieht sich mit einem Fall konfrontiert, der ihn tief in die dunklen Ecken Moskaus f\u00fchrt. Ein scheinbar zuf\u00e4lliger Todesfall entpuppt sich als Teil eines viel gr\u00f6\u00dferen, perfiden Puzzles.<br data-start=\"349\" data-end=\"352\" \/>Je weiter Renko in das Labyrinth aus L\u00fcgen, Machtmissbrauch und versteckten Wahrheiten eindringt, desto gef\u00e4hrlicher wird jeder Schritt.<\/p>\n<p data-start=\"492\" data-end=\"659\">Martin Cruz-Smith entwirft einen komplexen, intensiven Thriller, der politische Spannung, menschliche Abgr\u00fcnde und einen unbeugsamen Ermittler meisterhaft verbindet.<\/p>\n<hr data-start=\"661\" data-end=\"666\" \/>\n<p data-start=\"668\" data-end=\"836\">\ud83d\udcb3 <strong data-start=\"671\" data-end=\"690\">Nach Bezahlung:<\/strong><br data-start=\"690\" data-end=\"693\" \/>\ud83d\udcbb Sofortiger Download f\u00fcr PC<br data-start=\"722\" data-end=\"725\" \/>\ud83d\udcf1 Sofortiger Download f\u00fcrs Handy<br data-start=\"758\" data-end=\"761\" \/>\ud83d\udda5\ufe0f Sofortiger Download f\u00fcrs Tablet<br data-start=\"796\" data-end=\"799\" \/>\ud83d\udcda Sofortiger Download f\u00fcr E-Reader<\/p>\n<p data-start=\"838\" data-end=\"881\" data-is-last-node=\"\" data-is-only-node=\"\">\ud83d\udca5 <strong data-start=\"841\" data-end=\"878\">Einmal gekauft \u2013 f\u00fcr immer deins!<\/strong> \ud83d\udca5<\/p>","protected":false},"excerpt":{"rendered":"<p>\ud83d\udd75\ufe0f\u200d\u2642\ufe0f\ud83d\udd73\ufe0f Ein t\u00f6dliches R\u00e4tsel \u2013 und ein Ermittler, der nicht aufgibt.Arkadi Renko sieht sich mit einem Fall konfrontiert, der ihn tief in die dunklen Ecken Moskaus f\u00fchrt. Ein scheinbar zuf\u00e4lliger Todesfall entpuppt sich als Teil eines viel gr\u00f6\u00dferen, perfiden Puzzles.Je weiter Renko in das Labyrinth aus L\u00fcgen, Machtmissbrauch und versteckten Wahrheiten eindringt, desto gef\u00e4hrlicher wird [&hellip;]<\/p>\n","protected":false},"featured_media":1410,"comment_status":"open","ping_status":"closed","template":"","meta":[],"product_brand":[],"product_cat":[39],"product_tag":[],"class_list":{"0":"post-1409","1":"product","2":"type-product","3":"status-publish","4":"has-post-thumbnail","6":"product_cat-e-book-krimi","8":"first","9":"instock","10":"sale","11":"virtual","12":"purchasable","13":"product-type-simple"},"jetpack_sharing_enabled":true,"_links":{"self":[{"href":"https:\/\/audiobook-24.com\/en\/wp-json\/wp\/v2\/product\/1409","targetHints":{"allow":["GET"]}}],"collection":[{"href":"https:\/\/audiobook-24.com\/en\/wp-json\/wp\/v2\/product"}],"about":[{"href":"https:\/\/audiobook-24.com\/en\/wp-json\/wp\/v2\/types\/product"}],"replies":[{"embeddable":true,"href":"https:\/\/audiobook-24.com\/en\/wp-json\/wp\/v2\/comments?post=1409"}],"wp:featuredmedia":[{"embeddable":true,"href":"https:\/\/audiobook-24.com\/en\/wp-json\/wp\/v2\/media\/1410"}],"wp:attachment":[{"href":"https:\/\/audiobook-24.com\/en\/wp-json\/wp\/v2\/media?parent=1409"}],"wp:term":[{"taxonomy":"product_brand","embeddable":true,"href":"https:\/\/audiobook-24.com\/en\/wp-json\/wp\/v2\/product_brand?post=1409"},{"taxonomy":"product_cat","embeddable":true,"href":"https:\/\/audiobook-24.com\/en\/wp-json\/wp\/v2\/product_cat?post=1409"},{"taxonomy":"product_tag","embeddable":true,"href":"https:\/\/audiobook-24.com\/en\/wp-json\/wp\/v2\/product_tag?post=1409"}],"curies":[{"name":"wp","href":"https:\/\/api.w.org\/{rel}","templated":true}]}}