{"id":1407,"date":"2025-11-24T22:53:15","date_gmt":"2025-11-24T22:53:15","guid":{"rendered":"https:\/\/audiobook-24.com\/?post_type=product&#038;p=1407"},"modified":"2025-11-24T22:53:16","modified_gmt":"2025-11-24T22:53:16","slug":"%f0%9f%93%9a-ebook-martin-cruz-smith-arkadi-renko-04-nacht-in-havanna-%f0%9f%93%9a","status":"publish","type":"product","link":"https:\/\/audiobook-24.com\/en\/product\/%f0%9f%93%9a-ebook-martin-cruz-smith-arkadi-renko-04-nacht-in-havanna-%f0%9f%93%9a\/","title":{"rendered":"\ud83d\udcda Ebook: Martin Cruz-Smith \u2013 Arkadi Renko 04 \u2013 Nacht in Havanna \ud83d\udcda"},"content":{"rendered":"<p data-start=\"0\" data-end=\"75\">\ud83d\udcda <strong data-start=\"3\" data-end=\"70\">Ebook: Martin Cruz-Smith \u2013 <em data-start=\"32\" data-end=\"68\">Arkadi Renko 04 \u2013 Nacht in Havanna<\/em><\/strong> \ud83d\udcda<\/p>\n<p data-start=\"77\" data-end=\"536\">\ud83c\udf19\ud83d\udd75\ufe0f\u200d\u2642\ufe0f <strong data-start=\"86\" data-end=\"158\">Havanna bei Nacht \u2013 ein t\u00f6dliches Spiel aus L\u00fcgen, Liebe und Verrat.<\/strong><br data-start=\"158\" data-end=\"161\" \/>Arkadi Renko folgt einer Spur, die ihn weit weg von Moskau bis nach Kuba f\u00fchrt. Dort, zwischen hei\u00dfer Tropennacht, Musik und marodem Glanz, st\u00f6\u00dft er auf ein Geflecht aus Korruption, Schmuggel und politischen Machtspielen.<br data-start=\"382\" data-end=\"385\" \/>Als ein mysteri\u00f6ser Todesfall seine Aufmerksamkeit weckt, wird schnell klar: Nichts ist, wie es scheint \u2013 und jeder Schritt k\u00f6nnte sein letzter sein.<\/p>\n<p data-start=\"538\" data-end=\"690\">Mit eindringlicher Atmosph\u00e4re und einem unverwechselbaren Ermittler bietet Cruz-Smith einen spannenden, sinnlich-d\u00fcsteren Thriller im Herzen Havannas.<\/p>\n<hr data-start=\"692\" data-end=\"697\" \/>\n<p data-start=\"699\" data-end=\"867\">\ud83d\udcb3 <strong data-start=\"702\" data-end=\"721\">Nach Bezahlung:<\/strong><br data-start=\"721\" data-end=\"724\" \/>\ud83d\udcbb Sofortiger Download f\u00fcr PC<br data-start=\"753\" data-end=\"756\" \/>\ud83d\udcf1 Sofortiger Download f\u00fcrs Handy<br data-start=\"789\" data-end=\"792\" \/>\ud83d\udda5\ufe0f Sofortiger Download f\u00fcrs Tablet<br data-start=\"827\" data-end=\"830\" \/>\ud83d\udcda Sofortiger Download f\u00fcr E-Reader<\/p>\n<p data-start=\"869\" data-end=\"912\" data-is-last-node=\"\" data-is-only-node=\"\">\ud83d\udca5 <strong data-start=\"872\" data-end=\"909\">Einmal gekauft \u2013 f\u00fcr immer deins!<\/strong> \ud83d\udca5<\/p>","protected":false},"excerpt":{"rendered":"<p>\ud83d\udcda Ebook: Martin Cruz-Smith \u2013 Arkadi Renko 04 \u2013 Nacht in Havanna \ud83d\udcda \ud83c\udf19\ud83d\udd75\ufe0f\u200d\u2642\ufe0f Havanna bei Nacht \u2013 ein t\u00f6dliches Spiel aus L\u00fcgen, Liebe und Verrat.Arkadi Renko folgt einer Spur, die ihn weit weg von Moskau bis nach Kuba f\u00fchrt. Dort, zwischen hei\u00dfer Tropennacht, Musik und marodem Glanz, st\u00f6\u00dft er auf ein Geflecht aus Korruption, [&hellip;]<\/p>\n","protected":false},"featured_media":1408,"comment_status":"open","ping_status":"closed","template":"","meta":[],"product_brand":[],"product_cat":[39],"product_tag":[],"class_list":{"0":"post-1407","1":"product","2":"type-product","3":"status-publish","4":"has-post-thumbnail","6":"product_cat-e-book-krimi","8":"first","9":"instock","10":"sale","11":"virtual","12":"purchasable","13":"product-type-simple"},"jetpack_sharing_enabled":true,"_links":{"self":[{"href":"https:\/\/audiobook-24.com\/en\/wp-json\/wp\/v2\/product\/1407","targetHints":{"allow":["GET"]}}],"collection":[{"href":"https:\/\/audiobook-24.com\/en\/wp-json\/wp\/v2\/product"}],"about":[{"href":"https:\/\/audiobook-24.com\/en\/wp-json\/wp\/v2\/types\/product"}],"replies":[{"embeddable":true,"href":"https:\/\/audiobook-24.com\/en\/wp-json\/wp\/v2\/comments?post=1407"}],"wp:featuredmedia":[{"embeddable":true,"href":"https:\/\/audiobook-24.com\/en\/wp-json\/wp\/v2\/media\/1408"}],"wp:attachment":[{"href":"https:\/\/audiobook-24.com\/en\/wp-json\/wp\/v2\/media?parent=1407"}],"wp:term":[{"taxonomy":"product_brand","embeddable":true,"href":"https:\/\/audiobook-24.com\/en\/wp-json\/wp\/v2\/product_brand?post=1407"},{"taxonomy":"product_cat","embeddable":true,"href":"https:\/\/audiobook-24.com\/en\/wp-json\/wp\/v2\/product_cat?post=1407"},{"taxonomy":"product_tag","embeddable":true,"href":"https:\/\/audiobook-24.com\/en\/wp-json\/wp\/v2\/product_tag?post=1407"}],"curies":[{"name":"wp","href":"https:\/\/api.w.org\/{rel}","templated":true}]}}