{"id":1403,"date":"2025-11-24T22:48:49","date_gmt":"2025-11-24T22:48:49","guid":{"rendered":"https:\/\/audiobook-24.com\/?post_type=product&#038;p=1403"},"modified":"2025-11-24T22:48:49","modified_gmt":"2025-11-24T22:48:49","slug":"%f0%9f%93%9a-ebook-martin-cruz-smith-arkadi-renko-06-stalins-geist-%f0%9f%93%9a","status":"publish","type":"product","link":"https:\/\/audiobook-24.com\/en\/product\/%f0%9f%93%9a-ebook-martin-cruz-smith-arkadi-renko-06-stalins-geist-%f0%9f%93%9a\/","title":{"rendered":"\ud83d\udcda Ebook: Martin Cruz-Smith \u2013 Arkadi Renko 06 \u2013 Stalins Geist \ud83d\udcda"},"content":{"rendered":"<p data-start=\"0\" data-end=\"72\">\ud83d\udcda <strong data-start=\"3\" data-end=\"67\">Ebook: Martin Cruz-Smith \u2013 <em data-start=\"32\" data-end=\"65\">Arkadi Renko 06 \u2013 Stalins Geist<\/em><\/strong> \ud83d\udcda<\/p>\n<p data-start=\"74\" data-end=\"506\">\ud83d\udd75\ufe0f\u200d\u2642\ufe0f\ud83e\ude78 <strong data-start=\"83\" data-end=\"160\">Ein Geist aus der Vergangenheit \u2013 und ein t\u00f6dlicher Schatten \u00fcber Moskau.<\/strong><br data-start=\"160\" data-end=\"163\" \/>Auf den Stra\u00dfen Moskaus kursieren Ger\u00fcchte: <em data-start=\"207\" data-end=\"227\">Stalin sei zur\u00fcck.<\/em><br data-start=\"227\" data-end=\"230\" \/>Doch Arkadi Renko glaubt nicht an Geister \u2013 er glaubt an Menschen, die aus Angst und Manipulation Macht gewinnen wollen. Als er einem mysteri\u00f6sen Todesfall nachgeht, f\u00fchrt die Spur in politische Abgr\u00fcnde, in denen L\u00fcgen, Propaganda und Gewalt ein gef\u00e4hrliches Spiel treiben.<\/p>\n<p data-start=\"508\" data-end=\"707\">Renko muss erkennen: Wer in diesem Fall nach der Wahrheit sucht, setzt sein Leben aufs Spiel.<br data-start=\"601\" data-end=\"604\" \/>Ein atmosph\u00e4risch dichter, packender Thriller \u00fcber Macht, Mythen und die dunkle Seite der Geschichte.<\/p>\n<hr data-start=\"709\" data-end=\"714\" \/>\n<p data-start=\"716\" data-end=\"884\">\ud83d\udcb3 <strong data-start=\"719\" data-end=\"738\">Nach Bezahlung:<\/strong><br data-start=\"738\" data-end=\"741\" \/>\ud83d\udcbb Sofortiger Download f\u00fcr PC<br data-start=\"770\" data-end=\"773\" \/>\ud83d\udcf1 Sofortiger Download f\u00fcrs Handy<br data-start=\"806\" data-end=\"809\" \/>\ud83d\udda5\ufe0f Sofortiger Download f\u00fcrs Tablet<br data-start=\"844\" data-end=\"847\" \/>\ud83d\udcda Sofortiger Download f\u00fcr E-Reader<\/p>\n<p data-start=\"886\" data-end=\"929\" data-is-last-node=\"\" data-is-only-node=\"\">\ud83d\udca5 <strong data-start=\"889\" data-end=\"926\">Einmal gekauft \u2013 f\u00fcr immer deins!<\/strong> \ud83d\udca5<\/p>","protected":false},"excerpt":{"rendered":"<p>\ud83d\udcda Ebook: Martin Cruz-Smith \u2013 Arkadi Renko 06 \u2013 Stalins Geist \ud83d\udcda \ud83d\udd75\ufe0f\u200d\u2642\ufe0f\ud83e\ude78 Ein Geist aus der Vergangenheit \u2013 und ein t\u00f6dlicher Schatten \u00fcber Moskau.Auf den Stra\u00dfen Moskaus kursieren Ger\u00fcchte: Stalin sei zur\u00fcck.Doch Arkadi Renko glaubt nicht an Geister \u2013 er glaubt an Menschen, die aus Angst und Manipulation Macht gewinnen wollen. Als er einem [&hellip;]<\/p>\n","protected":false},"featured_media":1404,"comment_status":"open","ping_status":"closed","template":"","meta":[],"product_brand":[],"product_cat":[39],"product_tag":[],"class_list":{"0":"post-1403","1":"product","2":"type-product","3":"status-publish","4":"has-post-thumbnail","6":"product_cat-e-book-krimi","8":"first","9":"instock","10":"sale","11":"virtual","12":"purchasable","13":"product-type-simple"},"jetpack_sharing_enabled":true,"_links":{"self":[{"href":"https:\/\/audiobook-24.com\/en\/wp-json\/wp\/v2\/product\/1403","targetHints":{"allow":["GET"]}}],"collection":[{"href":"https:\/\/audiobook-24.com\/en\/wp-json\/wp\/v2\/product"}],"about":[{"href":"https:\/\/audiobook-24.com\/en\/wp-json\/wp\/v2\/types\/product"}],"replies":[{"embeddable":true,"href":"https:\/\/audiobook-24.com\/en\/wp-json\/wp\/v2\/comments?post=1403"}],"wp:featuredmedia":[{"embeddable":true,"href":"https:\/\/audiobook-24.com\/en\/wp-json\/wp\/v2\/media\/1404"}],"wp:attachment":[{"href":"https:\/\/audiobook-24.com\/en\/wp-json\/wp\/v2\/media?parent=1403"}],"wp:term":[{"taxonomy":"product_brand","embeddable":true,"href":"https:\/\/audiobook-24.com\/en\/wp-json\/wp\/v2\/product_brand?post=1403"},{"taxonomy":"product_cat","embeddable":true,"href":"https:\/\/audiobook-24.com\/en\/wp-json\/wp\/v2\/product_cat?post=1403"},{"taxonomy":"product_tag","embeddable":true,"href":"https:\/\/audiobook-24.com\/en\/wp-json\/wp\/v2\/product_tag?post=1403"}],"curies":[{"name":"wp","href":"https:\/\/api.w.org\/{rel}","templated":true}]}}