{"id":1401,"date":"2025-11-24T22:44:14","date_gmt":"2025-11-24T22:44:14","guid":{"rendered":"https:\/\/audiobook-24.com\/?post_type=product&#038;p=1401"},"modified":"2025-11-24T22:44:14","modified_gmt":"2025-11-24T22:44:14","slug":"%f0%9f%93%9a-ebook-martin-cruz-smith-arkadi-renko-07-die-goldene-meile-%f0%9f%93%9a","status":"publish","type":"product","link":"https:\/\/audiobook-24.com\/en\/product\/%f0%9f%93%9a-ebook-martin-cruz-smith-arkadi-renko-07-die-goldene-meile-%f0%9f%93%9a\/","title":{"rendered":"\ud83d\udcda Ebook: Martin Cruz-Smith \u2013 Arkadi Renko 07 \u2013 Die goldene Meile \ud83d\udcda"},"content":{"rendered":"<p data-start=\"0\" data-end=\"76\">\ud83d\udcda <strong data-start=\"3\" data-end=\"71\">Ebook: Martin Cruz-Smith \u2013 <em data-start=\"32\" data-end=\"69\">Arkadi Renko 07 \u2013 Die goldene Meile<\/em><\/strong> \ud83d\udcda<\/p>\n<p data-start=\"78\" data-end=\"584\">\ud83d\udd75\ufe0f\u200d\u2642\ufe0f\ud83c\udf06 <strong data-start=\"87\" data-end=\"159\">Ein Ermittler zwischen Macht, Korruption und t\u00f6dlichen Geheimnissen.<\/strong><br data-start=\"159\" data-end=\"162\" \/>Arkadi Renko wird erneut in einen Fall gezogen, der ihn tief in die Schatten der russischen Gesellschaft f\u00fchrt. Auf der sogenannten <em data-start=\"294\" data-end=\"310\">Goldenen Meile<\/em>, wo Luxus, politische Intrigen und dunkle Gesch\u00e4fte Hand in Hand gehen, st\u00f6\u00dft er auf ein Netz aus L\u00fcgen und gef\u00e4hrlichen Verbindungen.<br data-start=\"445\" data-end=\"448\" \/>Je n\u00e4her Renko der Wahrheit kommt, desto klarer wird: Dieser Fall fordert nicht nur seinen Verstand \u2013 sondern k\u00f6nnte ihn alles kosten.<\/p>\n<p data-start=\"586\" data-end=\"725\">Martin Cruz-Smith liefert einmal mehr einen fesselnden, atmosph\u00e4rischen Thriller mit vielschichtigem Plot und starkem Ermittlercharakter.<\/p>\n<hr data-start=\"727\" data-end=\"732\" \/>\n<p data-start=\"734\" data-end=\"902\">\ud83d\udcb3 <strong data-start=\"737\" data-end=\"756\">Nach Bezahlung:<\/strong><br data-start=\"756\" data-end=\"759\" \/>\ud83d\udcbb Sofortiger Download f\u00fcr PC<br data-start=\"788\" data-end=\"791\" \/>\ud83d\udcf1 Sofortiger Download f\u00fcrs Handy<br data-start=\"824\" data-end=\"827\" \/>\ud83d\udda5\ufe0f Sofortiger Download f\u00fcrs Tablet<br data-start=\"862\" data-end=\"865\" \/>\ud83d\udcda Sofortiger Download f\u00fcr E-Reader<\/p>\n<p data-start=\"904\" data-end=\"947\" data-is-last-node=\"\" data-is-only-node=\"\">\ud83d\udca5 <strong data-start=\"907\" data-end=\"944\">Einmal gekauft \u2013 f\u00fcr immer deins!<\/strong> \ud83d\udca5<\/p>","protected":false},"excerpt":{"rendered":"<p>\ud83d\udcda Ebook: Martin Cruz-Smith \u2013 Arkadi Renko 07 \u2013 Die goldene Meile \ud83d\udcda \ud83d\udd75\ufe0f\u200d\u2642\ufe0f\ud83c\udf06 Ein Ermittler zwischen Macht, Korruption und t\u00f6dlichen Geheimnissen.Arkadi Renko wird erneut in einen Fall gezogen, der ihn tief in die Schatten der russischen Gesellschaft f\u00fchrt. Auf der sogenannten Goldenen Meile, wo Luxus, politische Intrigen und dunkle Gesch\u00e4fte Hand in Hand gehen, [&hellip;]<\/p>\n","protected":false},"featured_media":1402,"comment_status":"open","ping_status":"closed","template":"","meta":[],"product_brand":[],"product_cat":[39],"product_tag":[],"class_list":{"0":"post-1401","1":"product","2":"type-product","3":"status-publish","4":"has-post-thumbnail","6":"product_cat-e-book-krimi","8":"first","9":"instock","10":"sale","11":"virtual","12":"purchasable","13":"product-type-simple"},"jetpack_sharing_enabled":true,"_links":{"self":[{"href":"https:\/\/audiobook-24.com\/en\/wp-json\/wp\/v2\/product\/1401","targetHints":{"allow":["GET"]}}],"collection":[{"href":"https:\/\/audiobook-24.com\/en\/wp-json\/wp\/v2\/product"}],"about":[{"href":"https:\/\/audiobook-24.com\/en\/wp-json\/wp\/v2\/types\/product"}],"replies":[{"embeddable":true,"href":"https:\/\/audiobook-24.com\/en\/wp-json\/wp\/v2\/comments?post=1401"}],"wp:featuredmedia":[{"embeddable":true,"href":"https:\/\/audiobook-24.com\/en\/wp-json\/wp\/v2\/media\/1402"}],"wp:attachment":[{"href":"https:\/\/audiobook-24.com\/en\/wp-json\/wp\/v2\/media?parent=1401"}],"wp:term":[{"taxonomy":"product_brand","embeddable":true,"href":"https:\/\/audiobook-24.com\/en\/wp-json\/wp\/v2\/product_brand?post=1401"},{"taxonomy":"product_cat","embeddable":true,"href":"https:\/\/audiobook-24.com\/en\/wp-json\/wp\/v2\/product_cat?post=1401"},{"taxonomy":"product_tag","embeddable":true,"href":"https:\/\/audiobook-24.com\/en\/wp-json\/wp\/v2\/product_tag?post=1401"}],"curies":[{"name":"wp","href":"https:\/\/api.w.org\/{rel}","templated":true}]}}