{"id":140,"date":"2025-11-14T17:10:14","date_gmt":"2025-11-14T17:10:14","guid":{"rendered":"https:\/\/audiobook-24.com\/?post_type=product&#038;p=140"},"modified":"2025-11-14T17:14:13","modified_gmt":"2025-11-14T17:14:13","slug":"hoerbuch-sarah-pirohl-bornholmer-schatten","status":"publish","type":"product","link":"https:\/\/audiobook-24.com\/en\/product\/hoerbuch-sarah-pirohl-bornholmer-schatten\/","title":{"rendered":"H\u00f6rbuch: Sarah Pirohl \u2013 Bornholmer Schatten"},"content":{"rendered":"<h3 class=\"\">H\u00f6rbuch: Sarah Pirohl \u2013 Bornholmer Schatten<\/h3>\n<p class=\"\"><strong>\u201eBornholmer Schatten\u201c<\/strong>\u00a0von Sarah Pirohl ist ein spannendes H\u00f6rbuch, das Sie in die geheimnisvolle Welt der Leidenschaft und Intrigen entf\u00fchrt.<\/p>\n<p>Inhalt<\/p>\n<p class=\"\">In diesem H\u00f6rbuch erwarten Sie:<\/p>\n<ul class=\"\">\n<li class=\"\"><strong>Fesselnde Geschichten voller Geheimnisse<\/strong><\/li>\n<li class=\"\"><strong>Emotionale Charaktere und spannende Entwicklungen<\/strong><\/li>\n<li class=\"\"><strong>Ein einzigartiges Erlebnis, das die Sinne anregt<\/strong><\/li>\n<\/ul>\n<p>L\u00e4nge<\/p>\n<ul class=\"\">\n<li class=\"\"><strong>Spielzeit:<\/strong>\u00a0ca. 8 Stunden 30 Minuten<\/li>\n<\/ul>\n<p>Format<\/p>\n<p class=\"\">Das H\u00f6rbuch ist im\u00a0<strong>MP3-Format<\/strong>\u00a0erh\u00e4ltlich und l\u00e4sst sich bequem auf verschiedenen Ger\u00e4ten abspielen.<\/p>\n<hr \/>\n<p class=\"\"><strong>\ud83c\udfa7 H\u00f6rbuch: Sarah Pirohl \u2013 Bornholmer Schatten &#8211; Sofort Download<\/strong><\/p>\n<p class=\"\">\ud83d\udcbb\u00a0<strong>PC<\/strong>\u00a0\ud83d\udcf1\u00a0<strong>Handy<\/strong>\u00a0\ud83d\udcf2\u00a0<strong>Tablet<\/strong>\u00a0\ud83c\udfb5\u00a0<strong>MP3 Player<\/strong><\/p>\n<p class=\"\"><strong>Laden Sie das H\u00f6rbuch herunter und genie\u00dfen Sie die faszinierende Geschichte von Sarah Pirohl!<\/strong><\/p>","protected":false},"excerpt":{"rendered":"<p>H\u00f6rbuch: Sarah Pirohl \u2013 Bornholmer Schatten \u201eBornholmer Schatten\u201c\u00a0von Sarah Pirohl ist ein spannendes H\u00f6rbuch, das Sie in die geheimnisvolle Welt der Leidenschaft und Intrigen entf\u00fchrt. Inhalt In diesem H\u00f6rbuch erwarten Sie: Fesselnde Geschichten voller Geheimnisse Emotionale Charaktere und spannende Entwicklungen Ein einzigartiges Erlebnis, das die Sinne anregt L\u00e4nge Spielzeit:\u00a0ca. 8 Stunden 30 Minuten Format Das [&hellip;]<\/p>\n","protected":false},"featured_media":141,"comment_status":"open","ping_status":"closed","template":"","meta":[],"product_brand":[],"product_cat":[19],"product_tag":[],"class_list":{"0":"post-140","1":"product","2":"type-product","3":"status-publish","4":"has-post-thumbnail","6":"product_cat-hoerbuecher","8":"first","9":"instock","10":"sale","11":"virtual","12":"purchasable","13":"product-type-simple"},"jetpack_sharing_enabled":true,"_links":{"self":[{"href":"https:\/\/audiobook-24.com\/en\/wp-json\/wp\/v2\/product\/140","targetHints":{"allow":["GET"]}}],"collection":[{"href":"https:\/\/audiobook-24.com\/en\/wp-json\/wp\/v2\/product"}],"about":[{"href":"https:\/\/audiobook-24.com\/en\/wp-json\/wp\/v2\/types\/product"}],"replies":[{"embeddable":true,"href":"https:\/\/audiobook-24.com\/en\/wp-json\/wp\/v2\/comments?post=140"}],"wp:featuredmedia":[{"embeddable":true,"href":"https:\/\/audiobook-24.com\/en\/wp-json\/wp\/v2\/media\/141"}],"wp:attachment":[{"href":"https:\/\/audiobook-24.com\/en\/wp-json\/wp\/v2\/media?parent=140"}],"wp:term":[{"taxonomy":"product_brand","embeddable":true,"href":"https:\/\/audiobook-24.com\/en\/wp-json\/wp\/v2\/product_brand?post=140"},{"taxonomy":"product_cat","embeddable":true,"href":"https:\/\/audiobook-24.com\/en\/wp-json\/wp\/v2\/product_cat?post=140"},{"taxonomy":"product_tag","embeddable":true,"href":"https:\/\/audiobook-24.com\/en\/wp-json\/wp\/v2\/product_tag?post=140"}],"curies":[{"name":"wp","href":"https:\/\/api.w.org\/{rel}","templated":true}]}}