{"id":1397,"date":"2025-11-24T22:37:24","date_gmt":"2025-11-24T22:37:24","guid":{"rendered":"https:\/\/audiobook-24.com\/?post_type=product&#038;p=1397"},"modified":"2025-11-24T22:37:24","modified_gmt":"2025-11-24T22:37:24","slug":"%f0%9f%93%9a-ebook-ursula-curtiss-das-unheimliche-grauen-%f0%9f%93%9a","status":"publish","type":"product","link":"https:\/\/audiobook-24.com\/en\/product\/%f0%9f%93%9a-ebook-ursula-curtiss-das-unheimliche-grauen-%f0%9f%93%9a\/","title":{"rendered":"\ud83d\udcda Ebook: Ursula Curtiss \u2013 Das unheimliche Grauen \ud83d\udcda"},"content":{"rendered":"<p data-start=\"0\" data-end=\"60\">\ud83d\udcda <strong data-start=\"3\" data-end=\"55\">Ebook: Ursula Curtiss \u2013 <em data-start=\"29\" data-end=\"53\">Das unheimliche Grauen<\/em><\/strong> \ud83d\udcda<\/p>\n<p data-start=\"62\" data-end=\"491\">\ud83c\udf12\ud83d\ude28 <strong data-start=\"67\" data-end=\"133\">Wenn die Vergangenheit zur\u00fcckkehrt \u2013 und die Angst gleich mit.<\/strong><br data-start=\"133\" data-end=\"136\" \/>Eine junge Frau kehrt nach Jahren in ihre Heimat zur\u00fcck, doch der Ort wirkt ver\u00e4ndert, d\u00fcsterer, bedr\u00fcckender. Schon kurz nach ihrer Ankunft geschehen seltsame Dinge: n\u00e4chtliche Ger\u00e4usche, unheimliche Schatten und das Gef\u00fchl, beobachtet zu werden.<br data-start=\"383\" data-end=\"386\" \/>Bald wird klar \u2013 etwas aus der Vergangenheit lauert im Dunkeln. Und es ist bereit, erneut zuzuschlagen.<\/p>\n<p data-start=\"493\" data-end=\"637\">Ursula Curtiss liefert einen atmosph\u00e4rischen, psychologisch intensiven Thriller voller unterschwelliger Spannung und beklemmender Geheimnisse.<\/p>\n<hr data-start=\"639\" data-end=\"644\" \/>\n<p data-start=\"646\" data-end=\"814\">\ud83d\udcb3 <strong data-start=\"649\" data-end=\"668\">Nach Bezahlung:<\/strong><br data-start=\"668\" data-end=\"671\" \/>\ud83d\udcbb Sofortiger Download f\u00fcr PC<br data-start=\"700\" data-end=\"703\" \/>\ud83d\udcf1 Sofortiger Download f\u00fcrs Handy<br data-start=\"736\" data-end=\"739\" \/>\ud83d\udda5\ufe0f Sofortiger Download f\u00fcrs Tablet<br data-start=\"774\" data-end=\"777\" \/>\ud83d\udcda Sofortiger Download f\u00fcr E-Reader<\/p>\n<p data-start=\"816\" data-end=\"859\" data-is-last-node=\"\" data-is-only-node=\"\">\ud83d\udca5 <strong data-start=\"819\" data-end=\"856\">Einmal gekauft \u2013 f\u00fcr immer deins!<\/strong> \ud83d\udca5<\/p>","protected":false},"excerpt":{"rendered":"<p>\ud83d\udcda Ebook: Ursula Curtiss \u2013 Das unheimliche Grauen \ud83d\udcda \ud83c\udf12\ud83d\ude28 Wenn die Vergangenheit zur\u00fcckkehrt \u2013 und die Angst gleich mit.Eine junge Frau kehrt nach Jahren in ihre Heimat zur\u00fcck, doch der Ort wirkt ver\u00e4ndert, d\u00fcsterer, bedr\u00fcckender. Schon kurz nach ihrer Ankunft geschehen seltsame Dinge: n\u00e4chtliche Ger\u00e4usche, unheimliche Schatten und das Gef\u00fchl, beobachtet zu werden.Bald wird [&hellip;]<\/p>\n","protected":false},"featured_media":1398,"comment_status":"open","ping_status":"closed","template":"","meta":[],"product_brand":[],"product_cat":[39],"product_tag":[],"class_list":{"0":"post-1397","1":"product","2":"type-product","3":"status-publish","4":"has-post-thumbnail","6":"product_cat-e-book-krimi","8":"first","9":"instock","10":"sale","11":"virtual","12":"purchasable","13":"product-type-simple"},"jetpack_sharing_enabled":true,"_links":{"self":[{"href":"https:\/\/audiobook-24.com\/en\/wp-json\/wp\/v2\/product\/1397","targetHints":{"allow":["GET"]}}],"collection":[{"href":"https:\/\/audiobook-24.com\/en\/wp-json\/wp\/v2\/product"}],"about":[{"href":"https:\/\/audiobook-24.com\/en\/wp-json\/wp\/v2\/types\/product"}],"replies":[{"embeddable":true,"href":"https:\/\/audiobook-24.com\/en\/wp-json\/wp\/v2\/comments?post=1397"}],"wp:featuredmedia":[{"embeddable":true,"href":"https:\/\/audiobook-24.com\/en\/wp-json\/wp\/v2\/media\/1398"}],"wp:attachment":[{"href":"https:\/\/audiobook-24.com\/en\/wp-json\/wp\/v2\/media?parent=1397"}],"wp:term":[{"taxonomy":"product_brand","embeddable":true,"href":"https:\/\/audiobook-24.com\/en\/wp-json\/wp\/v2\/product_brand?post=1397"},{"taxonomy":"product_cat","embeddable":true,"href":"https:\/\/audiobook-24.com\/en\/wp-json\/wp\/v2\/product_cat?post=1397"},{"taxonomy":"product_tag","embeddable":true,"href":"https:\/\/audiobook-24.com\/en\/wp-json\/wp\/v2\/product_tag?post=1397"}],"curies":[{"name":"wp","href":"https:\/\/api.w.org\/{rel}","templated":true}]}}