{"id":1389,"date":"2025-11-24T17:48:58","date_gmt":"2025-11-24T17:48:58","guid":{"rendered":"https:\/\/audiobook-24.com\/?post_type=product&#038;p=1389"},"modified":"2025-11-24T17:48:58","modified_gmt":"2025-11-24T17:48:58","slug":"%f0%9f%93%9a-ebook-ursula-curtiss-die-wespen-%f0%9f%93%9a","status":"publish","type":"product","link":"https:\/\/audiobook-24.com\/en\/product\/%f0%9f%93%9a-ebook-ursula-curtiss-die-wespen-%f0%9f%93%9a\/","title":{"rendered":"\ud83d\udcda Ebook: Ursula Curtiss \u2013 Die Wespen \ud83d\udcda"},"content":{"rendered":"<p data-start=\"0\" data-end=\"48\">\ud83d\udcda <strong data-start=\"3\" data-end=\"43\">Ebook: Ursula Curtiss \u2013 <em data-start=\"29\" data-end=\"41\">Die Wespen<\/em><\/strong> \ud83d\udcda<\/p>\n<p data-start=\"50\" data-end=\"436\">\ud83d\udc1d\ud83d\udd0d <strong data-start=\"55\" data-end=\"115\">Ein Sommer voller Geheimnisse \u2013 und ein t\u00f6dlicher Stich.<\/strong><br data-start=\"115\" data-end=\"118\" \/>In einer scheinbar idyllischen Kleinstadt beginnt f\u00fcr eine junge Frau ein Albtraum, als sie in ein Netz aus L\u00fcgen, Erpressung und unterschwelliger Gewalt ger\u00e4t.<br data-start=\"278\" data-end=\"281\" \/>Was als harmlose Begegnung beginnt, entwickelt sich zu einem psychologischen Katz-und-Maus-Spiel, bei dem jede falsche Bewegung verh\u00e4ngnisvoll sein kann.<\/p>\n<p data-start=\"438\" data-end=\"596\">Curtiss entfaltet erneut meisterhafte Spannung: atmosph\u00e4risch, pr\u00e4zise erz\u00e4hlt und mit einer unterschwelligen Bedrohung, die sich mit jeder Seite verst\u00e4rkt.<\/p>\n<hr data-start=\"598\" data-end=\"603\" \/>\n<p data-start=\"605\" data-end=\"773\">\ud83d\udcb3 <strong data-start=\"608\" data-end=\"627\">Nach Bezahlung:<\/strong><br data-start=\"627\" data-end=\"630\" \/>\ud83d\udcbb Sofortiger Download f\u00fcr PC<br data-start=\"659\" data-end=\"662\" \/>\ud83d\udcf1 Sofortiger Download f\u00fcrs Handy<br data-start=\"695\" data-end=\"698\" \/>\ud83d\udda5\ufe0f Sofortiger Download f\u00fcrs Tablet<br data-start=\"733\" data-end=\"736\" \/>\ud83d\udcda Sofortiger Download f\u00fcr E-Reader<\/p>\n<p data-start=\"775\" data-end=\"818\" data-is-last-node=\"\" data-is-only-node=\"\">\ud83d\udca5 <strong data-start=\"778\" data-end=\"815\">Einmal gekauft \u2013 f\u00fcr immer deins!<\/strong> \ud83d\udca5<\/p>","protected":false},"excerpt":{"rendered":"<p>\ud83d\udcda Ebook: Ursula Curtiss \u2013 Die Wespen \ud83d\udcda \ud83d\udc1d\ud83d\udd0d Ein Sommer voller Geheimnisse \u2013 und ein t\u00f6dlicher Stich.In einer scheinbar idyllischen Kleinstadt beginnt f\u00fcr eine junge Frau ein Albtraum, als sie in ein Netz aus L\u00fcgen, Erpressung und unterschwelliger Gewalt ger\u00e4t.Was als harmlose Begegnung beginnt, entwickelt sich zu einem psychologischen Katz-und-Maus-Spiel, bei dem jede falsche [&hellip;]<\/p>\n","protected":false},"featured_media":1390,"comment_status":"open","ping_status":"closed","template":"","meta":[],"product_brand":[],"product_cat":[39],"product_tag":[],"class_list":{"0":"post-1389","1":"product","2":"type-product","3":"status-publish","4":"has-post-thumbnail","6":"product_cat-e-book-krimi","8":"first","9":"instock","10":"sale","11":"virtual","12":"purchasable","13":"product-type-simple"},"jetpack_sharing_enabled":true,"_links":{"self":[{"href":"https:\/\/audiobook-24.com\/en\/wp-json\/wp\/v2\/product\/1389","targetHints":{"allow":["GET"]}}],"collection":[{"href":"https:\/\/audiobook-24.com\/en\/wp-json\/wp\/v2\/product"}],"about":[{"href":"https:\/\/audiobook-24.com\/en\/wp-json\/wp\/v2\/types\/product"}],"replies":[{"embeddable":true,"href":"https:\/\/audiobook-24.com\/en\/wp-json\/wp\/v2\/comments?post=1389"}],"wp:featuredmedia":[{"embeddable":true,"href":"https:\/\/audiobook-24.com\/en\/wp-json\/wp\/v2\/media\/1390"}],"wp:attachment":[{"href":"https:\/\/audiobook-24.com\/en\/wp-json\/wp\/v2\/media?parent=1389"}],"wp:term":[{"taxonomy":"product_brand","embeddable":true,"href":"https:\/\/audiobook-24.com\/en\/wp-json\/wp\/v2\/product_brand?post=1389"},{"taxonomy":"product_cat","embeddable":true,"href":"https:\/\/audiobook-24.com\/en\/wp-json\/wp\/v2\/product_cat?post=1389"},{"taxonomy":"product_tag","embeddable":true,"href":"https:\/\/audiobook-24.com\/en\/wp-json\/wp\/v2\/product_tag?post=1389"}],"curies":[{"name":"wp","href":"https:\/\/api.w.org\/{rel}","templated":true}]}}