{"id":1381,"date":"2025-11-24T17:37:59","date_gmt":"2025-11-24T17:37:59","guid":{"rendered":"https:\/\/audiobook-24.com\/?post_type=product&#038;p=1381"},"modified":"2025-11-24T17:38:00","modified_gmt":"2025-11-24T17:38:00","slug":"%f0%9f%93%9a-ebook-clive-cussler-dirk-pitt-11-operation-sahara-%f0%9f%93%9a","status":"publish","type":"product","link":"https:\/\/audiobook-24.com\/en\/product\/%f0%9f%93%9a-ebook-clive-cussler-dirk-pitt-11-operation-sahara-%f0%9f%93%9a\/","title":{"rendered":"\ud83d\udcda Ebook: Clive Cussler \u2013 Dirk Pitt 11: Operation Sahara \ud83d\udcda"},"content":{"rendered":"<p data-start=\"0\" data-end=\"67\">\ud83d\udcda <strong data-start=\"3\" data-end=\"62\">Ebook: Clive Cussler \u2013 Dirk Pitt 11: <em data-start=\"42\" data-end=\"60\">Operation Sahara<\/em><\/strong> \ud83d\udcda<\/p>\n<p data-start=\"69\" data-end=\"455\">\ud83c\udfdc\ufe0f\ud83d\udd25 <strong data-start=\"75\" data-end=\"149\">Ein geheimnisvoller Fund in der W\u00fcste \u2013 und ein Rennen gegen die Zeit.<\/strong><br data-start=\"149\" data-end=\"152\" \/>Als ein Flugzeug aus den 1950er-Jahren pl\u00f6tzlich mitten in der Sahara auftaucht, beginnt f\u00fcr Dirk Pitt eine der gef\u00e4hrlichsten Missionen seines Lebens. Der mysteri\u00f6se Absturz f\u00fchrt zu einer Spur, die weit in die Geschichte zur\u00fcckreicht \u2013 und zu einem modernen \u00d6kokrieg, der Millionen Menschen bedroht.<\/p>\n<p data-start=\"457\" data-end=\"675\">Im Herzen der gl\u00fchenden W\u00fcste muss Pitt gegen Terror, Korruption und eine globale Katastrophe ank\u00e4mpfen. Die Sahara wird zum Schauplatz eines erbarmungslosen \u00dcberlebenskampfes, in dem jeder Fehler t\u00f6dlich enden kann.<\/p>\n<p data-start=\"677\" data-end=\"800\">Ein hochspannender Actionthriller voller W\u00fcstenst\u00fcrme, Geheimnisse und knallhartem Tempo \u2013 typisch Cussler, typisch Pitt!<\/p>\n<hr data-start=\"802\" data-end=\"807\" \/>\n<p data-start=\"809\" data-end=\"977\">\ud83d\udcb3 <strong data-start=\"812\" data-end=\"831\">Nach Bezahlung:<\/strong><br data-start=\"831\" data-end=\"834\" \/>\ud83d\udcbb Sofortiger Download f\u00fcr PC<br data-start=\"863\" data-end=\"866\" \/>\ud83d\udcf1 Sofortiger Download f\u00fcrs Handy<br data-start=\"899\" data-end=\"902\" \/>\ud83d\udda5\ufe0f Sofortiger Download f\u00fcrs Tablet<br data-start=\"937\" data-end=\"940\" \/>\ud83d\udcda Sofortiger Download f\u00fcr E-Reader<\/p>\n<p data-start=\"979\" data-end=\"1022\" data-is-last-node=\"\" data-is-only-node=\"\">\ud83d\udca5 <strong data-start=\"982\" data-end=\"1019\">Einmal gekauft \u2013 f\u00fcr immer deins!<\/strong> \ud83d\udca5<\/p>","protected":false},"excerpt":{"rendered":"<p>\ud83d\udcda Ebook: Clive Cussler \u2013 Dirk Pitt 11: Operation Sahara \ud83d\udcda \ud83c\udfdc\ufe0f\ud83d\udd25 Ein geheimnisvoller Fund in der W\u00fcste \u2013 und ein Rennen gegen die Zeit.Als ein Flugzeug aus den 1950er-Jahren pl\u00f6tzlich mitten in der Sahara auftaucht, beginnt f\u00fcr Dirk Pitt eine der gef\u00e4hrlichsten Missionen seines Lebens. Der mysteri\u00f6se Absturz f\u00fchrt zu einer Spur, die weit [&hellip;]<\/p>\n","protected":false},"featured_media":1382,"comment_status":"open","ping_status":"closed","template":"","meta":[],"product_brand":[],"product_cat":[39],"product_tag":[],"class_list":{"0":"post-1381","1":"product","2":"type-product","3":"status-publish","4":"has-post-thumbnail","6":"product_cat-e-book-krimi","8":"first","9":"instock","10":"sale","11":"virtual","12":"purchasable","13":"product-type-simple"},"jetpack_sharing_enabled":true,"_links":{"self":[{"href":"https:\/\/audiobook-24.com\/en\/wp-json\/wp\/v2\/product\/1381","targetHints":{"allow":["GET"]}}],"collection":[{"href":"https:\/\/audiobook-24.com\/en\/wp-json\/wp\/v2\/product"}],"about":[{"href":"https:\/\/audiobook-24.com\/en\/wp-json\/wp\/v2\/types\/product"}],"replies":[{"embeddable":true,"href":"https:\/\/audiobook-24.com\/en\/wp-json\/wp\/v2\/comments?post=1381"}],"wp:featuredmedia":[{"embeddable":true,"href":"https:\/\/audiobook-24.com\/en\/wp-json\/wp\/v2\/media\/1382"}],"wp:attachment":[{"href":"https:\/\/audiobook-24.com\/en\/wp-json\/wp\/v2\/media?parent=1381"}],"wp:term":[{"taxonomy":"product_brand","embeddable":true,"href":"https:\/\/audiobook-24.com\/en\/wp-json\/wp\/v2\/product_brand?post=1381"},{"taxonomy":"product_cat","embeddable":true,"href":"https:\/\/audiobook-24.com\/en\/wp-json\/wp\/v2\/product_cat?post=1381"},{"taxonomy":"product_tag","embeddable":true,"href":"https:\/\/audiobook-24.com\/en\/wp-json\/wp\/v2\/product_tag?post=1381"}],"curies":[{"name":"wp","href":"https:\/\/api.w.org\/{rel}","templated":true}]}}