{"id":138,"date":"2025-11-14T17:08:33","date_gmt":"2025-11-14T17:08:33","guid":{"rendered":"https:\/\/audiobook-24.com\/?post_type=product&#038;p=138"},"modified":"2025-11-14T17:08:33","modified_gmt":"2025-11-14T17:08:33","slug":"hoerbuch-insel-krimi-21-die-medusa-von-bornholm","status":"publish","type":"product","link":"https:\/\/audiobook-24.com\/en\/product\/hoerbuch-insel-krimi-21-die-medusa-von-bornholm\/","title":{"rendered":"H\u00f6rbuch: Insel-Krimi 21 \u2013 \u201eDie Medusa von Bornholm\u201c"},"content":{"rendered":"<h3 class=\"\">H\u00f6rbuch: Insel-Krimi 21 \u2013 \u201eDie Medusa von Bornholm\u201c<\/h3>\n<p class=\"\"><strong>\u201eDie Medusa von Bornholm\u201c<\/strong>\u00a0ist der 21. Teil der beliebten Insel-Krimi-Reihe und entf\u00fchrt die Zuh\u00f6rer in die geheimnisvolle und malerische Kulisse der d\u00e4nischen Ostseeinsel Bornholm.<\/p>\n<p>Handlung<\/p>\n<p class=\"\">In diesem spannenden Krimi geht es um:<\/p>\n<ul class=\"\">\n<li class=\"\"><strong>Ein r\u00e4tselhafter Mordfall, der die Insel ersch\u00fcttert<\/strong><\/li>\n<li class=\"\"><strong>Die Ermittlungen eines engagierten Kommissars<\/strong><\/li>\n<li class=\"\"><strong>Unerwartete Wendungen und dunkle Geheimnisse aus der Vergangenheit<\/strong><\/li>\n<\/ul>\n<p class=\"\">Die fesselnde Story und die atmosph\u00e4rische Beschreibung der Insel sorgen f\u00fcr ein packendes H\u00f6rerlebnis.<\/p>\n<p>Spieldauer<\/p>\n<p class=\"\">Die Gesamtl\u00e4nge des H\u00f6rbuchs betr\u00e4gt\u00a0<strong>ca. 6 Stunden<\/strong>.<\/p>\n<hr \/>\n<p class=\"\">\ud83d\udcb3\u00a0<strong>Nach der Bezahlung bekommen Sie sofort den Downloadlink von uns und k\u00f6nnen Ihr H\u00f6rspiel auf Handy, Tablet, MP3-Player oder PC genie\u00dfen.<\/strong><\/p>\n<p class=\"\">\ud83d\udcf1 Handy\u2003|\u2003\ud83d\udcf2 Tablet\u2003|\u2003\ud83c\udfa7 MP3-Player\u2003|\u2003\ud83d\udcbb PC<\/p>","protected":false},"excerpt":{"rendered":"<p>H\u00f6rbuch: Insel-Krimi 21 \u2013 \u201eDie Medusa von Bornholm\u201c \u201eDie Medusa von Bornholm\u201c\u00a0ist der 21. Teil der beliebten Insel-Krimi-Reihe und entf\u00fchrt die Zuh\u00f6rer in die geheimnisvolle und malerische Kulisse der d\u00e4nischen Ostseeinsel Bornholm. Handlung In diesem spannenden Krimi geht es um: Ein r\u00e4tselhafter Mordfall, der die Insel ersch\u00fcttert Die Ermittlungen eines engagierten Kommissars Unerwartete Wendungen und [&hellip;]<\/p>\n","protected":false},"featured_media":139,"comment_status":"open","ping_status":"closed","template":"","meta":[],"product_brand":[],"product_cat":[19],"product_tag":[],"class_list":{"0":"post-138","1":"product","2":"type-product","3":"status-publish","4":"has-post-thumbnail","6":"product_cat-hoerbuecher","8":"first","9":"instock","10":"sale","11":"shipping-taxable","12":"purchasable","13":"product-type-simple"},"jetpack_sharing_enabled":true,"_links":{"self":[{"href":"https:\/\/audiobook-24.com\/en\/wp-json\/wp\/v2\/product\/138","targetHints":{"allow":["GET"]}}],"collection":[{"href":"https:\/\/audiobook-24.com\/en\/wp-json\/wp\/v2\/product"}],"about":[{"href":"https:\/\/audiobook-24.com\/en\/wp-json\/wp\/v2\/types\/product"}],"replies":[{"embeddable":true,"href":"https:\/\/audiobook-24.com\/en\/wp-json\/wp\/v2\/comments?post=138"}],"wp:featuredmedia":[{"embeddable":true,"href":"https:\/\/audiobook-24.com\/en\/wp-json\/wp\/v2\/media\/139"}],"wp:attachment":[{"href":"https:\/\/audiobook-24.com\/en\/wp-json\/wp\/v2\/media?parent=138"}],"wp:term":[{"taxonomy":"product_brand","embeddable":true,"href":"https:\/\/audiobook-24.com\/en\/wp-json\/wp\/v2\/product_brand?post=138"},{"taxonomy":"product_cat","embeddable":true,"href":"https:\/\/audiobook-24.com\/en\/wp-json\/wp\/v2\/product_cat?post=138"},{"taxonomy":"product_tag","embeddable":true,"href":"https:\/\/audiobook-24.com\/en\/wp-json\/wp\/v2\/product_tag?post=138"}],"curies":[{"name":"wp","href":"https:\/\/api.w.org\/{rel}","templated":true}]}}