{"id":1379,"date":"2025-11-24T17:36:03","date_gmt":"2025-11-24T17:36:03","guid":{"rendered":"https:\/\/audiobook-24.com\/?post_type=product&#038;p=1379"},"modified":"2025-11-24T17:36:04","modified_gmt":"2025-11-24T17:36:04","slug":"%f0%9f%93%9a-ebook-clive-cussler-dirk-pitt-12-inka-gold-%f0%9f%93%9a","status":"publish","type":"product","link":"https:\/\/audiobook-24.com\/en\/product\/%f0%9f%93%9a-ebook-clive-cussler-dirk-pitt-12-inka-gold-%f0%9f%93%9a\/","title":{"rendered":"\ud83d\udcda Ebook: Clive Cussler \u2013 Dirk Pitt 12: Inka-Gold \ud83d\udcda"},"content":{"rendered":"<p data-start=\"0\" data-end=\"60\">\ud83d\udcda <strong data-start=\"3\" data-end=\"55\">Ebook: Clive Cussler \u2013 Dirk Pitt 12: <em data-start=\"42\" data-end=\"53\">Inka-Gold<\/em><\/strong> \ud83d\udcda<\/p>\n<p data-start=\"62\" data-end=\"354\">\ud83c\udffa\ud83c\udf04 <strong data-start=\"67\" data-end=\"154\">Ein verloren geglaubter Schatz \u2013 und ein t\u00f6dliches Geheimnis aus der Vergangenheit.<\/strong><br data-start=\"154\" data-end=\"157\" \/>Als eine spektakul\u00e4re arch\u00e4ologische Expedition spurlos verschwindet, sto\u00dfen Dirk Pitt und sein Team auf Hinweise, die zu einem der gr\u00f6\u00dften Mysterien S\u00fcdamerikas f\u00fchren: dem legend\u00e4ren Inka-Gold.<\/p>\n<p data-start=\"356\" data-end=\"584\">Doch die Suche wird schnell zum lebensgef\u00e4hrlichen Wettlauf. Eine skrupellose Verbrecherorganisation will den Schatz f\u00fcr ihre eigenen finsteren Pl\u00e4ne nutzen, und ein uralter Fluch scheint jeden zu treffen, der sich ihm n\u00e4hert.<\/p>\n<p data-start=\"586\" data-end=\"744\">Zwischen geheimen H\u00f6hlensystemen, unterirdischen Fl\u00fcssen und t\u00f6dlichen Fallen k\u00e4mpft Pitt gegen Gegner, die genauso r\u00fccksichtslos sind wie die Natur selbst.<\/p>\n<p data-start=\"746\" data-end=\"813\">Ein exotisches, packend-rasantes Abenteuer \u2013 Cussler at his best!<\/p>\n<hr data-start=\"815\" data-end=\"820\" \/>\n<p data-start=\"822\" data-end=\"990\">\ud83d\udcb3 <strong data-start=\"825\" data-end=\"844\">Nach Bezahlung:<\/strong><br data-start=\"844\" data-end=\"847\" \/>\ud83d\udcbb Sofortiger Download f\u00fcr PC<br data-start=\"876\" data-end=\"879\" \/>\ud83d\udcf1 Sofortiger Download f\u00fcrs Handy<br data-start=\"912\" data-end=\"915\" \/>\ud83d\udda5\ufe0f Sofortiger Download f\u00fcrs Tablet<br data-start=\"950\" data-end=\"953\" \/>\ud83d\udcda Sofortiger Download f\u00fcr E-Reader<\/p>\n<p data-start=\"992\" data-end=\"1035\" data-is-last-node=\"\" data-is-only-node=\"\">\ud83d\udca5 <strong data-start=\"995\" data-end=\"1032\">Einmal gekauft \u2013 f\u00fcr immer deins!<\/strong> \ud83d\udca5<\/p>","protected":false},"excerpt":{"rendered":"<p>\ud83d\udcda Ebook: Clive Cussler \u2013 Dirk Pitt 12: Inka-Gold \ud83d\udcda \ud83c\udffa\ud83c\udf04 Ein verloren geglaubter Schatz \u2013 und ein t\u00f6dliches Geheimnis aus der Vergangenheit.Als eine spektakul\u00e4re arch\u00e4ologische Expedition spurlos verschwindet, sto\u00dfen Dirk Pitt und sein Team auf Hinweise, die zu einem der gr\u00f6\u00dften Mysterien S\u00fcdamerikas f\u00fchren: dem legend\u00e4ren Inka-Gold. Doch die Suche wird schnell zum lebensgef\u00e4hrlichen [&hellip;]<\/p>\n","protected":false},"featured_media":1380,"comment_status":"open","ping_status":"closed","template":"","meta":[],"product_brand":[],"product_cat":[39],"product_tag":[],"class_list":{"0":"post-1379","1":"product","2":"type-product","3":"status-publish","4":"has-post-thumbnail","6":"product_cat-e-book-krimi","8":"first","9":"instock","10":"sale","11":"virtual","12":"purchasable","13":"product-type-simple"},"jetpack_sharing_enabled":true,"_links":{"self":[{"href":"https:\/\/audiobook-24.com\/en\/wp-json\/wp\/v2\/product\/1379","targetHints":{"allow":["GET"]}}],"collection":[{"href":"https:\/\/audiobook-24.com\/en\/wp-json\/wp\/v2\/product"}],"about":[{"href":"https:\/\/audiobook-24.com\/en\/wp-json\/wp\/v2\/types\/product"}],"replies":[{"embeddable":true,"href":"https:\/\/audiobook-24.com\/en\/wp-json\/wp\/v2\/comments?post=1379"}],"wp:featuredmedia":[{"embeddable":true,"href":"https:\/\/audiobook-24.com\/en\/wp-json\/wp\/v2\/media\/1380"}],"wp:attachment":[{"href":"https:\/\/audiobook-24.com\/en\/wp-json\/wp\/v2\/media?parent=1379"}],"wp:term":[{"taxonomy":"product_brand","embeddable":true,"href":"https:\/\/audiobook-24.com\/en\/wp-json\/wp\/v2\/product_brand?post=1379"},{"taxonomy":"product_cat","embeddable":true,"href":"https:\/\/audiobook-24.com\/en\/wp-json\/wp\/v2\/product_cat?post=1379"},{"taxonomy":"product_tag","embeddable":true,"href":"https:\/\/audiobook-24.com\/en\/wp-json\/wp\/v2\/product_tag?post=1379"}],"curies":[{"name":"wp","href":"https:\/\/api.w.org\/{rel}","templated":true}]}}