{"id":1373,"date":"2025-11-24T17:29:00","date_gmt":"2025-11-24T17:29:00","guid":{"rendered":"https:\/\/audiobook-24.com\/?post_type=product&#038;p=1373"},"modified":"2025-11-24T17:29:00","modified_gmt":"2025-11-24T17:29:00","slug":"%f0%9f%93%9a-ebook-clive-cussler-dirk-pitt-22-unterdruck-%f0%9f%93%9a","status":"publish","type":"product","link":"https:\/\/audiobook-24.com\/en\/product\/%f0%9f%93%9a-ebook-clive-cussler-dirk-pitt-22-unterdruck-%f0%9f%93%9a\/","title":{"rendered":"\ud83d\udcda Ebook: Clive Cussler \u2013 Dirk Pitt 22: Unterdruck \ud83d\udcda"},"content":{"rendered":"<p data-start=\"0\" data-end=\"61\">\ud83d\udcda <strong data-start=\"3\" data-end=\"56\">Ebook: Clive Cussler \u2013 Dirk Pitt 22: <em data-start=\"42\" data-end=\"54\">Unterdruck<\/em><\/strong> \ud83d\udcda<\/p>\n<p data-start=\"63\" data-end=\"400\">\ud83c\udf0a\ud83d\udd0e <strong data-start=\"68\" data-end=\"122\">Ein t\u00f6dliches Geheimnis aus den Tiefen des Meeres\u2026<\/strong><br data-start=\"122\" data-end=\"125\" \/>Dirk Pitt steht vor einer seiner gef\u00e4hrlichsten Missionen: Eine mysteri\u00f6se Explosion auf offener See f\u00fchrt zu einer Kette unerkl\u00e4rlicher Ereignisse \u2013 Schiffe sinken ohne Vorwarnung, Meeresstr\u00f6me ver\u00e4ndern sich, und ein globales \u00f6kologisches Desaster scheint unausweichlich.<\/p>\n<p data-start=\"402\" data-end=\"647\">Bei seinen Ermittlungen st\u00f6\u00dft Pitt auf eine skrupellose Geheimorganisation, die mit modernster Technologie die Ozeane unter ihre Kontrolle bringen will. Ein Wettlauf gegen die Zeit beginnt, bei dem jedes Man\u00f6ver \u00fcber Leben und Tod entscheidet.<\/p>\n<p data-start=\"649\" data-end=\"757\">Packend, rasant und voller Cussler-typischer Spannung \u2013 ein Abenteuer, das bis zur letzten Seite mitrei\u00dft!<\/p>\n<hr data-start=\"759\" data-end=\"764\" \/>\n<p data-start=\"766\" data-end=\"934\">\ud83d\udcb3 <strong data-start=\"769\" data-end=\"788\">Nach Bezahlung:<\/strong><br data-start=\"788\" data-end=\"791\" \/>\ud83d\udcbb Sofortiger Download f\u00fcr PC<br data-start=\"820\" data-end=\"823\" \/>\ud83d\udcf1 Sofortiger Download f\u00fcrs Handy<br data-start=\"856\" data-end=\"859\" \/>\ud83d\udda5\ufe0f Sofortiger Download f\u00fcrs Tablet<br data-start=\"894\" data-end=\"897\" \/>\ud83d\udcda Sofortiger Download f\u00fcr E-Reader<\/p>\n<p data-start=\"936\" data-end=\"979\" data-is-last-node=\"\" data-is-only-node=\"\">\ud83d\udca5 <strong data-start=\"939\" data-end=\"976\">Einmal gekauft \u2013 f\u00fcr immer deins!<\/strong> \ud83d\udca5<\/p>","protected":false},"excerpt":{"rendered":"<p>\ud83d\udcda Ebook: Clive Cussler \u2013 Dirk Pitt 22: Unterdruck \ud83d\udcda \ud83c\udf0a\ud83d\udd0e Ein t\u00f6dliches Geheimnis aus den Tiefen des Meeres\u2026Dirk Pitt steht vor einer seiner gef\u00e4hrlichsten Missionen: Eine mysteri\u00f6se Explosion auf offener See f\u00fchrt zu einer Kette unerkl\u00e4rlicher Ereignisse \u2013 Schiffe sinken ohne Vorwarnung, Meeresstr\u00f6me ver\u00e4ndern sich, und ein globales \u00f6kologisches Desaster scheint unausweichlich. Bei seinen [&hellip;]<\/p>\n","protected":false},"featured_media":1374,"comment_status":"open","ping_status":"closed","template":"","meta":[],"product_brand":[],"product_cat":[39],"product_tag":[],"class_list":{"0":"post-1373","1":"product","2":"type-product","3":"status-publish","4":"has-post-thumbnail","6":"product_cat-e-book-krimi","8":"first","9":"instock","10":"sale","11":"virtual","12":"purchasable","13":"product-type-simple"},"jetpack_sharing_enabled":true,"_links":{"self":[{"href":"https:\/\/audiobook-24.com\/en\/wp-json\/wp\/v2\/product\/1373","targetHints":{"allow":["GET"]}}],"collection":[{"href":"https:\/\/audiobook-24.com\/en\/wp-json\/wp\/v2\/product"}],"about":[{"href":"https:\/\/audiobook-24.com\/en\/wp-json\/wp\/v2\/types\/product"}],"replies":[{"embeddable":true,"href":"https:\/\/audiobook-24.com\/en\/wp-json\/wp\/v2\/comments?post=1373"}],"wp:featuredmedia":[{"embeddable":true,"href":"https:\/\/audiobook-24.com\/en\/wp-json\/wp\/v2\/media\/1374"}],"wp:attachment":[{"href":"https:\/\/audiobook-24.com\/en\/wp-json\/wp\/v2\/media?parent=1373"}],"wp:term":[{"taxonomy":"product_brand","embeddable":true,"href":"https:\/\/audiobook-24.com\/en\/wp-json\/wp\/v2\/product_brand?post=1373"},{"taxonomy":"product_cat","embeddable":true,"href":"https:\/\/audiobook-24.com\/en\/wp-json\/wp\/v2\/product_cat?post=1373"},{"taxonomy":"product_tag","embeddable":true,"href":"https:\/\/audiobook-24.com\/en\/wp-json\/wp\/v2\/product_tag?post=1373"}],"curies":[{"name":"wp","href":"https:\/\/api.w.org\/{rel}","templated":true}]}}