{"id":1370,"date":"2025-11-24T01:44:19","date_gmt":"2025-11-24T01:44:19","guid":{"rendered":"https:\/\/audiobook-24.com\/?post_type=product&#038;p=1370"},"modified":"2025-11-24T01:44:19","modified_gmt":"2025-11-24T01:44:19","slug":"%f0%9f%8e%a7-hoerspiel-john-sinclair-169-lupina-gegen-mandragoro-%f0%9f%8e%a7","status":"publish","type":"product","link":"https:\/\/audiobook-24.com\/en\/product\/%f0%9f%8e%a7-hoerspiel-john-sinclair-169-lupina-gegen-mandragoro-%f0%9f%8e%a7\/","title":{"rendered":"\ud83c\udfa7 H\u00f6rspiel: John Sinclair 169 \u2013 Lupina gegen Mandragoro \ud83c\udfa7"},"content":{"rendered":"<p data-start=\"0\" data-end=\"67\">\ud83c\udfa7 <strong data-start=\"3\" data-end=\"62\">H\u00f6rspiel: John Sinclair 169 \u2013 <em data-start=\"35\" data-end=\"60\">Lupina gegen Mandragoro<\/em><\/strong> \ud83c\udfa7<\/p>\n<p data-start=\"69\" data-end=\"427\">\ud83e\udddb\u200d\u2640\ufe0f\ud83c\udf3f <strong data-start=\"77\" data-end=\"146\">Blutige Rivalen, uralte Kr\u00e4fte \u2013 und ein Kampf auf Leben und Tod.<\/strong><br data-start=\"146\" data-end=\"149\" \/>In London treten zwei m\u00e4chtige Wesen in den Vordergrund: Lupina, die unheimliche Vampirin, und Mandragoro, ein finsterer Magier mit Kr\u00e4ften aus der Pflanzenwelt. Ihre Feindschaft bedroht die Stadt \u2013 und die Bewohner ahnen nichts von der Gefahr, die mitten unter ihnen erwacht.<\/p>\n<p data-start=\"429\" data-end=\"637\">John Sinclair wird hineingezogen in den erbitterten Konflikt, muss Verb\u00fcndete finden und versuchen, die beiden \u00fcbernat\u00fcrlichen M\u00e4chte zu stoppen, bevor die Stadt untergeht. Jeder Fehler k\u00f6nnte t\u00f6dlich sein.<\/p>\n<p data-start=\"639\" data-end=\"738\">Ein packender, \u00fcbernat\u00fcrlicher Thriller voller Spannung, G\u00e4nsehaut und Sinclair-typischer Action!<\/p>\n<hr data-start=\"740\" data-end=\"745\" \/>\n<p data-start=\"747\" data-end=\"877\">\ud83d\udcb3 <strong data-start=\"750\" data-end=\"769\">Nach Bezahlung:<\/strong><br data-start=\"769\" data-end=\"772\" \/>\ud83d\udcbb Sofortiger Download f\u00fcr PC<br data-start=\"801\" data-end=\"804\" \/>\ud83d\udcf1 Sofortiger Download f\u00fcrs Handy<br data-start=\"837\" data-end=\"840\" \/>\ud83d\udda5\ufe0f Sofortiger Download f\u00fcrs Tablet<\/p>\n<p data-start=\"879\" data-end=\"922\" data-is-last-node=\"\" data-is-only-node=\"\">\ud83d\udca5 <strong data-start=\"882\" data-end=\"919\">Einmal gekauft \u2013 f\u00fcr immer deins!<\/strong> \ud83d\udca5<\/p>","protected":false},"excerpt":{"rendered":"<p>\ud83c\udfa7 H\u00f6rspiel: John Sinclair 169 \u2013 Lupina gegen Mandragoro \ud83c\udfa7 \ud83e\udddb\u200d\u2640\ufe0f\ud83c\udf3f Blutige Rivalen, uralte Kr\u00e4fte \u2013 und ein Kampf auf Leben und Tod.In London treten zwei m\u00e4chtige Wesen in den Vordergrund: Lupina, die unheimliche Vampirin, und Mandragoro, ein finsterer Magier mit Kr\u00e4ften aus der Pflanzenwelt. Ihre Feindschaft bedroht die Stadt \u2013 und die Bewohner ahnen [&hellip;]<\/p>\n","protected":false},"featured_media":1371,"comment_status":"open","ping_status":"closed","template":"","meta":[],"product_brand":[],"product_cat":[31],"product_tag":[],"class_list":{"0":"post-1370","1":"product","2":"type-product","3":"status-publish","4":"has-post-thumbnail","6":"product_cat-john-sinclair","8":"first","9":"instock","10":"sale","11":"virtual","12":"purchasable","13":"product-type-simple"},"jetpack_sharing_enabled":true,"_links":{"self":[{"href":"https:\/\/audiobook-24.com\/en\/wp-json\/wp\/v2\/product\/1370","targetHints":{"allow":["GET"]}}],"collection":[{"href":"https:\/\/audiobook-24.com\/en\/wp-json\/wp\/v2\/product"}],"about":[{"href":"https:\/\/audiobook-24.com\/en\/wp-json\/wp\/v2\/types\/product"}],"replies":[{"embeddable":true,"href":"https:\/\/audiobook-24.com\/en\/wp-json\/wp\/v2\/comments?post=1370"}],"wp:featuredmedia":[{"embeddable":true,"href":"https:\/\/audiobook-24.com\/en\/wp-json\/wp\/v2\/media\/1371"}],"wp:attachment":[{"href":"https:\/\/audiobook-24.com\/en\/wp-json\/wp\/v2\/media?parent=1370"}],"wp:term":[{"taxonomy":"product_brand","embeddable":true,"href":"https:\/\/audiobook-24.com\/en\/wp-json\/wp\/v2\/product_brand?post=1370"},{"taxonomy":"product_cat","embeddable":true,"href":"https:\/\/audiobook-24.com\/en\/wp-json\/wp\/v2\/product_cat?post=1370"},{"taxonomy":"product_tag","embeddable":true,"href":"https:\/\/audiobook-24.com\/en\/wp-json\/wp\/v2\/product_tag?post=1370"}],"curies":[{"name":"wp","href":"https:\/\/api.w.org\/{rel}","templated":true}]}}