{"id":1368,"date":"2025-11-24T01:42:38","date_gmt":"2025-11-24T01:42:38","guid":{"rendered":"https:\/\/audiobook-24.com\/?post_type=product&#038;p=1368"},"modified":"2025-11-24T01:42:38","modified_gmt":"2025-11-24T01:42:38","slug":"%f0%9f%8e%a7-hoerspiel-john-sinclair-168-der-grausame-wald-%f0%9f%8e%a7","status":"publish","type":"product","link":"https:\/\/audiobook-24.com\/en\/product\/%f0%9f%8e%a7-hoerspiel-john-sinclair-168-der-grausame-wald-%f0%9f%8e%a7\/","title":{"rendered":"\ud83c\udfa7 H\u00f6rspiel: John Sinclair 168 \u2013 Der grausame Wald \ud83c\udfa7"},"content":{"rendered":"<p data-start=\"0\" data-end=\"61\">\ud83c\udfa7 <strong data-start=\"3\" data-end=\"56\">H\u00f6rspiel: John Sinclair 168 \u2013 <em data-start=\"35\" data-end=\"54\">Der grausame Wald<\/em><\/strong> \ud83c\udfa7<\/p>\n<p data-start=\"63\" data-end=\"418\">\ud83c\udf32\ud83d\udc80 <strong data-start=\"68\" data-end=\"102\">Ein Wald, der lebt\u2026 und t\u00f6tet.<\/strong><br data-start=\"102\" data-end=\"105\" \/>Tief in einem abgelegenen Forst kommt es zu blutigen Vorf\u00e4llen: Wanderer verschwinden, Tiere verhalten sich wie besessen und aus den B\u00e4umen dringt ein unheilvolles Fl\u00fcstern.<br data-start=\"278\" data-end=\"281\" \/>Als John Sinclair den Ort untersucht, merkt er schnell, dass dieser Wald mehr ist als nur Natur \u2013 er ist ein uraltes, b\u00f6sartiges Wesen.<\/p>\n<p data-start=\"420\" data-end=\"610\">Dunkle Rituale, verfluchte Wurzeln und ein Schrecken, der aus dem Herzen des Waldes dringt, zwingen John in einen Kampf, bei dem jedes Knacken hinter ihm sein letztes Ger\u00e4usch sein k\u00f6nnte.<\/p>\n<p data-start=\"612\" data-end=\"701\">Ein atmosph\u00e4risch dichter Terror-Trip voller Naturhorror, Spannung und purer G\u00e4nsehaut!<\/p>\n<hr data-start=\"703\" data-end=\"708\" \/>\n<p data-start=\"710\" data-end=\"840\">\ud83d\udcb3 <strong data-start=\"713\" data-end=\"732\">Nach Bezahlung:<\/strong><br data-start=\"732\" data-end=\"735\" \/>\ud83d\udcbb Sofortiger Download f\u00fcr PC<br data-start=\"764\" data-end=\"767\" \/>\ud83d\udcf1 Sofortiger Download f\u00fcrs Handy<br data-start=\"800\" data-end=\"803\" \/>\ud83d\udda5\ufe0f Sofortiger Download f\u00fcrs Tablet<\/p>\n<p data-start=\"842\" data-end=\"885\" data-is-last-node=\"\" data-is-only-node=\"\">\ud83d\udca5 <strong data-start=\"845\" data-end=\"882\">Einmal gekauft \u2013 f\u00fcr immer deins!<\/strong> \ud83d\udca5<\/p>","protected":false},"excerpt":{"rendered":"<p>\ud83c\udfa7 H\u00f6rspiel: John Sinclair 168 \u2013 Der grausame Wald \ud83c\udfa7 \ud83c\udf32\ud83d\udc80 Ein Wald, der lebt\u2026 und t\u00f6tet.Tief in einem abgelegenen Forst kommt es zu blutigen Vorf\u00e4llen: Wanderer verschwinden, Tiere verhalten sich wie besessen und aus den B\u00e4umen dringt ein unheilvolles Fl\u00fcstern.Als John Sinclair den Ort untersucht, merkt er schnell, dass dieser Wald mehr ist als [&hellip;]<\/p>\n","protected":false},"featured_media":1369,"comment_status":"open","ping_status":"closed","template":"","meta":[],"product_brand":[],"product_cat":[31],"product_tag":[],"class_list":{"0":"post-1368","1":"product","2":"type-product","3":"status-publish","4":"has-post-thumbnail","6":"product_cat-john-sinclair","8":"first","9":"instock","10":"sale","11":"virtual","12":"purchasable","13":"product-type-simple"},"jetpack_sharing_enabled":true,"_links":{"self":[{"href":"https:\/\/audiobook-24.com\/en\/wp-json\/wp\/v2\/product\/1368","targetHints":{"allow":["GET"]}}],"collection":[{"href":"https:\/\/audiobook-24.com\/en\/wp-json\/wp\/v2\/product"}],"about":[{"href":"https:\/\/audiobook-24.com\/en\/wp-json\/wp\/v2\/types\/product"}],"replies":[{"embeddable":true,"href":"https:\/\/audiobook-24.com\/en\/wp-json\/wp\/v2\/comments?post=1368"}],"wp:featuredmedia":[{"embeddable":true,"href":"https:\/\/audiobook-24.com\/en\/wp-json\/wp\/v2\/media\/1369"}],"wp:attachment":[{"href":"https:\/\/audiobook-24.com\/en\/wp-json\/wp\/v2\/media?parent=1368"}],"wp:term":[{"taxonomy":"product_brand","embeddable":true,"href":"https:\/\/audiobook-24.com\/en\/wp-json\/wp\/v2\/product_brand?post=1368"},{"taxonomy":"product_cat","embeddable":true,"href":"https:\/\/audiobook-24.com\/en\/wp-json\/wp\/v2\/product_cat?post=1368"},{"taxonomy":"product_tag","embeddable":true,"href":"https:\/\/audiobook-24.com\/en\/wp-json\/wp\/v2\/product_tag?post=1368"}],"curies":[{"name":"wp","href":"https:\/\/api.w.org\/{rel}","templated":true}]}}