{"id":1364,"date":"2025-11-24T01:39:09","date_gmt":"2025-11-24T01:39:09","guid":{"rendered":"https:\/\/audiobook-24.com\/?post_type=product&#038;p=1364"},"modified":"2025-11-24T01:39:10","modified_gmt":"2025-11-24T01:39:10","slug":"%f0%9f%8e%a7-hoerspiel-john-sinclair-149-die-rache-des-kopflosen-%f0%9f%8e%a7","status":"publish","type":"product","link":"https:\/\/audiobook-24.com\/en\/product\/%f0%9f%8e%a7-hoerspiel-john-sinclair-149-die-rache-des-kopflosen-%f0%9f%8e%a7\/","title":{"rendered":"\ud83c\udfa7 H\u00f6rspiel: John Sinclair 149 \u2013 Die Rache des Kopflosen \ud83c\udfa7"},"content":{"rendered":"<p data-start=\"0\" data-end=\"67\">\ud83c\udfa7 <strong data-start=\"3\" data-end=\"62\">H\u00f6rspiel: John Sinclair 149 \u2013 <em data-start=\"35\" data-end=\"60\">Die Rache des Kopflosen<\/em><\/strong> \ud83c\udfa7<\/p>\n<p data-start=\"69\" data-end=\"354\">\ud83d\udde1\ufe0f\ud83d\ude31 <strong data-start=\"75\" data-end=\"132\">Er kehrt zur\u00fcck\u2026 ohne Kopf \u2013 aber mit t\u00f6dlichem Zorn.<\/strong><br data-start=\"132\" data-end=\"135\" \/>Ein kopfloser Reiter versetzt London in Angst und Schrecken. Seine Opfer werden grausam hingerichtet, und jede Spur f\u00fchrt tief in die Vergangenheit \u2013 zu einem Mann, der einst verraten, verurteilt und enthauptet wurde.<\/p>\n<p data-start=\"356\" data-end=\"652\">Doch der Kopflose ist kein gew\u00f6hnlicher Geist. Er ist schneller, brutaler und von einer einzigen Mission getrieben: Rache.<br data-start=\"478\" data-end=\"481\" \/>John Sinclair muss herausfinden, wer ihn zur\u00fcck in die Welt der Lebenden geholt hat \u2013 und wie man einen Gegner stoppt, der keinen Kopf besitzt\u2026 aber dennoch alles sieht.<\/p>\n<p data-start=\"654\" data-end=\"746\">Ein schaurig-packender Fall voller d\u00fcsterer Atmosph\u00e4re, Action und \u00fcbernat\u00fcrlichem Grauen!<\/p>\n<hr data-start=\"748\" data-end=\"753\" \/>\n<p data-start=\"755\" data-end=\"885\">\ud83d\udcb3 <strong data-start=\"758\" data-end=\"777\">Nach Bezahlung:<\/strong><br data-start=\"777\" data-end=\"780\" \/>\ud83d\udcbb Sofortiger Download f\u00fcr PC<br data-start=\"809\" data-end=\"812\" \/>\ud83d\udcf1 Sofortiger Download f\u00fcrs Handy<br data-start=\"845\" data-end=\"848\" \/>\ud83d\udda5\ufe0f Sofortiger Download f\u00fcrs Tablet<\/p>\n<p data-start=\"887\" data-end=\"930\" data-is-last-node=\"\" data-is-only-node=\"\">\ud83d\udca5 <strong data-start=\"890\" data-end=\"927\">Einmal gekauft \u2013 f\u00fcr immer deins!<\/strong> \ud83d\udca5<\/p>","protected":false},"excerpt":{"rendered":"<p>\ud83c\udfa7 H\u00f6rspiel: John Sinclair 149 \u2013 Die Rache des Kopflosen \ud83c\udfa7 \ud83d\udde1\ufe0f\ud83d\ude31 Er kehrt zur\u00fcck\u2026 ohne Kopf \u2013 aber mit t\u00f6dlichem Zorn.Ein kopfloser Reiter versetzt London in Angst und Schrecken. Seine Opfer werden grausam hingerichtet, und jede Spur f\u00fchrt tief in die Vergangenheit \u2013 zu einem Mann, der einst verraten, verurteilt und enthauptet wurde. Doch [&hellip;]<\/p>\n","protected":false},"featured_media":1365,"comment_status":"open","ping_status":"closed","template":"","meta":[],"product_brand":[],"product_cat":[31],"product_tag":[],"class_list":{"0":"post-1364","1":"product","2":"type-product","3":"status-publish","4":"has-post-thumbnail","6":"product_cat-john-sinclair","8":"first","9":"instock","10":"sale","11":"virtual","12":"purchasable","13":"product-type-simple"},"jetpack_sharing_enabled":true,"_links":{"self":[{"href":"https:\/\/audiobook-24.com\/en\/wp-json\/wp\/v2\/product\/1364","targetHints":{"allow":["GET"]}}],"collection":[{"href":"https:\/\/audiobook-24.com\/en\/wp-json\/wp\/v2\/product"}],"about":[{"href":"https:\/\/audiobook-24.com\/en\/wp-json\/wp\/v2\/types\/product"}],"replies":[{"embeddable":true,"href":"https:\/\/audiobook-24.com\/en\/wp-json\/wp\/v2\/comments?post=1364"}],"wp:featuredmedia":[{"embeddable":true,"href":"https:\/\/audiobook-24.com\/en\/wp-json\/wp\/v2\/media\/1365"}],"wp:attachment":[{"href":"https:\/\/audiobook-24.com\/en\/wp-json\/wp\/v2\/media?parent=1364"}],"wp:term":[{"taxonomy":"product_brand","embeddable":true,"href":"https:\/\/audiobook-24.com\/en\/wp-json\/wp\/v2\/product_brand?post=1364"},{"taxonomy":"product_cat","embeddable":true,"href":"https:\/\/audiobook-24.com\/en\/wp-json\/wp\/v2\/product_cat?post=1364"},{"taxonomy":"product_tag","embeddable":true,"href":"https:\/\/audiobook-24.com\/en\/wp-json\/wp\/v2\/product_tag?post=1364"}],"curies":[{"name":"wp","href":"https:\/\/api.w.org\/{rel}","templated":true}]}}