{"id":1360,"date":"2025-11-24T01:34:54","date_gmt":"2025-11-24T01:34:54","guid":{"rendered":"https:\/\/audiobook-24.com\/?post_type=product&#038;p=1360"},"modified":"2025-11-24T01:34:54","modified_gmt":"2025-11-24T01:34:54","slug":"%f0%9f%8e%a7-hoerspiel-john-sinclair-50-jahre-john-sinclair-villa-wahnsinn-%f0%9f%8e%a7","status":"publish","type":"product","link":"https:\/\/audiobook-24.com\/en\/product\/%f0%9f%8e%a7-hoerspiel-john-sinclair-50-jahre-john-sinclair-villa-wahnsinn-%f0%9f%8e%a7\/","title":{"rendered":"\ud83c\udfa7 H\u00f6rspiel: John Sinclair \u2013 50 Jahre John Sinclair: Villa Wahnsinn \ud83c\udfa7"},"content":{"rendered":"<p data-start=\"0\" data-end=\"78\">\ud83c\udfa7 <strong data-start=\"3\" data-end=\"73\">H\u00f6rspiel: John Sinclair \u2013 <em data-start=\"31\" data-end=\"71\">50 Jahre John Sinclair: Villa Wahnsinn<\/em><\/strong> \ud83c\udfa7<\/p>\n<p data-start=\"80\" data-end=\"471\">\ud83c\udfda\ufe0f\ud83e\ude78 <strong data-start=\"86\" data-end=\"151\">Eine Villa voller Geheimnisse \u2013 und Wahnsinn in jedem Zimmer\u2026<\/strong><br data-start=\"151\" data-end=\"154\" \/>Zum gro\u00dfen Jubil\u00e4um pr\u00e4sentiert sich dieser besondere Sinclair-Fall als d\u00fcsteres Highlight:<br data-start=\"245\" data-end=\"248\" \/>In einer abgelegenen Villa h\u00e4ufen sich unheimliche Zwischenf\u00e4lle. Schreie in der Nacht, blutige Visionen, Gestalten, die in den W\u00e4nden verschwinden \u2013 und Menschen, die den Verstand verlieren, sobald sie das Haus betreten.<\/p>\n<p data-start=\"473\" data-end=\"735\">John Sinclair wird gerufen, um die Quelle des Schreckens zu finden. Doch je l\u00e4nger er sich in der Villa aufh\u00e4lt, desto st\u00e4rker wird der Sog des Wahnsinns. Etwas Grauenhaftes lebt zwischen den morschen Balken, etwas, das seit Jahrzehnten auf seine Opfer wartet\u2026<\/p>\n<p data-start=\"737\" data-end=\"865\">Ein intensives, atmosph\u00e4risches Jubil\u00e4ums-H\u00f6rspiel \u2013 unheimlich, packend und absolut w\u00fcrdig zum 50-j\u00e4hrigen Sinclair-Bestehen!<\/p>\n<hr data-start=\"867\" data-end=\"872\" \/>\n<p data-start=\"874\" data-end=\"1004\">\ud83d\udcb3 <strong data-start=\"877\" data-end=\"896\">Nach Bezahlung:<\/strong><br data-start=\"896\" data-end=\"899\" \/>\ud83d\udcbb Sofortiger Download f\u00fcr PC<br data-start=\"928\" data-end=\"931\" \/>\ud83d\udcf1 Sofortiger Download f\u00fcrs Handy<br data-start=\"964\" data-end=\"967\" \/>\ud83d\udda5\ufe0f Sofortiger Download f\u00fcrs Tablet<\/p>\n<p data-start=\"1006\" data-end=\"1049\" data-is-last-node=\"\" data-is-only-node=\"\">\ud83d\udca5 <strong data-start=\"1009\" data-end=\"1046\">Einmal gekauft \u2013 f\u00fcr immer deins!<\/strong> \ud83d\udca5<\/p>","protected":false},"excerpt":{"rendered":"<p>\ud83c\udfa7 H\u00f6rspiel: John Sinclair \u2013 50 Jahre John Sinclair: Villa Wahnsinn \ud83c\udfa7 \ud83c\udfda\ufe0f\ud83e\ude78 Eine Villa voller Geheimnisse \u2013 und Wahnsinn in jedem Zimmer\u2026Zum gro\u00dfen Jubil\u00e4um pr\u00e4sentiert sich dieser besondere Sinclair-Fall als d\u00fcsteres Highlight:In einer abgelegenen Villa h\u00e4ufen sich unheimliche Zwischenf\u00e4lle. Schreie in der Nacht, blutige Visionen, Gestalten, die in den W\u00e4nden verschwinden \u2013 und Menschen, [&hellip;]<\/p>\n","protected":false},"featured_media":1361,"comment_status":"open","ping_status":"closed","template":"","meta":[],"product_brand":[],"product_cat":[31],"product_tag":[],"class_list":{"0":"post-1360","1":"product","2":"type-product","3":"status-publish","4":"has-post-thumbnail","6":"product_cat-john-sinclair","8":"first","9":"instock","10":"sale","11":"virtual","12":"purchasable","13":"product-type-simple"},"jetpack_sharing_enabled":true,"_links":{"self":[{"href":"https:\/\/audiobook-24.com\/en\/wp-json\/wp\/v2\/product\/1360","targetHints":{"allow":["GET"]}}],"collection":[{"href":"https:\/\/audiobook-24.com\/en\/wp-json\/wp\/v2\/product"}],"about":[{"href":"https:\/\/audiobook-24.com\/en\/wp-json\/wp\/v2\/types\/product"}],"replies":[{"embeddable":true,"href":"https:\/\/audiobook-24.com\/en\/wp-json\/wp\/v2\/comments?post=1360"}],"wp:featuredmedia":[{"embeddable":true,"href":"https:\/\/audiobook-24.com\/en\/wp-json\/wp\/v2\/media\/1361"}],"wp:attachment":[{"href":"https:\/\/audiobook-24.com\/en\/wp-json\/wp\/v2\/media?parent=1360"}],"wp:term":[{"taxonomy":"product_brand","embeddable":true,"href":"https:\/\/audiobook-24.com\/en\/wp-json\/wp\/v2\/product_brand?post=1360"},{"taxonomy":"product_cat","embeddable":true,"href":"https:\/\/audiobook-24.com\/en\/wp-json\/wp\/v2\/product_cat?post=1360"},{"taxonomy":"product_tag","embeddable":true,"href":"https:\/\/audiobook-24.com\/en\/wp-json\/wp\/v2\/product_tag?post=1360"}],"curies":[{"name":"wp","href":"https:\/\/api.w.org\/{rel}","templated":true}]}}