{"id":1352,"date":"2025-11-24T00:47:18","date_gmt":"2025-11-24T00:47:18","guid":{"rendered":"https:\/\/audiobook-24.com\/?post_type=product&#038;p=1352"},"modified":"2025-11-24T00:47:19","modified_gmt":"2025-11-24T00:47:19","slug":"%f0%9f%8e%a7-hoerspiel-john-sinclair-152-todesfalle-unter-wasser-%f0%9f%8e%a7","status":"publish","type":"product","link":"https:\/\/audiobook-24.com\/en\/product\/%f0%9f%8e%a7-hoerspiel-john-sinclair-152-todesfalle-unter-wasser-%f0%9f%8e%a7\/","title":{"rendered":"\ud83c\udfa7 H\u00f6rspiel: John Sinclair 152 \u2013 Todesfalle unter Wasser \ud83c\udfa7"},"content":{"rendered":"<p data-start=\"0\" data-end=\"67\">\ud83c\udfa7 <strong data-start=\"3\" data-end=\"62\">H\u00f6rspiel: John Sinclair 152 \u2013 <em data-start=\"35\" data-end=\"60\">Todesfalle unter Wasser<\/em><\/strong> \ud83c\udfa7<\/p>\n<p data-start=\"69\" data-end=\"363\">\ud83c\udf0a\ud83d\udc80 <strong data-start=\"74\" data-end=\"106\">In der Tiefe lauert der Tod\u2026<\/strong><br data-start=\"106\" data-end=\"109\" \/>Ein Routineeinsatz wird f\u00fcr John Sinclair zum Albtraum, als mehrere mysteri\u00f6se Todesf\u00e4lle in einem Unterwasser-Laborsystem gemeldet werden. Die Opfer sterben ohne sichtbare Spuren \u2013 doch alle berichten zuvor von unheimlichen Schatten in der Dunkelheit.<\/p>\n<p data-start=\"365\" data-end=\"628\">John taucht buchst\u00e4blich ab in eine Welt aus klaustrophobischen G\u00e4ngen, dr\u00fcckender Stille und uralten Kreaturen, die nie ans Licht kommen sollten. Je weiter er vordringt, desto klarer wird: Das wahre Grauen wartet nicht an der Oberfl\u00e4che\u2026 sondern tief darunter.<\/p>\n<p data-start=\"630\" data-end=\"691\">Ein beklemmend-spannender Horrorfall mit G\u00e4nsehautgarantie!<\/p>\n<hr data-start=\"693\" data-end=\"698\" \/>\n<p data-start=\"700\" data-end=\"830\">\ud83d\udcb3 <strong data-start=\"703\" data-end=\"722\">Nach Bezahlung:<\/strong><br data-start=\"722\" data-end=\"725\" \/>\ud83d\udcbb Sofortiger Download f\u00fcr PC<br data-start=\"754\" data-end=\"757\" \/>\ud83d\udcf1 Sofortiger Download f\u00fcrs Handy<br data-start=\"790\" data-end=\"793\" \/>\ud83d\udda5\ufe0f Sofortiger Download f\u00fcrs Tablet<\/p>\n<p data-start=\"832\" data-end=\"875\" data-is-last-node=\"\" data-is-only-node=\"\">\ud83d\udca5 <strong data-start=\"835\" data-end=\"872\">Einmal gekauft \u2013 f\u00fcr immer deins!<\/strong> \ud83d\udca5<\/p>","protected":false},"excerpt":{"rendered":"<p>\ud83c\udfa7 H\u00f6rspiel: John Sinclair 152 \u2013 Todesfalle unter Wasser \ud83c\udfa7 \ud83c\udf0a\ud83d\udc80 In der Tiefe lauert der Tod\u2026Ein Routineeinsatz wird f\u00fcr John Sinclair zum Albtraum, als mehrere mysteri\u00f6se Todesf\u00e4lle in einem Unterwasser-Laborsystem gemeldet werden. Die Opfer sterben ohne sichtbare Spuren \u2013 doch alle berichten zuvor von unheimlichen Schatten in der Dunkelheit. John taucht buchst\u00e4blich ab in [&hellip;]<\/p>\n","protected":false},"featured_media":1353,"comment_status":"open","ping_status":"closed","template":"","meta":[],"product_brand":[],"product_cat":[31],"product_tag":[],"class_list":{"0":"post-1352","1":"product","2":"type-product","3":"status-publish","4":"has-post-thumbnail","6":"product_cat-john-sinclair","8":"first","9":"instock","10":"sale","11":"virtual","12":"purchasable","13":"product-type-simple"},"jetpack_sharing_enabled":true,"_links":{"self":[{"href":"https:\/\/audiobook-24.com\/en\/wp-json\/wp\/v2\/product\/1352","targetHints":{"allow":["GET"]}}],"collection":[{"href":"https:\/\/audiobook-24.com\/en\/wp-json\/wp\/v2\/product"}],"about":[{"href":"https:\/\/audiobook-24.com\/en\/wp-json\/wp\/v2\/types\/product"}],"replies":[{"embeddable":true,"href":"https:\/\/audiobook-24.com\/en\/wp-json\/wp\/v2\/comments?post=1352"}],"wp:featuredmedia":[{"embeddable":true,"href":"https:\/\/audiobook-24.com\/en\/wp-json\/wp\/v2\/media\/1353"}],"wp:attachment":[{"href":"https:\/\/audiobook-24.com\/en\/wp-json\/wp\/v2\/media?parent=1352"}],"wp:term":[{"taxonomy":"product_brand","embeddable":true,"href":"https:\/\/audiobook-24.com\/en\/wp-json\/wp\/v2\/product_brand?post=1352"},{"taxonomy":"product_cat","embeddable":true,"href":"https:\/\/audiobook-24.com\/en\/wp-json\/wp\/v2\/product_cat?post=1352"},{"taxonomy":"product_tag","embeddable":true,"href":"https:\/\/audiobook-24.com\/en\/wp-json\/wp\/v2\/product_tag?post=1352"}],"curies":[{"name":"wp","href":"https:\/\/api.w.org\/{rel}","templated":true}]}}