{"id":1350,"date":"2025-11-24T00:42:43","date_gmt":"2025-11-24T00:42:43","guid":{"rendered":"https:\/\/audiobook-24.com\/?post_type=product&#038;p=1350"},"modified":"2025-11-24T00:42:43","modified_gmt":"2025-11-24T00:42:43","slug":"%f0%9f%8e%a7-hoerspiel-john-sinclair-underworld-folge-5-magoi-%f0%9f%8e%a7","status":"publish","type":"product","link":"https:\/\/audiobook-24.com\/en\/product\/%f0%9f%8e%a7-hoerspiel-john-sinclair-underworld-folge-5-magoi-%f0%9f%8e%a7\/","title":{"rendered":"\ud83c\udfa7 H\u00f6rspiel: John Sinclair \u2013 Underworld Folge 5: Magoi \ud83c\udfa7"},"content":{"rendered":"<p data-start=\"0\" data-end=\"65\">\ud83c\udfa7 <strong data-start=\"3\" data-end=\"60\">H\u00f6rspiel: John Sinclair \u2013 <em data-start=\"31\" data-end=\"58\">Underworld Folge 5: Magoi<\/em><\/strong> \ud83c\udfa7<\/p>\n<p data-start=\"67\" data-end=\"410\">\ud83d\udf01\ud83d\udd2e <strong data-start=\"72\" data-end=\"132\">Die Magoi \u2013 uralte Magier aus den Tiefen der Finsternis\u2026<\/strong><br data-start=\"132\" data-end=\"135\" \/>John Sinclair ger\u00e4t in einen Strudel aus dunkler Magie, als ein Geheimbund m\u00e4chtiger Magier \u2013 die Magoi \u2013 in der Unterwelt aktiv wird. Ihre Rituale sind alt, ihre Kr\u00e4fte unberechenbar, und ihr Ziel ist nichts Geringeres als die Kontrolle \u00fcber die Grenzen von Leben und Tod.<\/p>\n<p data-start=\"412\" data-end=\"636\">Gemeinsam mit seinen Verb\u00fcndeten stellt sich John einer Bedrohung, die nicht nur die Unterwelt, sondern die ganze Welt ins Chaos st\u00fcrzen k\u00f6nnte. Jeder Schritt f\u00fchrt tiefer in Schatten, Intrigen und \u00fcbernat\u00fcrliche Abgr\u00fcnde\u2026<\/p>\n<p data-start=\"638\" data-end=\"714\">Eine d\u00fcster-spannende Folge voller Magie, Gefahr und gnadenloser Spannung!<\/p>\n<hr data-start=\"716\" data-end=\"721\" \/>\n<p data-start=\"723\" data-end=\"853\">\ud83d\udcb3 <strong data-start=\"726\" data-end=\"745\">Nach Bezahlung:<\/strong><br data-start=\"745\" data-end=\"748\" \/>\ud83d\udcbb Sofortiger Download f\u00fcr PC<br data-start=\"777\" data-end=\"780\" \/>\ud83d\udcf1 Sofortiger Download f\u00fcrs Handy<br data-start=\"813\" data-end=\"816\" \/>\ud83d\udda5\ufe0f Sofortiger Download f\u00fcrs Tablet<\/p>\n<p data-start=\"855\" data-end=\"898\" data-is-last-node=\"\" data-is-only-node=\"\">\ud83d\udca5 <strong data-start=\"858\" data-end=\"895\">Einmal gekauft \u2013 f\u00fcr immer deins!<\/strong> \ud83d\udca5<\/p>","protected":false},"excerpt":{"rendered":"<p>\ud83c\udfa7 H\u00f6rspiel: John Sinclair \u2013 Underworld Folge 5: Magoi \ud83c\udfa7 \ud83d\udf01\ud83d\udd2e Die Magoi \u2013 uralte Magier aus den Tiefen der Finsternis\u2026John Sinclair ger\u00e4t in einen Strudel aus dunkler Magie, als ein Geheimbund m\u00e4chtiger Magier \u2013 die Magoi \u2013 in der Unterwelt aktiv wird. Ihre Rituale sind alt, ihre Kr\u00e4fte unberechenbar, und ihr Ziel ist nichts [&hellip;]<\/p>\n","protected":false},"featured_media":1351,"comment_status":"open","ping_status":"closed","template":"","meta":[],"product_brand":[],"product_cat":[31],"product_tag":[],"class_list":{"0":"post-1350","1":"product","2":"type-product","3":"status-publish","4":"has-post-thumbnail","6":"product_cat-john-sinclair","8":"first","9":"instock","10":"sale","11":"virtual","12":"purchasable","13":"product-type-simple"},"jetpack_sharing_enabled":true,"_links":{"self":[{"href":"https:\/\/audiobook-24.com\/en\/wp-json\/wp\/v2\/product\/1350","targetHints":{"allow":["GET"]}}],"collection":[{"href":"https:\/\/audiobook-24.com\/en\/wp-json\/wp\/v2\/product"}],"about":[{"href":"https:\/\/audiobook-24.com\/en\/wp-json\/wp\/v2\/types\/product"}],"replies":[{"embeddable":true,"href":"https:\/\/audiobook-24.com\/en\/wp-json\/wp\/v2\/comments?post=1350"}],"wp:featuredmedia":[{"embeddable":true,"href":"https:\/\/audiobook-24.com\/en\/wp-json\/wp\/v2\/media\/1351"}],"wp:attachment":[{"href":"https:\/\/audiobook-24.com\/en\/wp-json\/wp\/v2\/media?parent=1350"}],"wp:term":[{"taxonomy":"product_brand","embeddable":true,"href":"https:\/\/audiobook-24.com\/en\/wp-json\/wp\/v2\/product_brand?post=1350"},{"taxonomy":"product_cat","embeddable":true,"href":"https:\/\/audiobook-24.com\/en\/wp-json\/wp\/v2\/product_cat?post=1350"},{"taxonomy":"product_tag","embeddable":true,"href":"https:\/\/audiobook-24.com\/en\/wp-json\/wp\/v2\/product_tag?post=1350"}],"curies":[{"name":"wp","href":"https:\/\/api.w.org\/{rel}","templated":true}]}}