{"id":1346,"date":"2025-11-23T20:30:50","date_gmt":"2025-11-23T20:30:50","guid":{"rendered":"https:\/\/audiobook-24.com\/?post_type=product&#038;p=1346"},"modified":"2025-11-23T20:30:50","modified_gmt":"2025-11-23T20:30:50","slug":"%f0%9f%8e%a7-hoerspiel-john-sinclair-albtraum-comic-%f0%9f%8e%a7","status":"publish","type":"product","link":"https:\/\/audiobook-24.com\/en\/product\/%f0%9f%8e%a7-hoerspiel-john-sinclair-albtraum-comic-%f0%9f%8e%a7\/","title":{"rendered":"\ud83c\udfa7 H\u00f6rspiel: John Sinclair \u2013 Albtraum-Comic \ud83c\udfa7"},"content":{"rendered":"<article class=\"text-token-text-primary w-full focus:outline-none [--shadow-height:45px] has-data-writing-block:pointer-events-none has-data-writing-block:-mt-(--shadow-height) has-data-writing-block:pt-(--shadow-height) [&amp;:has([data-writing-block])&gt;*]:pointer-events-auto scroll-mt-(--header-height)\" dir=\"auto\" tabindex=\"-1\" data-turn-id=\"c37e93a6-6a20-4906-891a-5f108c88f8c8\" data-testid=\"conversation-turn-191\" data-scroll-anchor=\"false\" data-turn=\"user\">\n<div class=\"text-base my-auto mx-auto pt-12 [--thread-content-margin:--spacing(4)] thread-sm:[--thread-content-margin:--spacing(6)] thread-lg:[--thread-content-margin:--spacing(16)] px-(--thread-content-margin)\">\n<div class=\"[--thread-content-max-width:40rem] thread-lg:[--thread-content-max-width:48rem] mx-auto max-w-(--thread-content-max-width) flex-1 group\/turn-messages focus-visible:outline-hidden relative flex w-full min-w-0 flex-col\" tabindex=\"-1\">\n<div class=\"flex max-w-full flex-col grow\">\n<div class=\"min-h-8 text-message relative flex w-full flex-col items-end gap-2 text-start break-words whitespace-normal [.text-message+&amp;]:mt-1\" dir=\"auto\" data-message-author-role=\"user\" data-message-id=\"c37e93a6-6a20-4906-891a-5f108c88f8c8\">\n<div class=\"flex w-full flex-col gap-1 empty:hidden items-end rtl:items-start\">\n<div class=\"user-message-bubble-color relative rounded-[18px] px-4 py-1.5 data-[multiline]:py-3 max-w-[var(--user-chat-width,70%)]\">\n<div class=\"whitespace-pre-wrap\"><\/div>\n<\/div>\n<\/div>\n<\/div>\n<\/div>\n<\/div>\n<\/div>\n<\/article>\n<article class=\"text-token-text-primary w-full focus:outline-none [--shadow-height:45px] has-data-writing-block:pointer-events-none has-data-writing-block:-mt-(--shadow-height) has-data-writing-block:pt-(--shadow-height) [&amp;:has([data-writing-block])&gt;*]:pointer-events-auto [content-visibility:auto] supports-[content-visibility:auto]:[contain-intrinsic-size:auto_100lvh] scroll-mt-[calc(var(--header-height)+min(200px,max(70px,20svh)))]\" dir=\"auto\" tabindex=\"-1\" data-turn-id=\"request-6920dde2-070c-8330-9771-dc5c2f8f7e2e-12\" data-testid=\"conversation-turn-192\" data-scroll-anchor=\"true\" data-turn=\"assistant\">\n<div class=\"text-base my-auto mx-auto pb-10 [--thread-content-margin:--spacing(4)] thread-sm:[--thread-content-margin:--spacing(6)] thread-lg:[--thread-content-margin:--spacing(16)] px-(--thread-content-margin)\">\n<div class=\"[--thread-content-max-width:40rem] thread-lg:[--thread-content-max-width:48rem] mx-auto max-w-(--thread-content-max-width) flex-1 group\/turn-messages focus-visible:outline-hidden relative flex w-full min-w-0 flex-col agent-turn\" tabindex=\"-1\">\n<div class=\"flex max-w-full flex-col grow\">\n<div class=\"min-h-8 text-message relative flex w-full flex-col items-end gap-2 text-start break-words whitespace-normal [.text-message+&amp;]:mt-1\" dir=\"auto\" data-message-author-role=\"assistant\" data-message-id=\"1fd26e12-574d-4951-bceb-58a98fcbcfec\" data-message-model-slug=\"gpt-5-1\">\n<div class=\"flex w-full flex-col gap-1 empty:hidden first:pt-[1px]\">\n<div class=\"markdown prose dark:prose-invert w-full break-words light markdown-new-styling\">\n<p data-start=\"0\" data-end=\"54\">\ud83c\udfa7 <strong data-start=\"3\" data-end=\"49\">H\u00f6rspiel: John Sinclair \u2013 <em data-start=\"31\" data-end=\"47\">Albtraum-Comic<\/em><\/strong> \ud83c\udfa7<\/p>\n<p data-start=\"56\" data-end=\"522\">\ud83e\ude78\ud83d\udcd6 <strong data-start=\"61\" data-end=\"109\">Wenn ein Comic zum Tor in den Albtraum wird\u2026<\/strong><br data-start=\"109\" data-end=\"112\" \/>Ein geheimnisvoller Comic taucht auf \u2013 gezeichnet mit erschreckender Detailtreue, blutig, verst\u00f6rend und voller Szenen, die unm\u00f6glich real sein k\u00f6nnen\u2026 oder doch?<br data-start=\"274\" data-end=\"277\" \/>Als mehrere Menschen beim Lesen des Comics in den Wahnsinn getrieben werden, \u00fcbernimmt John Sinclair den Fall. Bald entdeckt er, dass die Bilder nicht nur Kunst sind \u2013 sie leben. Und wer einmal hineingezogen wird, findet kaum einen Weg zur\u00fcck.<\/p>\n<p data-start=\"524\" data-end=\"616\">Ein unheimliches, visuell packendes H\u00f6rspiel, in dem Fantasie zur t\u00f6dlichen Realit\u00e4t wird!<\/p>\n<hr data-start=\"618\" data-end=\"623\" \/>\n<p data-start=\"625\" data-end=\"755\">\ud83d\udcb3 <strong data-start=\"628\" data-end=\"647\">Nach Bezahlung:<\/strong><br data-start=\"647\" data-end=\"650\" \/>\ud83d\udcbb Sofortiger Download f\u00fcr PC<br data-start=\"679\" data-end=\"682\" \/>\ud83d\udcf1 Sofortiger Download f\u00fcrs Handy<br data-start=\"715\" data-end=\"718\" \/>\ud83d\udda5\ufe0f Sofortiger Download f\u00fcrs Tablet<\/p>\n<p data-start=\"757\" data-end=\"800\" data-is-last-node=\"\" data-is-only-node=\"\">\ud83d\udca5 <strong data-start=\"760\" data-end=\"797\">Einmal gekauft \u2013 f\u00fcr immer deins!<\/strong> \ud83d\udca5<\/p>\n<\/div>\n<\/div>\n<\/div>\n<\/div>\n<\/div>\n<\/div>\n<\/article>\n","protected":false},"excerpt":{"rendered":"<p>\ud83c\udfa7 H\u00f6rspiel: John Sinclair \u2013 Albtraum-Comic \ud83c\udfa7 \ud83e\ude78\ud83d\udcd6 Wenn ein Comic zum Tor in den Albtraum wird\u2026Ein geheimnisvoller Comic taucht auf \u2013 gezeichnet mit erschreckender Detailtreue, blutig, verst\u00f6rend und voller Szenen, die unm\u00f6glich real sein k\u00f6nnen\u2026 oder doch?Als mehrere Menschen beim Lesen des Comics in den Wahnsinn getrieben werden, \u00fcbernimmt John Sinclair den Fall. Bald [&hellip;]<\/p>\n","protected":false},"featured_media":1347,"comment_status":"open","ping_status":"closed","template":"","meta":[],"product_brand":[],"product_cat":[31],"product_tag":[],"class_list":{"0":"post-1346","1":"product","2":"type-product","3":"status-publish","4":"has-post-thumbnail","6":"product_cat-john-sinclair","8":"first","9":"instock","10":"sale","11":"virtual","12":"purchasable","13":"product-type-simple"},"jetpack_sharing_enabled":true,"_links":{"self":[{"href":"https:\/\/audiobook-24.com\/en\/wp-json\/wp\/v2\/product\/1346","targetHints":{"allow":["GET"]}}],"collection":[{"href":"https:\/\/audiobook-24.com\/en\/wp-json\/wp\/v2\/product"}],"about":[{"href":"https:\/\/audiobook-24.com\/en\/wp-json\/wp\/v2\/types\/product"}],"replies":[{"embeddable":true,"href":"https:\/\/audiobook-24.com\/en\/wp-json\/wp\/v2\/comments?post=1346"}],"wp:featuredmedia":[{"embeddable":true,"href":"https:\/\/audiobook-24.com\/en\/wp-json\/wp\/v2\/media\/1347"}],"wp:attachment":[{"href":"https:\/\/audiobook-24.com\/en\/wp-json\/wp\/v2\/media?parent=1346"}],"wp:term":[{"taxonomy":"product_brand","embeddable":true,"href":"https:\/\/audiobook-24.com\/en\/wp-json\/wp\/v2\/product_brand?post=1346"},{"taxonomy":"product_cat","embeddable":true,"href":"https:\/\/audiobook-24.com\/en\/wp-json\/wp\/v2\/product_cat?post=1346"},{"taxonomy":"product_tag","embeddable":true,"href":"https:\/\/audiobook-24.com\/en\/wp-json\/wp\/v2\/product_tag?post=1346"}],"curies":[{"name":"wp","href":"https:\/\/api.w.org\/{rel}","templated":true}]}}