{"id":1344,"date":"2025-11-23T20:28:35","date_gmt":"2025-11-23T20:28:35","guid":{"rendered":"https:\/\/audiobook-24.com\/?post_type=product&#038;p=1344"},"modified":"2025-11-23T20:28:35","modified_gmt":"2025-11-23T20:28:35","slug":"%f0%9f%8e%a7-hoerspiel-john-sinclair-35-der-voodoo-moerder-%f0%9f%8e%a7","status":"publish","type":"product","link":"https:\/\/audiobook-24.com\/en\/product\/%f0%9f%8e%a7-hoerspiel-john-sinclair-35-der-voodoo-moerder-%f0%9f%8e%a7\/","title":{"rendered":"\ud83c\udfa7 H\u00f6rspiel: John Sinclair 35 \u2013 Der Voodoo-M\u00f6rder \ud83c\udfa7"},"content":{"rendered":"<p data-start=\"0\" data-end=\"60\">\ud83c\udfa7 <strong data-start=\"3\" data-end=\"55\">H\u00f6rspiel: John Sinclair 35 \u2013 <em data-start=\"34\" data-end=\"53\">Der Voodoo-M\u00f6rder<\/em><\/strong> \ud83c\udfa7<\/p>\n<p data-start=\"62\" data-end=\"325\">\ud83e\udeac\ud83d\udc80 <strong data-start=\"67\" data-end=\"136\">Schwarze Magie \u2013 ein Killer, der aus dem Schattenreich zuschl\u00e4gt\u2026<\/strong><br data-start=\"136\" data-end=\"139\" \/>Ein grausamer Mord ersch\u00fcttert London: Das Opfer weist merkw\u00fcrdige Zeichen auf, die eindeutig aus dem Bereich des Voodoo stammen. Doch wer beherrscht diese dunklen Rituale \u2013 und warum?<\/p>\n<p data-start=\"327\" data-end=\"638\">John Sinclair taucht tief ein in eine Welt aus Fl\u00fcchen, Blutopfern und verborgenen Feinden. Jede Spur f\u00fchrt ihn n\u00e4her an einen T\u00e4ter, der im Verborgenen agiert und dessen Macht weit \u00fcber menschliches Verst\u00e4ndnis hinausgeht. Schon bald erkennt John: Der Voodoo-M\u00f6rder hat sein n\u00e4chstes Opfer l\u00e4ngst ausgew\u00e4hlt\u2026<\/p>\n<p data-start=\"640\" data-end=\"725\">Ein mystischer, d\u00fcsterer und extrem spannender Fall voller unheilvoller Atmosph\u00e4re!<\/p>\n<hr data-start=\"727\" data-end=\"732\" \/>\n<p data-start=\"734\" data-end=\"864\">\ud83d\udcb3 <strong data-start=\"737\" data-end=\"756\">Nach Bezahlung:<\/strong><br data-start=\"756\" data-end=\"759\" \/>\ud83d\udcbb Sofortiger Download f\u00fcr PC<br data-start=\"788\" data-end=\"791\" \/>\ud83d\udcf1 Sofortiger Download f\u00fcrs Handy<br data-start=\"824\" data-end=\"827\" \/>\ud83d\udda5\ufe0f Sofortiger Download f\u00fcrs Tablet<\/p>\n<p data-start=\"866\" data-end=\"909\" data-is-last-node=\"\" data-is-only-node=\"\">\ud83d\udca5 <strong data-start=\"869\" data-end=\"906\">Einmal gekauft \u2013 f\u00fcr immer deins!<\/strong> \ud83d\udca5<\/p>","protected":false},"excerpt":{"rendered":"<p>\ud83c\udfa7 H\u00f6rspiel: John Sinclair 35 \u2013 Der Voodoo-M\u00f6rder \ud83c\udfa7 \ud83e\udeac\ud83d\udc80 Schwarze Magie \u2013 ein Killer, der aus dem Schattenreich zuschl\u00e4gt\u2026Ein grausamer Mord ersch\u00fcttert London: Das Opfer weist merkw\u00fcrdige Zeichen auf, die eindeutig aus dem Bereich des Voodoo stammen. Doch wer beherrscht diese dunklen Rituale \u2013 und warum? John Sinclair taucht tief ein in eine Welt [&hellip;]<\/p>\n","protected":false},"featured_media":1345,"comment_status":"open","ping_status":"closed","template":"","meta":[],"product_brand":[],"product_cat":[31],"product_tag":[],"class_list":{"0":"post-1344","1":"product","2":"type-product","3":"status-publish","4":"has-post-thumbnail","6":"product_cat-john-sinclair","8":"first","9":"instock","10":"sale","11":"virtual","12":"purchasable","13":"product-type-simple"},"jetpack_sharing_enabled":true,"_links":{"self":[{"href":"https:\/\/audiobook-24.com\/en\/wp-json\/wp\/v2\/product\/1344","targetHints":{"allow":["GET"]}}],"collection":[{"href":"https:\/\/audiobook-24.com\/en\/wp-json\/wp\/v2\/product"}],"about":[{"href":"https:\/\/audiobook-24.com\/en\/wp-json\/wp\/v2\/types\/product"}],"replies":[{"embeddable":true,"href":"https:\/\/audiobook-24.com\/en\/wp-json\/wp\/v2\/comments?post=1344"}],"wp:featuredmedia":[{"embeddable":true,"href":"https:\/\/audiobook-24.com\/en\/wp-json\/wp\/v2\/media\/1345"}],"wp:attachment":[{"href":"https:\/\/audiobook-24.com\/en\/wp-json\/wp\/v2\/media?parent=1344"}],"wp:term":[{"taxonomy":"product_brand","embeddable":true,"href":"https:\/\/audiobook-24.com\/en\/wp-json\/wp\/v2\/product_brand?post=1344"},{"taxonomy":"product_cat","embeddable":true,"href":"https:\/\/audiobook-24.com\/en\/wp-json\/wp\/v2\/product_cat?post=1344"},{"taxonomy":"product_tag","embeddable":true,"href":"https:\/\/audiobook-24.com\/en\/wp-json\/wp\/v2\/product_tag?post=1344"}],"curies":[{"name":"wp","href":"https:\/\/api.w.org\/{rel}","templated":true}]}}